{"id":7176,"date":"2024-10-19T11:42:39","date_gmt":"2024-10-19T08:42:39","guid":{"rendered":"https:\/\/sarptoys.com\/?post_type=product&#038;p=7176"},"modified":"2024-10-19T11:43:28","modified_gmt":"2024-10-19T08:43:28","slug":"mavi-canavar-yatak","status":"publish","type":"product","link":"https:\/\/sarptoys.com\/tr\/urun\/mavi-canavar-yatak\/","title":{"rendered":"Mavi Canavar Yatak"},"content":{"rendered":"","protected":false},"excerpt":{"rendered":"<p>Evcil dostlar\u0131n\u0131z\u0131n rahatl\u0131\u011f\u0131n\u0131 \u00f6n planda tutan bu \u015firin yatakla, onlara keyifli dinlenme saatleri ya\u015fat\u0131n!<br \/>\n&#8211; Farkl\u0131 ve canl\u0131 desenler, yataklar\u0131n\u0131za \u015f\u0131kl\u0131k katarken evcil dostlar\u0131n\u0131z\u0131n ilgisini \u00e7eker.<br \/>\n&#8211; Konforlu bir dinlenme alan\u0131 sunan yumu\u015fak pelus, kedilerinizin ve k\u00f6peklerinizin rahat\u00e7a uyumas\u0131n\u0131 sa\u011flar.<br \/>\n&#8211; Her boyuttaki evcil hayvana uygun iki farkl\u0131 boy se\u00e7ene\u011fi ile, t\u00fcm dostlar\u0131n\u0131z i\u00e7in ideal bir uyku alan\u0131 olu\u015fturur.<\/p>\n","protected":false},"featured_media":7177,"comment_status":"closed","ping_status":"closed","template":"","meta":{"site-sidebar-layout":"default","site-content-layout":"","ast-site-content-layout":"default","site-content-style":"default","site-sidebar-style":"default","ast-global-header-display":"","ast-banner-title-visibility":"","ast-main-header-display":"","ast-hfb-above-header-display":"","ast-hfb-below-header-display":"","ast-hfb-mobile-header-display":"","site-post-title":"","ast-breadcrumbs-content":"","ast-featured-img":"","footer-sml-layout":"","theme-transparent-header-meta":"default","adv-header-id-meta":"","stick-header-meta":"","header-above-stick-meta":"","header-main-stick-meta":"","header-below-stick-meta":"","astra-migrate-meta-layouts":"set","ast-page-background-enabled":"default","ast-page-background-meta":{"desktop":{"background-color":"var(--ast-global-color-4)","background-image":"","background-repeat":"repeat","background-position":"center center","background-size":"auto","background-attachment":"scroll","background-type":"","background-media":"","overlay-type":"","overlay-color":"","overlay-opacity":"","overlay-gradient":""},"tablet":{"background-color":"","background-image":"","background-repeat":"repeat","background-position":"center center","background-size":"auto","background-attachment":"scroll","background-type":"","background-media":"","overlay-type":"","overlay-color":"","overlay-opacity":"","overlay-gradient":""},"mobile":{"background-color":"","background-image":"","background-repeat":"repeat","background-position":"center center","background-size":"auto","background-attachment":"scroll","background-type":"","background-media":"","overlay-type":"","overlay-color":"","overlay-opacity":"","overlay-gradient":""}},"ast-content-background-meta":{"desktop":{"background-color":"var(--ast-global-color-5)","background-image":"","background-repeat":"repeat","background-position":"center center","background-size":"auto","background-attachment":"scroll","background-type":"","background-media":"","overlay-type":"","overlay-color":"","overlay-opacity":"","overlay-gradient":""},"tablet":{"background-color":"var(--ast-global-color-5)","background-image":"","background-repeat":"repeat","background-position":"center center","background-size":"auto","background-attachment":"scroll","background-type":"","background-media":"","overlay-type":"","overlay-color":"","overlay-opacity":"","overlay-gradient":""},"mobile":{"background-color":"var(--ast-global-color-5)","background-image":"","background-repeat":"repeat","background-position":"center center","background-size":"auto","background-attachment":"scroll","background-type":"","background-media":"","overlay-type":"","overlay-color":"","overlay-opacity":"","overlay-gradient":""}}},"pwb-brand":[174,171],"product_brand":[],"product_cat":[186,184,185],"product_tag":[],"class_list":{"0":"post-7176","1":"product","2":"type-product","3":"status-publish","4":"has-post-thumbnail","6":"pwb-brand-hand-wash-elde-yikanabilir","7":"pwb-brand-makinede-yikanabilir","8":"product_cat-pelus-yatak","9":"product_cat-pookie","10":"product_cat-uyku-dinlenme","11":"desktop-align-left","12":"tablet-align-left","13":"mobile-align-left","15":"first","16":"instock","17":"virtual","18":"taxable","19":"product-type-simple"},"yoast_head":"<!-- This site is optimized with the Yoast SEO plugin v26.8 - https:\/\/yoast.com\/product\/yoast-seo-wordpress\/ -->\n<title>Mavi Canavar Yatak -<\/title>\n<meta name=\"robots\" content=\"index, follow, max-snippet:-1, max-image-preview:large, max-video-preview:-1\" \/>\n<link rel=\"canonical\" href=\"https:\/\/sarptoys.com\/tr\/urun\/mavi-canavar-yatak\/\" \/>\n<meta property=\"og:locale\" content=\"tr_TR\" \/>\n<meta property=\"og:type\" content=\"article\" \/>\n<meta property=\"og:title\" content=\"Mavi Canavar Yatak -\" \/>\n<meta property=\"og:description\" content=\"Evcil dostlar\u0131n\u0131z\u0131n rahatl\u0131\u011f\u0131n\u0131 \u00f6n planda tutan bu \u015firin yatakla, onlara keyifli dinlenme saatleri ya\u015fat\u0131n! - Farkl\u0131 ve canl\u0131 desenler, yataklar\u0131n\u0131za \u015f\u0131kl\u0131k katarken evcil dostlar\u0131n\u0131z\u0131n ilgisini \u00e7eker. - Konforlu bir dinlenme alan\u0131 sunan yumu\u015fak pelus, kedilerinizin ve k\u00f6peklerinizin rahat\u00e7a uyumas\u0131n\u0131 sa\u011flar. - Her boyuttaki evcil hayvana uygun iki farkl\u0131 boy se\u00e7ene\u011fi ile, t\u00fcm dostlar\u0131n\u0131z i\u00e7in ideal bir uyku alan\u0131 olu\u015fturur.\" \/>\n<meta property=\"og:url\" content=\"https:\/\/sarptoys.com\/tr\/urun\/mavi-canavar-yatak\/\" \/>\n<meta property=\"article:modified_time\" content=\"2024-10-19T08:43:28+00:00\" \/>\n<meta property=\"og:image\" content=\"https:\/\/sarptoys.com\/wp-content\/uploads\/2024\/10\/IMG_0969-kopya-1024x1024.png\" \/>\n\t<meta property=\"og:image:width\" content=\"1024\" \/>\n\t<meta property=\"og:image:height\" content=\"1024\" \/>\n\t<meta property=\"og:image:type\" content=\"image\/png\" \/>\n<meta name=\"twitter:card\" content=\"summary_large_image\" \/>\n<meta name=\"twitter:label1\" content=\"Tahmini okuma s\u00fcresi\" \/>\n\t<meta name=\"twitter:data1\" content=\"1 dakika\" \/>\n<script type=\"application\/ld+json\" class=\"yoast-schema-graph\">{\"@context\":\"https:\/\/schema.org\",\"@graph\":[{\"@type\":\"WebPage\",\"@id\":\"https:\/\/sarptoys.com\/urun\/mavi-canavar-yatak\/\",\"url\":\"https:\/\/sarptoys.com\/urun\/mavi-canavar-yatak\/\",\"name\":\"Mavi Canavar Yatak -\",\"isPartOf\":{\"@id\":\"https:\/\/sarptoys.com\/tr\/#website\"},\"primaryImageOfPage\":{\"@id\":\"https:\/\/sarptoys.com\/urun\/mavi-canavar-yatak\/#primaryimage\"},\"image\":{\"@id\":\"https:\/\/sarptoys.com\/urun\/mavi-canavar-yatak\/#primaryimage\"},\"thumbnailUrl\":\"https:\/\/sarptoys.com\/wp-content\/uploads\/2024\/10\/IMG_0969-kopya.png\",\"datePublished\":\"2024-10-19T08:42:39+00:00\",\"dateModified\":\"2024-10-19T08:43:28+00:00\",\"breadcrumb\":{\"@id\":\"https:\/\/sarptoys.com\/urun\/mavi-canavar-yatak\/#breadcrumb\"},\"inLanguage\":\"tr\",\"potentialAction\":[{\"@type\":\"ReadAction\",\"target\":[\"https:\/\/sarptoys.com\/urun\/mavi-canavar-yatak\/\"]}]},{\"@type\":\"ImageObject\",\"inLanguage\":\"tr\",\"@id\":\"https:\/\/sarptoys.com\/urun\/mavi-canavar-yatak\/#primaryimage\",\"url\":\"https:\/\/sarptoys.com\/wp-content\/uploads\/2024\/10\/IMG_0969-kopya.png\",\"contentUrl\":\"https:\/\/sarptoys.com\/wp-content\/uploads\/2024\/10\/IMG_0969-kopya.png\",\"width\":1200,\"height\":1200},{\"@type\":\"BreadcrumbList\",\"@id\":\"https:\/\/sarptoys.com\/urun\/mavi-canavar-yatak\/#breadcrumb\",\"itemListElement\":[{\"@type\":\"ListItem\",\"position\":1,\"name\":\"Anasayfa\",\"item\":\"https:\/\/sarptoys.com\/\"},{\"@type\":\"ListItem\",\"position\":2,\"name\":\"Ma\u011faza\",\"item\":\"https:\/\/sarptoys.com\/magaza-2\/\"},{\"@type\":\"ListItem\",\"position\":3,\"name\":\"Mavi Canavar Yatak\"}]},{\"@type\":\"WebSite\",\"@id\":\"https:\/\/sarptoys.com\/tr\/#website\",\"url\":\"https:\/\/sarptoys.com\/tr\/\",\"name\":\"Sarp Toys\",\"description\":\"\",\"publisher\":{\"@id\":\"https:\/\/sarptoys.com\/tr\/#organization\"},\"potentialAction\":[{\"@type\":\"SearchAction\",\"target\":{\"@type\":\"EntryPoint\",\"urlTemplate\":\"https:\/\/sarptoys.com\/tr\/?s={search_term_string}\"},\"query-input\":{\"@type\":\"PropertyValueSpecification\",\"valueRequired\":true,\"valueName\":\"search_term_string\"}}],\"inLanguage\":\"tr\"},{\"@type\":\"Organization\",\"@id\":\"https:\/\/sarptoys.com\/tr\/#organization\",\"name\":\"Sarp Toys\",\"url\":\"https:\/\/sarptoys.com\/tr\/\",\"logo\":{\"@type\":\"ImageObject\",\"inLanguage\":\"tr\",\"@id\":\"https:\/\/sarptoys.com\/tr\/#\/schema\/logo\/image\/\",\"url\":\"https:\/\/sarptoys.com\/wp-content\/uploads\/2024\/07\/cropped-Artboard-4.png\",\"contentUrl\":\"https:\/\/sarptoys.com\/wp-content\/uploads\/2024\/07\/cropped-Artboard-4.png\",\"width\":3461,\"height\":1062,\"caption\":\"Sarp Toys\"},\"image\":{\"@id\":\"https:\/\/sarptoys.com\/tr\/#\/schema\/logo\/image\/\"}}]}<\/script>\n<!-- \/ Yoast SEO plugin. -->","yoast_head_json":{"title":"Mavi Canavar Yatak -","robots":{"index":"index","follow":"follow","max-snippet":"max-snippet:-1","max-image-preview":"max-image-preview:large","max-video-preview":"max-video-preview:-1"},"canonical":"https:\/\/sarptoys.com\/tr\/urun\/mavi-canavar-yatak\/","og_locale":"tr_TR","og_type":"article","og_title":"Mavi Canavar Yatak -","og_description":"Evcil dostlar\u0131n\u0131z\u0131n rahatl\u0131\u011f\u0131n\u0131 \u00f6n planda tutan bu \u015firin yatakla, onlara keyifli dinlenme saatleri ya\u015fat\u0131n! - Farkl\u0131 ve canl\u0131 desenler, yataklar\u0131n\u0131za \u015f\u0131kl\u0131k katarken evcil dostlar\u0131n\u0131z\u0131n ilgisini \u00e7eker. - Konforlu bir dinlenme alan\u0131 sunan yumu\u015fak pelus, kedilerinizin ve k\u00f6peklerinizin rahat\u00e7a uyumas\u0131n\u0131 sa\u011flar. - Her boyuttaki evcil hayvana uygun iki farkl\u0131 boy se\u00e7ene\u011fi ile, t\u00fcm dostlar\u0131n\u0131z i\u00e7in ideal bir uyku alan\u0131 olu\u015fturur.","og_url":"https:\/\/sarptoys.com\/tr\/urun\/mavi-canavar-yatak\/","article_modified_time":"2024-10-19T08:43:28+00:00","og_image":[{"width":1024,"height":1024,"url":"https:\/\/sarptoys.com\/wp-content\/uploads\/2024\/10\/IMG_0969-kopya-1024x1024.png","type":"image\/png"}],"twitter_card":"summary_large_image","twitter_misc":{"Tahmini okuma s\u00fcresi":"1 dakika"},"schema":{"@context":"https:\/\/schema.org","@graph":[{"@type":"WebPage","@id":"https:\/\/sarptoys.com\/urun\/mavi-canavar-yatak\/","url":"https:\/\/sarptoys.com\/urun\/mavi-canavar-yatak\/","name":"Mavi Canavar Yatak -","isPartOf":{"@id":"https:\/\/sarptoys.com\/tr\/#website"},"primaryImageOfPage":{"@id":"https:\/\/sarptoys.com\/urun\/mavi-canavar-yatak\/#primaryimage"},"image":{"@id":"https:\/\/sarptoys.com\/urun\/mavi-canavar-yatak\/#primaryimage"},"thumbnailUrl":"https:\/\/sarptoys.com\/wp-content\/uploads\/2024\/10\/IMG_0969-kopya.png","datePublished":"2024-10-19T08:42:39+00:00","dateModified":"2024-10-19T08:43:28+00:00","breadcrumb":{"@id":"https:\/\/sarptoys.com\/urun\/mavi-canavar-yatak\/#breadcrumb"},"inLanguage":"tr","potentialAction":[{"@type":"ReadAction","target":["https:\/\/sarptoys.com\/urun\/mavi-canavar-yatak\/"]}]},{"@type":"ImageObject","inLanguage":"tr","@id":"https:\/\/sarptoys.com\/urun\/mavi-canavar-yatak\/#primaryimage","url":"https:\/\/sarptoys.com\/wp-content\/uploads\/2024\/10\/IMG_0969-kopya.png","contentUrl":"https:\/\/sarptoys.com\/wp-content\/uploads\/2024\/10\/IMG_0969-kopya.png","width":1200,"height":1200},{"@type":"BreadcrumbList","@id":"https:\/\/sarptoys.com\/urun\/mavi-canavar-yatak\/#breadcrumb","itemListElement":[{"@type":"ListItem","position":1,"name":"Anasayfa","item":"https:\/\/sarptoys.com\/"},{"@type":"ListItem","position":2,"name":"Ma\u011faza","item":"https:\/\/sarptoys.com\/magaza-2\/"},{"@type":"ListItem","position":3,"name":"Mavi Canavar Yatak"}]},{"@type":"WebSite","@id":"https:\/\/sarptoys.com\/tr\/#website","url":"https:\/\/sarptoys.com\/tr\/","name":"Sarp Toys","description":"","publisher":{"@id":"https:\/\/sarptoys.com\/tr\/#organization"},"potentialAction":[{"@type":"SearchAction","target":{"@type":"EntryPoint","urlTemplate":"https:\/\/sarptoys.com\/tr\/?s={search_term_string}"},"query-input":{"@type":"PropertyValueSpecification","valueRequired":true,"valueName":"search_term_string"}}],"inLanguage":"tr"},{"@type":"Organization","@id":"https:\/\/sarptoys.com\/tr\/#organization","name":"Sarp Toys","url":"https:\/\/sarptoys.com\/tr\/","logo":{"@type":"ImageObject","inLanguage":"tr","@id":"https:\/\/sarptoys.com\/tr\/#\/schema\/logo\/image\/","url":"https:\/\/sarptoys.com\/wp-content\/uploads\/2024\/07\/cropped-Artboard-4.png","contentUrl":"https:\/\/sarptoys.com\/wp-content\/uploads\/2024\/07\/cropped-Artboard-4.png","width":3461,"height":1062,"caption":"Sarp Toys"},"image":{"@id":"https:\/\/sarptoys.com\/tr\/#\/schema\/logo\/image\/"}}]}},"brands":[{"id":174,"name":"Hand wash - Elde y\u0131kanabilir","slug":"hand-wash-elde-yikanabilir"},{"id":171,"name":"Machine wash - Makinede Y\u0131kanabilir","slug":"makinede-yikanabilir"}],"_links":{"self":[{"href":"https:\/\/sarptoys.com\/tr\/wp-json\/wp\/v2\/product\/7176","targetHints":{"allow":["GET"]}}],"collection":[{"href":"https:\/\/sarptoys.com\/tr\/wp-json\/wp\/v2\/product"}],"about":[{"href":"https:\/\/sarptoys.com\/tr\/wp-json\/wp\/v2\/types\/product"}],"replies":[{"embeddable":true,"href":"https:\/\/sarptoys.com\/tr\/wp-json\/wp\/v2\/comments?post=7176"}],"version-history":[{"count":0,"href":"https:\/\/sarptoys.com\/tr\/wp-json\/wp\/v2\/product\/7176\/revisions"}],"wp:featuredmedia":[{"embeddable":true,"href":"https:\/\/sarptoys.com\/tr\/wp-json\/wp\/v2\/media\/7177"}],"wp:attachment":[{"href":"https:\/\/sarptoys.com\/tr\/wp-json\/wp\/v2\/media?parent=7176"}],"wp:term":[{"taxonomy":"pwb-brand","embeddable":true,"href":"https:\/\/sarptoys.com\/tr\/wp-json\/wp\/v2\/pwb-brand?post=7176"},{"taxonomy":"product_brand","embeddable":true,"href":"https:\/\/sarptoys.com\/tr\/wp-json\/wp\/v2\/product_brand?post=7176"},{"taxonomy":"product_cat","embeddable":true,"href":"https:\/\/sarptoys.com\/tr\/wp-json\/wp\/v2\/product_cat?post=7176"},{"taxonomy":"product_tag","embeddable":true,"href":"https:\/\/sarptoys.com\/tr\/wp-json\/wp\/v2\/product_tag?post=7176"}],"curies":[{"name":"wp","href":"https:\/\/api.w.org\/{rel}","templated":true}]}}