{"id":7122,"date":"2024-10-19T09:42:07","date_gmt":"2024-10-19T06:42:07","guid":{"rendered":"https:\/\/sarptoys.com\/?post_type=product&#038;p=7122"},"modified":"2024-10-19T09:45:09","modified_gmt":"2024-10-19T06:45:09","slug":"balik-kurulama-havlusu","status":"publish","type":"product","link":"https:\/\/sarptoys.com\/tr\/urun\/balik-kurulama-havlusu\/","title":{"rendered":"Bal\u0131k Kurulama Havlusu"},"content":{"rendered":"","protected":false},"excerpt":{"rendered":"<p>Sevimli dostlar\u0131n\u0131z\u0131n patilerini h\u0131zl\u0131 ve kolay bir \u015fekilde kurutmak i\u00e7in tasarlanm\u0131\u015f bu renkli havlu, hem pratik hem de e\u011flenceli!<br \/>\n&#8211; Y\u00fcksek emicilik \u00f6zelli\u011fine sahip yumu\u015fak kuma\u015f\u0131, patilerin h\u0131zla kurumas\u0131n\u0131 sa\u011flar. Bu sayede, \u0131slak havalarda veya banyo sonras\u0131 zahmetsizce temizlik yapabilirsiniz.<br \/>\n&#8211; Hayvan fig\u00fcrleriyle s\u00fcslenmi\u015f renkli tasar\u0131m\u0131, hem sizin hem de evcil dostlar\u0131n\u0131z\u0131n ilgisini \u00e7eker.<br \/>\n&#8211; Pratik yap\u0131s\u0131 sayesinde, havluyu h\u0131zl\u0131ca kullanabilir ve rahat\u00e7a y\u0131kayabilirsiniz. Hafif ve ta\u015f\u0131nabilir olmas\u0131, evde veya d\u0131\u015far\u0131da kolayca yan\u0131n\u0131za alman\u0131za olanak tan\u0131r.<br \/>\nKedinizin veya k\u00f6pe\u011finizin patilerini e\u011flenceli bir \u015fekilde kurutmak i\u00e7in m\u00fckemmel bir se\u00e7enek! Bu sevimli havlu ile temizlik saatlerinizi daha keyifli hale getirin!<\/p>\n","protected":false},"featured_media":7125,"comment_status":"closed","ping_status":"closed","template":"","meta":{"site-sidebar-layout":"default","site-content-layout":"","ast-site-content-layout":"default","site-content-style":"default","site-sidebar-style":"default","ast-global-header-display":"","ast-banner-title-visibility":"","ast-main-header-display":"","ast-hfb-above-header-display":"","ast-hfb-below-header-display":"","ast-hfb-mobile-header-display":"","site-post-title":"","ast-breadcrumbs-content":"","ast-featured-img":"","footer-sml-layout":"","theme-transparent-header-meta":"default","adv-header-id-meta":"","stick-header-meta":"","header-above-stick-meta":"","header-main-stick-meta":"","header-below-stick-meta":"","astra-migrate-meta-layouts":"set","ast-page-background-enabled":"default","ast-page-background-meta":{"desktop":{"background-color":"var(--ast-global-color-4)","background-image":"","background-repeat":"repeat","background-position":"center center","background-size":"auto","background-attachment":"scroll","background-type":"","background-media":"","overlay-type":"","overlay-color":"","overlay-opacity":"","overlay-gradient":""},"tablet":{"background-color":"","background-image":"","background-repeat":"repeat","background-position":"center center","background-size":"auto","background-attachment":"scroll","background-type":"","background-media":"","overlay-type":"","overlay-color":"","overlay-opacity":"","overlay-gradient":""},"mobile":{"background-color":"","background-image":"","background-repeat":"repeat","background-position":"center center","background-size":"auto","background-attachment":"scroll","background-type":"","background-media":"","overlay-type":"","overlay-color":"","overlay-opacity":"","overlay-gradient":""}},"ast-content-background-meta":{"desktop":{"background-color":"var(--ast-global-color-5)","background-image":"","background-repeat":"repeat","background-position":"center center","background-size":"auto","background-attachment":"scroll","background-type":"","background-media":"","overlay-type":"","overlay-color":"","overlay-opacity":"","overlay-gradient":""},"tablet":{"background-color":"var(--ast-global-color-5)","background-image":"","background-repeat":"repeat","background-position":"center center","background-size":"auto","background-attachment":"scroll","background-type":"","background-media":"","overlay-type":"","overlay-color":"","overlay-opacity":"","overlay-gradient":""},"mobile":{"background-color":"var(--ast-global-color-5)","background-image":"","background-repeat":"repeat","background-position":"center center","background-size":"auto","background-attachment":"scroll","background-type":"","background-media":"","overlay-type":"","overlay-color":"","overlay-opacity":"","overlay-gradient":""}}},"pwb-brand":[],"product_brand":[],"product_cat":[192,184],"product_tag":[],"class_list":{"0":"post-7122","1":"product","2":"type-product","3":"status-publish","4":"has-post-thumbnail","6":"product_cat-kurulama-havlusu","7":"product_cat-pookie","8":"desktop-align-left","9":"tablet-align-left","10":"mobile-align-left","12":"first","13":"instock","14":"virtual","15":"taxable","16":"product-type-simple"},"yoast_head":"<!-- This site is optimized with the Yoast SEO plugin v26.8 - https:\/\/yoast.com\/product\/yoast-seo-wordpress\/ -->\n<title>Bal\u0131k Kurulama Havlusu -<\/title>\n<meta name=\"robots\" content=\"index, follow, max-snippet:-1, max-image-preview:large, max-video-preview:-1\" \/>\n<link rel=\"canonical\" href=\"https:\/\/sarptoys.com\/tr\/urun\/balik-kurulama-havlusu\/\" \/>\n<meta property=\"og:locale\" content=\"tr_TR\" \/>\n<meta property=\"og:type\" content=\"article\" \/>\n<meta property=\"og:title\" content=\"Bal\u0131k Kurulama Havlusu -\" \/>\n<meta property=\"og:description\" content=\"Sevimli dostlar\u0131n\u0131z\u0131n patilerini h\u0131zl\u0131 ve kolay bir \u015fekilde kurutmak i\u00e7in tasarlanm\u0131\u015f bu renkli havlu, hem pratik hem de e\u011flenceli! - Y\u00fcksek emicilik \u00f6zelli\u011fine sahip yumu\u015fak kuma\u015f\u0131, patilerin h\u0131zla kurumas\u0131n\u0131 sa\u011flar. Bu sayede, \u0131slak havalarda veya banyo sonras\u0131 zahmetsizce temizlik yapabilirsiniz. - Hayvan fig\u00fcrleriyle s\u00fcslenmi\u015f renkli tasar\u0131m\u0131, hem sizin hem de evcil dostlar\u0131n\u0131z\u0131n ilgisini \u00e7eker.  - Pratik yap\u0131s\u0131 sayesinde, havluyu h\u0131zl\u0131ca kullanabilir ve rahat\u00e7a y\u0131kayabilirsiniz. Hafif ve ta\u015f\u0131nabilir olmas\u0131, evde veya d\u0131\u015far\u0131da kolayca yan\u0131n\u0131za alman\u0131za olanak tan\u0131r. Kedinizin veya k\u00f6pe\u011finizin patilerini e\u011flenceli bir \u015fekilde kurutmak i\u00e7in m\u00fckemmel bir se\u00e7enek! Bu sevimli havlu ile temizlik saatlerinizi daha keyifli hale getirin!\" \/>\n<meta property=\"og:url\" content=\"https:\/\/sarptoys.com\/tr\/urun\/balik-kurulama-havlusu\/\" \/>\n<meta property=\"article:modified_time\" content=\"2024-10-19T06:45:09+00:00\" \/>\n<meta property=\"og:image\" content=\"https:\/\/sarptoys.com\/wp-content\/uploads\/2024\/10\/IMG_0905-kopya-2-1-1024x1024.png\" \/>\n\t<meta property=\"og:image:width\" content=\"1024\" \/>\n\t<meta property=\"og:image:height\" content=\"1024\" \/>\n\t<meta property=\"og:image:type\" content=\"image\/png\" \/>\n<meta name=\"twitter:card\" content=\"summary_large_image\" \/>\n<meta name=\"twitter:label1\" content=\"Tahmini okuma s\u00fcresi\" \/>\n\t<meta name=\"twitter:data1\" content=\"1 dakika\" \/>\n<script type=\"application\/ld+json\" class=\"yoast-schema-graph\">{\"@context\":\"https:\/\/schema.org\",\"@graph\":[{\"@type\":\"WebPage\",\"@id\":\"https:\/\/sarptoys.com\/urun\/balik-kurulama-havlusu\/\",\"url\":\"https:\/\/sarptoys.com\/urun\/balik-kurulama-havlusu\/\",\"name\":\"Bal\u0131k Kurulama Havlusu -\",\"isPartOf\":{\"@id\":\"https:\/\/sarptoys.com\/tr\/#website\"},\"primaryImageOfPage\":{\"@id\":\"https:\/\/sarptoys.com\/urun\/balik-kurulama-havlusu\/#primaryimage\"},\"image\":{\"@id\":\"https:\/\/sarptoys.com\/urun\/balik-kurulama-havlusu\/#primaryimage\"},\"thumbnailUrl\":\"https:\/\/sarptoys.com\/wp-content\/uploads\/2024\/10\/IMG_0905-kopya-2-1.png\",\"datePublished\":\"2024-10-19T06:42:07+00:00\",\"dateModified\":\"2024-10-19T06:45:09+00:00\",\"breadcrumb\":{\"@id\":\"https:\/\/sarptoys.com\/urun\/balik-kurulama-havlusu\/#breadcrumb\"},\"inLanguage\":\"tr\",\"potentialAction\":[{\"@type\":\"ReadAction\",\"target\":[\"https:\/\/sarptoys.com\/urun\/balik-kurulama-havlusu\/\"]}]},{\"@type\":\"ImageObject\",\"inLanguage\":\"tr\",\"@id\":\"https:\/\/sarptoys.com\/urun\/balik-kurulama-havlusu\/#primaryimage\",\"url\":\"https:\/\/sarptoys.com\/wp-content\/uploads\/2024\/10\/IMG_0905-kopya-2-1.png\",\"contentUrl\":\"https:\/\/sarptoys.com\/wp-content\/uploads\/2024\/10\/IMG_0905-kopya-2-1.png\",\"width\":1200,\"height\":1200},{\"@type\":\"BreadcrumbList\",\"@id\":\"https:\/\/sarptoys.com\/urun\/balik-kurulama-havlusu\/#breadcrumb\",\"itemListElement\":[{\"@type\":\"ListItem\",\"position\":1,\"name\":\"Anasayfa\",\"item\":\"https:\/\/sarptoys.com\/\"},{\"@type\":\"ListItem\",\"position\":2,\"name\":\"Ma\u011faza\",\"item\":\"https:\/\/sarptoys.com\/magaza-2\/\"},{\"@type\":\"ListItem\",\"position\":3,\"name\":\"Bal\u0131k Kurulama Havlusu\"}]},{\"@type\":\"WebSite\",\"@id\":\"https:\/\/sarptoys.com\/tr\/#website\",\"url\":\"https:\/\/sarptoys.com\/tr\/\",\"name\":\"Sarp Toys\",\"description\":\"\",\"publisher\":{\"@id\":\"https:\/\/sarptoys.com\/tr\/#organization\"},\"potentialAction\":[{\"@type\":\"SearchAction\",\"target\":{\"@type\":\"EntryPoint\",\"urlTemplate\":\"https:\/\/sarptoys.com\/tr\/?s={search_term_string}\"},\"query-input\":{\"@type\":\"PropertyValueSpecification\",\"valueRequired\":true,\"valueName\":\"search_term_string\"}}],\"inLanguage\":\"tr\"},{\"@type\":\"Organization\",\"@id\":\"https:\/\/sarptoys.com\/tr\/#organization\",\"name\":\"Sarp Toys\",\"url\":\"https:\/\/sarptoys.com\/tr\/\",\"logo\":{\"@type\":\"ImageObject\",\"inLanguage\":\"tr\",\"@id\":\"https:\/\/sarptoys.com\/tr\/#\/schema\/logo\/image\/\",\"url\":\"https:\/\/sarptoys.com\/wp-content\/uploads\/2024\/07\/cropped-Artboard-4.png\",\"contentUrl\":\"https:\/\/sarptoys.com\/wp-content\/uploads\/2024\/07\/cropped-Artboard-4.png\",\"width\":3461,\"height\":1062,\"caption\":\"Sarp Toys\"},\"image\":{\"@id\":\"https:\/\/sarptoys.com\/tr\/#\/schema\/logo\/image\/\"}}]}<\/script>\n<!-- \/ Yoast SEO plugin. -->","yoast_head_json":{"title":"Bal\u0131k Kurulama Havlusu -","robots":{"index":"index","follow":"follow","max-snippet":"max-snippet:-1","max-image-preview":"max-image-preview:large","max-video-preview":"max-video-preview:-1"},"canonical":"https:\/\/sarptoys.com\/tr\/urun\/balik-kurulama-havlusu\/","og_locale":"tr_TR","og_type":"article","og_title":"Bal\u0131k Kurulama Havlusu -","og_description":"Sevimli dostlar\u0131n\u0131z\u0131n patilerini h\u0131zl\u0131 ve kolay bir \u015fekilde kurutmak i\u00e7in tasarlanm\u0131\u015f bu renkli havlu, hem pratik hem de e\u011flenceli! - Y\u00fcksek emicilik \u00f6zelli\u011fine sahip yumu\u015fak kuma\u015f\u0131, patilerin h\u0131zla kurumas\u0131n\u0131 sa\u011flar. Bu sayede, \u0131slak havalarda veya banyo sonras\u0131 zahmetsizce temizlik yapabilirsiniz. - Hayvan fig\u00fcrleriyle s\u00fcslenmi\u015f renkli tasar\u0131m\u0131, hem sizin hem de evcil dostlar\u0131n\u0131z\u0131n ilgisini \u00e7eker.  - Pratik yap\u0131s\u0131 sayesinde, havluyu h\u0131zl\u0131ca kullanabilir ve rahat\u00e7a y\u0131kayabilirsiniz. Hafif ve ta\u015f\u0131nabilir olmas\u0131, evde veya d\u0131\u015far\u0131da kolayca yan\u0131n\u0131za alman\u0131za olanak tan\u0131r. Kedinizin veya k\u00f6pe\u011finizin patilerini e\u011flenceli bir \u015fekilde kurutmak i\u00e7in m\u00fckemmel bir se\u00e7enek! Bu sevimli havlu ile temizlik saatlerinizi daha keyifli hale getirin!","og_url":"https:\/\/sarptoys.com\/tr\/urun\/balik-kurulama-havlusu\/","article_modified_time":"2024-10-19T06:45:09+00:00","og_image":[{"width":1024,"height":1024,"url":"https:\/\/sarptoys.com\/wp-content\/uploads\/2024\/10\/IMG_0905-kopya-2-1-1024x1024.png","type":"image\/png"}],"twitter_card":"summary_large_image","twitter_misc":{"Tahmini okuma s\u00fcresi":"1 dakika"},"schema":{"@context":"https:\/\/schema.org","@graph":[{"@type":"WebPage","@id":"https:\/\/sarptoys.com\/urun\/balik-kurulama-havlusu\/","url":"https:\/\/sarptoys.com\/urun\/balik-kurulama-havlusu\/","name":"Bal\u0131k Kurulama Havlusu -","isPartOf":{"@id":"https:\/\/sarptoys.com\/tr\/#website"},"primaryImageOfPage":{"@id":"https:\/\/sarptoys.com\/urun\/balik-kurulama-havlusu\/#primaryimage"},"image":{"@id":"https:\/\/sarptoys.com\/urun\/balik-kurulama-havlusu\/#primaryimage"},"thumbnailUrl":"https:\/\/sarptoys.com\/wp-content\/uploads\/2024\/10\/IMG_0905-kopya-2-1.png","datePublished":"2024-10-19T06:42:07+00:00","dateModified":"2024-10-19T06:45:09+00:00","breadcrumb":{"@id":"https:\/\/sarptoys.com\/urun\/balik-kurulama-havlusu\/#breadcrumb"},"inLanguage":"tr","potentialAction":[{"@type":"ReadAction","target":["https:\/\/sarptoys.com\/urun\/balik-kurulama-havlusu\/"]}]},{"@type":"ImageObject","inLanguage":"tr","@id":"https:\/\/sarptoys.com\/urun\/balik-kurulama-havlusu\/#primaryimage","url":"https:\/\/sarptoys.com\/wp-content\/uploads\/2024\/10\/IMG_0905-kopya-2-1.png","contentUrl":"https:\/\/sarptoys.com\/wp-content\/uploads\/2024\/10\/IMG_0905-kopya-2-1.png","width":1200,"height":1200},{"@type":"BreadcrumbList","@id":"https:\/\/sarptoys.com\/urun\/balik-kurulama-havlusu\/#breadcrumb","itemListElement":[{"@type":"ListItem","position":1,"name":"Anasayfa","item":"https:\/\/sarptoys.com\/"},{"@type":"ListItem","position":2,"name":"Ma\u011faza","item":"https:\/\/sarptoys.com\/magaza-2\/"},{"@type":"ListItem","position":3,"name":"Bal\u0131k Kurulama Havlusu"}]},{"@type":"WebSite","@id":"https:\/\/sarptoys.com\/tr\/#website","url":"https:\/\/sarptoys.com\/tr\/","name":"Sarp Toys","description":"","publisher":{"@id":"https:\/\/sarptoys.com\/tr\/#organization"},"potentialAction":[{"@type":"SearchAction","target":{"@type":"EntryPoint","urlTemplate":"https:\/\/sarptoys.com\/tr\/?s={search_term_string}"},"query-input":{"@type":"PropertyValueSpecification","valueRequired":true,"valueName":"search_term_string"}}],"inLanguage":"tr"},{"@type":"Organization","@id":"https:\/\/sarptoys.com\/tr\/#organization","name":"Sarp Toys","url":"https:\/\/sarptoys.com\/tr\/","logo":{"@type":"ImageObject","inLanguage":"tr","@id":"https:\/\/sarptoys.com\/tr\/#\/schema\/logo\/image\/","url":"https:\/\/sarptoys.com\/wp-content\/uploads\/2024\/07\/cropped-Artboard-4.png","contentUrl":"https:\/\/sarptoys.com\/wp-content\/uploads\/2024\/07\/cropped-Artboard-4.png","width":3461,"height":1062,"caption":"Sarp Toys"},"image":{"@id":"https:\/\/sarptoys.com\/tr\/#\/schema\/logo\/image\/"}}]}},"brands":[],"_links":{"self":[{"href":"https:\/\/sarptoys.com\/tr\/wp-json\/wp\/v2\/product\/7122","targetHints":{"allow":["GET"]}}],"collection":[{"href":"https:\/\/sarptoys.com\/tr\/wp-json\/wp\/v2\/product"}],"about":[{"href":"https:\/\/sarptoys.com\/tr\/wp-json\/wp\/v2\/types\/product"}],"replies":[{"embeddable":true,"href":"https:\/\/sarptoys.com\/tr\/wp-json\/wp\/v2\/comments?post=7122"}],"version-history":[{"count":0,"href":"https:\/\/sarptoys.com\/tr\/wp-json\/wp\/v2\/product\/7122\/revisions"}],"wp:featuredmedia":[{"embeddable":true,"href":"https:\/\/sarptoys.com\/tr\/wp-json\/wp\/v2\/media\/7125"}],"wp:attachment":[{"href":"https:\/\/sarptoys.com\/tr\/wp-json\/wp\/v2\/media?parent=7122"}],"wp:term":[{"taxonomy":"pwb-brand","embeddable":true,"href":"https:\/\/sarptoys.com\/tr\/wp-json\/wp\/v2\/pwb-brand?post=7122"},{"taxonomy":"product_brand","embeddable":true,"href":"https:\/\/sarptoys.com\/tr\/wp-json\/wp\/v2\/product_brand?post=7122"},{"taxonomy":"product_cat","embeddable":true,"href":"https:\/\/sarptoys.com\/tr\/wp-json\/wp\/v2\/product_cat?post=7122"},{"taxonomy":"product_tag","embeddable":true,"href":"https:\/\/sarptoys.com\/tr\/wp-json\/wp\/v2\/product_tag?post=7122"}],"curies":[{"name":"wp","href":"https:\/\/api.w.org\/{rel}","templated":true}]}}