{"id":7070,"date":"2024-10-18T17:35:44","date_gmt":"2024-10-18T14:35:44","guid":{"rendered":"https:\/\/sarptoys.com\/?post_type=product&#038;p=7070"},"modified":"2024-10-18T17:37:14","modified_gmt":"2024-10-18T14:37:14","slug":"ziplayan-kurbaga","status":"publish","type":"product","link":"https:\/\/sarptoys.com\/tr\/urun\/ziplayan-kurbaga\/","title":{"rendered":"Z\u0131playan Kurba\u011fa"},"content":{"rendered":"","protected":false},"excerpt":{"rendered":"<p>Bu ne\u015feli k\u00f6pek oyunca\u011f\u0131, dostunuzun oyun saatlerini daha da keyifli hale getirmek i\u00e7in tasarland\u0131!<\/p>\n<p>&#8211; Yumu\u015fak malzemesi sayesinde k\u00f6pe\u011finizin di\u015fleri ve a\u011f\u0131z sa\u011fl\u0131\u011f\u0131 korunurken, g\u00fcvenli bir oyun deneyimi sunar.<br \/>\n&#8211; T\u00fcyl\u00fc kuyru\u011fu, onlara dokunma zevki katarken, oynamaktan keyif almalar\u0131n\u0131 sa\u011flar.<br \/>\n&#8211; Renkli bask\u0131lar\u0131, k\u00f6pe\u011finizin g\u00f6rsel alg\u0131s\u0131n\u0131 uyararak oyun s\u0131ras\u0131nda ilgisini \u00e7eker.<br \/>\n&#8211; Hafif yap\u0131s\u0131 sayesinde bu oyuncak, evde ya da d\u0131\u015far\u0131da her yerde kolayca ta\u015f\u0131nabilir. K\u00f6pe\u011finizin sosyal etkile\u015fimini art\u0131rarak, di\u011fer arkada\u015flar\u0131yla birlikte oynamas\u0131na olanak tan\u0131r.<\/p>\n<p>K\u00f6pe\u011finizin enerjisini atmas\u0131 ve e\u011flenceli anlar ya\u015famas\u0131 i\u00e7in m\u00fckemmel bir arkada\u015f!<\/p>\n","protected":false},"featured_media":7071,"comment_status":"closed","ping_status":"closed","template":"","meta":{"site-sidebar-layout":"default","site-content-layout":"","ast-site-content-layout":"default","site-content-style":"default","site-sidebar-style":"default","ast-global-header-display":"","ast-banner-title-visibility":"","ast-main-header-display":"","ast-hfb-above-header-display":"","ast-hfb-below-header-display":"","ast-hfb-mobile-header-display":"","site-post-title":"","ast-breadcrumbs-content":"","ast-featured-img":"","footer-sml-layout":"","theme-transparent-header-meta":"default","adv-header-id-meta":"","stick-header-meta":"","header-above-stick-meta":"","header-main-stick-meta":"","header-below-stick-meta":"","astra-migrate-meta-layouts":"set","ast-page-background-enabled":"default","ast-page-background-meta":{"desktop":{"background-color":"var(--ast-global-color-4)","background-image":"","background-repeat":"repeat","background-position":"center center","background-size":"auto","background-attachment":"scroll","background-type":"","background-media":"","overlay-type":"","overlay-color":"","overlay-opacity":"","overlay-gradient":""},"tablet":{"background-color":"","background-image":"","background-repeat":"repeat","background-position":"center center","background-size":"auto","background-attachment":"scroll","background-type":"","background-media":"","overlay-type":"","overlay-color":"","overlay-opacity":"","overlay-gradient":""},"mobile":{"background-color":"","background-image":"","background-repeat":"repeat","background-position":"center center","background-size":"auto","background-attachment":"scroll","background-type":"","background-media":"","overlay-type":"","overlay-color":"","overlay-opacity":"","overlay-gradient":""}},"ast-content-background-meta":{"desktop":{"background-color":"var(--ast-global-color-5)","background-image":"","background-repeat":"repeat","background-position":"center center","background-size":"auto","background-attachment":"scroll","background-type":"","background-media":"","overlay-type":"","overlay-color":"","overlay-opacity":"","overlay-gradient":""},"tablet":{"background-color":"var(--ast-global-color-5)","background-image":"","background-repeat":"repeat","background-position":"center center","background-size":"auto","background-attachment":"scroll","background-type":"","background-media":"","overlay-type":"","overlay-color":"","overlay-opacity":"","overlay-gradient":""},"mobile":{"background-color":"var(--ast-global-color-5)","background-image":"","background-repeat":"repeat","background-position":"center center","background-size":"auto","background-attachment":"scroll","background-type":"","background-media":"","overlay-type":"","overlay-color":"","overlay-opacity":"","overlay-gradient":""}}},"pwb-brand":[],"product_brand":[],"product_cat":[195,193,184],"product_tag":[],"class_list":{"0":"post-7070","1":"product","2":"type-product","3":"status-publish","4":"has-post-thumbnail","6":"product_cat-baskili-oyuncaklar","7":"product_cat-oyun-ve-eglence","8":"product_cat-pookie","9":"desktop-align-left","10":"tablet-align-left","11":"mobile-align-left","13":"first","14":"instock","15":"virtual","16":"taxable","17":"product-type-simple"},"yoast_head":"<!-- This site is optimized with the Yoast SEO plugin v26.8 - https:\/\/yoast.com\/product\/yoast-seo-wordpress\/ -->\n<title>Z\u0131playan Kurba\u011fa -<\/title>\n<meta name=\"robots\" content=\"index, follow, max-snippet:-1, max-image-preview:large, max-video-preview:-1\" \/>\n<link rel=\"canonical\" href=\"https:\/\/sarptoys.com\/tr\/urun\/ziplayan-kurbaga\/\" \/>\n<meta property=\"og:locale\" content=\"tr_TR\" \/>\n<meta property=\"og:type\" content=\"article\" \/>\n<meta property=\"og:title\" content=\"Z\u0131playan Kurba\u011fa -\" \/>\n<meta property=\"og:description\" content=\"Bu ne\u015feli k\u00f6pek oyunca\u011f\u0131, dostunuzun oyun saatlerini daha da keyifli hale getirmek i\u00e7in tasarland\u0131!  - Yumu\u015fak malzemesi sayesinde k\u00f6pe\u011finizin di\u015fleri ve a\u011f\u0131z sa\u011fl\u0131\u011f\u0131 korunurken, g\u00fcvenli bir oyun deneyimi sunar. - T\u00fcyl\u00fc kuyru\u011fu, onlara dokunma zevki katarken, oynamaktan keyif almalar\u0131n\u0131 sa\u011flar. - Renkli bask\u0131lar\u0131, k\u00f6pe\u011finizin g\u00f6rsel alg\u0131s\u0131n\u0131 uyararak oyun s\u0131ras\u0131nda ilgisini \u00e7eker.  - Hafif yap\u0131s\u0131 sayesinde bu oyuncak, evde ya da d\u0131\u015far\u0131da her yerde kolayca ta\u015f\u0131nabilir. K\u00f6pe\u011finizin sosyal etkile\u015fimini art\u0131rarak, di\u011fer arkada\u015flar\u0131yla birlikte oynamas\u0131na olanak tan\u0131r.  K\u00f6pe\u011finizin enerjisini atmas\u0131 ve e\u011flenceli anlar ya\u015famas\u0131 i\u00e7in m\u00fckemmel bir arkada\u015f!\" \/>\n<meta property=\"og:url\" content=\"https:\/\/sarptoys.com\/tr\/urun\/ziplayan-kurbaga\/\" \/>\n<meta property=\"article:modified_time\" content=\"2024-10-18T14:37:14+00:00\" \/>\n<meta property=\"og:image\" content=\"https:\/\/sarptoys.com\/wp-content\/uploads\/2024\/10\/IMG_0866-kopya-1024x1024.png\" \/>\n\t<meta property=\"og:image:width\" content=\"1024\" \/>\n\t<meta property=\"og:image:height\" content=\"1024\" \/>\n\t<meta property=\"og:image:type\" content=\"image\/png\" \/>\n<meta name=\"twitter:card\" content=\"summary_large_image\" \/>\n<meta name=\"twitter:label1\" content=\"Tahmini okuma s\u00fcresi\" \/>\n\t<meta name=\"twitter:data1\" content=\"1 dakika\" \/>\n<script type=\"application\/ld+json\" class=\"yoast-schema-graph\">{\"@context\":\"https:\/\/schema.org\",\"@graph\":[{\"@type\":\"WebPage\",\"@id\":\"https:\/\/sarptoys.com\/urun\/ziplayan-kurbaga\/\",\"url\":\"https:\/\/sarptoys.com\/urun\/ziplayan-kurbaga\/\",\"name\":\"Z\u0131playan Kurba\u011fa -\",\"isPartOf\":{\"@id\":\"https:\/\/sarptoys.com\/tr\/#website\"},\"primaryImageOfPage\":{\"@id\":\"https:\/\/sarptoys.com\/urun\/ziplayan-kurbaga\/#primaryimage\"},\"image\":{\"@id\":\"https:\/\/sarptoys.com\/urun\/ziplayan-kurbaga\/#primaryimage\"},\"thumbnailUrl\":\"https:\/\/sarptoys.com\/wp-content\/uploads\/2024\/10\/IMG_0866-kopya.png\",\"datePublished\":\"2024-10-18T14:35:44+00:00\",\"dateModified\":\"2024-10-18T14:37:14+00:00\",\"breadcrumb\":{\"@id\":\"https:\/\/sarptoys.com\/urun\/ziplayan-kurbaga\/#breadcrumb\"},\"inLanguage\":\"tr\",\"potentialAction\":[{\"@type\":\"ReadAction\",\"target\":[\"https:\/\/sarptoys.com\/urun\/ziplayan-kurbaga\/\"]}]},{\"@type\":\"ImageObject\",\"inLanguage\":\"tr\",\"@id\":\"https:\/\/sarptoys.com\/urun\/ziplayan-kurbaga\/#primaryimage\",\"url\":\"https:\/\/sarptoys.com\/wp-content\/uploads\/2024\/10\/IMG_0866-kopya.png\",\"contentUrl\":\"https:\/\/sarptoys.com\/wp-content\/uploads\/2024\/10\/IMG_0866-kopya.png\",\"width\":1200,\"height\":1200},{\"@type\":\"BreadcrumbList\",\"@id\":\"https:\/\/sarptoys.com\/urun\/ziplayan-kurbaga\/#breadcrumb\",\"itemListElement\":[{\"@type\":\"ListItem\",\"position\":1,\"name\":\"Anasayfa\",\"item\":\"https:\/\/sarptoys.com\/\"},{\"@type\":\"ListItem\",\"position\":2,\"name\":\"Ma\u011faza\",\"item\":\"https:\/\/sarptoys.com\/magaza-2\/\"},{\"@type\":\"ListItem\",\"position\":3,\"name\":\"Z\u0131playan Kurba\u011fa\"}]},{\"@type\":\"WebSite\",\"@id\":\"https:\/\/sarptoys.com\/tr\/#website\",\"url\":\"https:\/\/sarptoys.com\/tr\/\",\"name\":\"Sarp Toys\",\"description\":\"\",\"publisher\":{\"@id\":\"https:\/\/sarptoys.com\/tr\/#organization\"},\"potentialAction\":[{\"@type\":\"SearchAction\",\"target\":{\"@type\":\"EntryPoint\",\"urlTemplate\":\"https:\/\/sarptoys.com\/tr\/?s={search_term_string}\"},\"query-input\":{\"@type\":\"PropertyValueSpecification\",\"valueRequired\":true,\"valueName\":\"search_term_string\"}}],\"inLanguage\":\"tr\"},{\"@type\":\"Organization\",\"@id\":\"https:\/\/sarptoys.com\/tr\/#organization\",\"name\":\"Sarp Toys\",\"url\":\"https:\/\/sarptoys.com\/tr\/\",\"logo\":{\"@type\":\"ImageObject\",\"inLanguage\":\"tr\",\"@id\":\"https:\/\/sarptoys.com\/tr\/#\/schema\/logo\/image\/\",\"url\":\"https:\/\/sarptoys.com\/wp-content\/uploads\/2024\/07\/cropped-Artboard-4.png\",\"contentUrl\":\"https:\/\/sarptoys.com\/wp-content\/uploads\/2024\/07\/cropped-Artboard-4.png\",\"width\":3461,\"height\":1062,\"caption\":\"Sarp Toys\"},\"image\":{\"@id\":\"https:\/\/sarptoys.com\/tr\/#\/schema\/logo\/image\/\"}}]}<\/script>\n<!-- \/ Yoast SEO plugin. -->","yoast_head_json":{"title":"Z\u0131playan Kurba\u011fa -","robots":{"index":"index","follow":"follow","max-snippet":"max-snippet:-1","max-image-preview":"max-image-preview:large","max-video-preview":"max-video-preview:-1"},"canonical":"https:\/\/sarptoys.com\/tr\/urun\/ziplayan-kurbaga\/","og_locale":"tr_TR","og_type":"article","og_title":"Z\u0131playan Kurba\u011fa -","og_description":"Bu ne\u015feli k\u00f6pek oyunca\u011f\u0131, dostunuzun oyun saatlerini daha da keyifli hale getirmek i\u00e7in tasarland\u0131!  - Yumu\u015fak malzemesi sayesinde k\u00f6pe\u011finizin di\u015fleri ve a\u011f\u0131z sa\u011fl\u0131\u011f\u0131 korunurken, g\u00fcvenli bir oyun deneyimi sunar. - T\u00fcyl\u00fc kuyru\u011fu, onlara dokunma zevki katarken, oynamaktan keyif almalar\u0131n\u0131 sa\u011flar. - Renkli bask\u0131lar\u0131, k\u00f6pe\u011finizin g\u00f6rsel alg\u0131s\u0131n\u0131 uyararak oyun s\u0131ras\u0131nda ilgisini \u00e7eker.  - Hafif yap\u0131s\u0131 sayesinde bu oyuncak, evde ya da d\u0131\u015far\u0131da her yerde kolayca ta\u015f\u0131nabilir. K\u00f6pe\u011finizin sosyal etkile\u015fimini art\u0131rarak, di\u011fer arkada\u015flar\u0131yla birlikte oynamas\u0131na olanak tan\u0131r.  K\u00f6pe\u011finizin enerjisini atmas\u0131 ve e\u011flenceli anlar ya\u015famas\u0131 i\u00e7in m\u00fckemmel bir arkada\u015f!","og_url":"https:\/\/sarptoys.com\/tr\/urun\/ziplayan-kurbaga\/","article_modified_time":"2024-10-18T14:37:14+00:00","og_image":[{"width":1024,"height":1024,"url":"https:\/\/sarptoys.com\/wp-content\/uploads\/2024\/10\/IMG_0866-kopya-1024x1024.png","type":"image\/png"}],"twitter_card":"summary_large_image","twitter_misc":{"Tahmini okuma s\u00fcresi":"1 dakika"},"schema":{"@context":"https:\/\/schema.org","@graph":[{"@type":"WebPage","@id":"https:\/\/sarptoys.com\/urun\/ziplayan-kurbaga\/","url":"https:\/\/sarptoys.com\/urun\/ziplayan-kurbaga\/","name":"Z\u0131playan Kurba\u011fa -","isPartOf":{"@id":"https:\/\/sarptoys.com\/tr\/#website"},"primaryImageOfPage":{"@id":"https:\/\/sarptoys.com\/urun\/ziplayan-kurbaga\/#primaryimage"},"image":{"@id":"https:\/\/sarptoys.com\/urun\/ziplayan-kurbaga\/#primaryimage"},"thumbnailUrl":"https:\/\/sarptoys.com\/wp-content\/uploads\/2024\/10\/IMG_0866-kopya.png","datePublished":"2024-10-18T14:35:44+00:00","dateModified":"2024-10-18T14:37:14+00:00","breadcrumb":{"@id":"https:\/\/sarptoys.com\/urun\/ziplayan-kurbaga\/#breadcrumb"},"inLanguage":"tr","potentialAction":[{"@type":"ReadAction","target":["https:\/\/sarptoys.com\/urun\/ziplayan-kurbaga\/"]}]},{"@type":"ImageObject","inLanguage":"tr","@id":"https:\/\/sarptoys.com\/urun\/ziplayan-kurbaga\/#primaryimage","url":"https:\/\/sarptoys.com\/wp-content\/uploads\/2024\/10\/IMG_0866-kopya.png","contentUrl":"https:\/\/sarptoys.com\/wp-content\/uploads\/2024\/10\/IMG_0866-kopya.png","width":1200,"height":1200},{"@type":"BreadcrumbList","@id":"https:\/\/sarptoys.com\/urun\/ziplayan-kurbaga\/#breadcrumb","itemListElement":[{"@type":"ListItem","position":1,"name":"Anasayfa","item":"https:\/\/sarptoys.com\/"},{"@type":"ListItem","position":2,"name":"Ma\u011faza","item":"https:\/\/sarptoys.com\/magaza-2\/"},{"@type":"ListItem","position":3,"name":"Z\u0131playan Kurba\u011fa"}]},{"@type":"WebSite","@id":"https:\/\/sarptoys.com\/tr\/#website","url":"https:\/\/sarptoys.com\/tr\/","name":"Sarp Toys","description":"","publisher":{"@id":"https:\/\/sarptoys.com\/tr\/#organization"},"potentialAction":[{"@type":"SearchAction","target":{"@type":"EntryPoint","urlTemplate":"https:\/\/sarptoys.com\/tr\/?s={search_term_string}"},"query-input":{"@type":"PropertyValueSpecification","valueRequired":true,"valueName":"search_term_string"}}],"inLanguage":"tr"},{"@type":"Organization","@id":"https:\/\/sarptoys.com\/tr\/#organization","name":"Sarp Toys","url":"https:\/\/sarptoys.com\/tr\/","logo":{"@type":"ImageObject","inLanguage":"tr","@id":"https:\/\/sarptoys.com\/tr\/#\/schema\/logo\/image\/","url":"https:\/\/sarptoys.com\/wp-content\/uploads\/2024\/07\/cropped-Artboard-4.png","contentUrl":"https:\/\/sarptoys.com\/wp-content\/uploads\/2024\/07\/cropped-Artboard-4.png","width":3461,"height":1062,"caption":"Sarp Toys"},"image":{"@id":"https:\/\/sarptoys.com\/tr\/#\/schema\/logo\/image\/"}}]}},"brands":[],"_links":{"self":[{"href":"https:\/\/sarptoys.com\/tr\/wp-json\/wp\/v2\/product\/7070","targetHints":{"allow":["GET"]}}],"collection":[{"href":"https:\/\/sarptoys.com\/tr\/wp-json\/wp\/v2\/product"}],"about":[{"href":"https:\/\/sarptoys.com\/tr\/wp-json\/wp\/v2\/types\/product"}],"replies":[{"embeddable":true,"href":"https:\/\/sarptoys.com\/tr\/wp-json\/wp\/v2\/comments?post=7070"}],"version-history":[{"count":0,"href":"https:\/\/sarptoys.com\/tr\/wp-json\/wp\/v2\/product\/7070\/revisions"}],"wp:featuredmedia":[{"embeddable":true,"href":"https:\/\/sarptoys.com\/tr\/wp-json\/wp\/v2\/media\/7071"}],"wp:attachment":[{"href":"https:\/\/sarptoys.com\/tr\/wp-json\/wp\/v2\/media?parent=7070"}],"wp:term":[{"taxonomy":"pwb-brand","embeddable":true,"href":"https:\/\/sarptoys.com\/tr\/wp-json\/wp\/v2\/pwb-brand?post=7070"},{"taxonomy":"product_brand","embeddable":true,"href":"https:\/\/sarptoys.com\/tr\/wp-json\/wp\/v2\/product_brand?post=7070"},{"taxonomy":"product_cat","embeddable":true,"href":"https:\/\/sarptoys.com\/tr\/wp-json\/wp\/v2\/product_cat?post=7070"},{"taxonomy":"product_tag","embeddable":true,"href":"https:\/\/sarptoys.com\/tr\/wp-json\/wp\/v2\/product_tag?post=7070"}],"curies":[{"name":"wp","href":"https:\/\/api.w.org\/{rel}","templated":true}]}}