{"id":7014,"date":"2024-10-02T17:58:18","date_gmt":"2024-10-02T14:58:18","guid":{"rendered":"https:\/\/sarptoys.com\/?post_type=product&#038;p=7014"},"modified":"2024-10-02T18:00:51","modified_gmt":"2024-10-02T15:00:51","slug":"cips-paketi-kedi-tuneli-kopya","status":"publish","type":"product","link":"https:\/\/sarptoys.com\/tr\/urun\/cips-paketi-kedi-tuneli-kopya\/","title":{"rendered":"Cips Paketi Kedi T\u00fcneli K\u0131rm\u0131z\u0131"},"content":{"rendered":"","protected":false},"excerpt":{"rendered":"<p>Kedinizin keyifli anlar\u0131na e\u015flik edecek bu ne\u015feli kedi poseti, oyun saatlerini e\u011flence dolu hale getirmek i\u00e7in tasarland\u0131!<\/p>\n<p>&#8211; Kedinizin i\u00e7ine girip saklanabilece\u011fi geni\u015f alan\u0131 sayesinde, hem rahat\u00e7a yatar hem de avc\u0131l\u0131k oynar. Kendi alan\u0131nda e\u011flenceli maceralara at\u0131labilir!<\/p>\n<p>&#8211; Canl\u0131 renkleri ve sevimli tasar\u0131m\u0131, kedinizin ilgisini \u00e7ekerken, onlar\u0131n ke\u015fif duygusunu harekete ge\u00e7irir. Bu oyuncak, oyun s\u0131ras\u0131nda kedi dostlar\u0131n\u0131z\u0131 mutlu edecek!<\/p>\n<p>&#8211; Hem tek ba\u015f\u0131na oyun oynamak i\u00e7in hem de arkada\u015flar\u0131yla birlikte e\u011flenceli anlar ya\u015famak i\u00e7in m\u00fckemmel bir se\u00e7enek.<\/p>\n<p>Kedinizin ne\u015fesi ve e\u011flencesi i\u00e7in ideal olan bu kedi poseti ile oyun saatlerini daha renkli ve keyifli hale getirin!<\/p>\n","protected":false},"featured_media":7015,"comment_status":"closed","ping_status":"closed","template":"","meta":{"site-sidebar-layout":"default","site-content-layout":"","ast-site-content-layout":"default","site-content-style":"default","site-sidebar-style":"default","ast-global-header-display":"","ast-banner-title-visibility":"","ast-main-header-display":"","ast-hfb-above-header-display":"","ast-hfb-below-header-display":"","ast-hfb-mobile-header-display":"","site-post-title":"","ast-breadcrumbs-content":"","ast-featured-img":"","footer-sml-layout":"","theme-transparent-header-meta":"default","adv-header-id-meta":"","stick-header-meta":"","header-above-stick-meta":"","header-main-stick-meta":"","header-below-stick-meta":"","astra-migrate-meta-layouts":"set","ast-page-background-enabled":"default","ast-page-background-meta":{"desktop":{"background-color":"var(--ast-global-color-4)","background-image":"","background-repeat":"repeat","background-position":"center center","background-size":"auto","background-attachment":"scroll","background-type":"","background-media":"","overlay-type":"","overlay-color":"","overlay-opacity":"","overlay-gradient":""},"tablet":{"background-color":"","background-image":"","background-repeat":"repeat","background-position":"center center","background-size":"auto","background-attachment":"scroll","background-type":"","background-media":"","overlay-type":"","overlay-color":"","overlay-opacity":"","overlay-gradient":""},"mobile":{"background-color":"","background-image":"","background-repeat":"repeat","background-position":"center center","background-size":"auto","background-attachment":"scroll","background-type":"","background-media":"","overlay-type":"","overlay-color":"","overlay-opacity":"","overlay-gradient":""}},"ast-content-background-meta":{"desktop":{"background-color":"var(--ast-global-color-5)","background-image":"","background-repeat":"repeat","background-position":"center center","background-size":"auto","background-attachment":"scroll","background-type":"","background-media":"","overlay-type":"","overlay-color":"","overlay-opacity":"","overlay-gradient":""},"tablet":{"background-color":"var(--ast-global-color-5)","background-image":"","background-repeat":"repeat","background-position":"center center","background-size":"auto","background-attachment":"scroll","background-type":"","background-media":"","overlay-type":"","overlay-color":"","overlay-opacity":"","overlay-gradient":""},"mobile":{"background-color":"var(--ast-global-color-5)","background-image":"","background-repeat":"repeat","background-position":"center center","background-size":"auto","background-attachment":"scroll","background-type":"","background-media":"","overlay-type":"","overlay-color":"","overlay-opacity":"","overlay-gradient":""}}},"pwb-brand":[],"product_brand":[],"product_cat":[195,193,184],"product_tag":[],"class_list":{"0":"post-7014","1":"product","2":"type-product","3":"status-publish","4":"has-post-thumbnail","6":"product_cat-baskili-oyuncaklar","7":"product_cat-oyun-ve-eglence","8":"product_cat-pookie","9":"desktop-align-left","10":"tablet-align-left","11":"mobile-align-left","13":"first","14":"instock","15":"virtual","16":"taxable","17":"product-type-simple"},"yoast_head":"<!-- This site is optimized with the Yoast SEO plugin v26.8 - https:\/\/yoast.com\/product\/yoast-seo-wordpress\/ -->\n<title>Cips Paketi Kedi T\u00fcneli K\u0131rm\u0131z\u0131 -<\/title>\n<meta name=\"robots\" content=\"index, follow, max-snippet:-1, max-image-preview:large, max-video-preview:-1\" \/>\n<link rel=\"canonical\" href=\"https:\/\/sarptoys.com\/tr\/urun\/cips-paketi-kedi-tuneli-kopya\/\" \/>\n<meta property=\"og:locale\" content=\"tr_TR\" \/>\n<meta property=\"og:type\" content=\"article\" \/>\n<meta property=\"og:title\" content=\"Cips Paketi Kedi T\u00fcneli K\u0131rm\u0131z\u0131 -\" \/>\n<meta property=\"og:description\" content=\"Kedinizin keyifli anlar\u0131na e\u015flik edecek bu ne\u015feli kedi poseti, oyun saatlerini e\u011flence dolu hale getirmek i\u00e7in tasarland\u0131!  - Kedinizin i\u00e7ine girip saklanabilece\u011fi geni\u015f alan\u0131 sayesinde, hem rahat\u00e7a yatar hem de avc\u0131l\u0131k oynar. Kendi alan\u0131nda e\u011flenceli maceralara at\u0131labilir!  - Canl\u0131 renkleri ve sevimli tasar\u0131m\u0131, kedinizin ilgisini \u00e7ekerken, onlar\u0131n ke\u015fif duygusunu harekete ge\u00e7irir. Bu oyuncak, oyun s\u0131ras\u0131nda kedi dostlar\u0131n\u0131z\u0131 mutlu edecek!  - Hem tek ba\u015f\u0131na oyun oynamak i\u00e7in hem de arkada\u015flar\u0131yla birlikte e\u011flenceli anlar ya\u015famak i\u00e7in m\u00fckemmel bir se\u00e7enek.  Kedinizin ne\u015fesi ve e\u011flencesi i\u00e7in ideal olan bu kedi poseti ile oyun saatlerini daha renkli ve keyifli hale getirin!\" \/>\n<meta property=\"og:url\" content=\"https:\/\/sarptoys.com\/tr\/urun\/cips-paketi-kedi-tuneli-kopya\/\" \/>\n<meta property=\"article:modified_time\" content=\"2024-10-02T15:00:51+00:00\" \/>\n<meta property=\"og:image\" content=\"https:\/\/sarptoys.com\/wp-content\/uploads\/2024\/10\/IMG_0479-kopya-1024x1024.png\" \/>\n\t<meta property=\"og:image:width\" content=\"1024\" \/>\n\t<meta property=\"og:image:height\" content=\"1024\" \/>\n\t<meta property=\"og:image:type\" content=\"image\/png\" \/>\n<meta name=\"twitter:card\" content=\"summary_large_image\" \/>\n<meta name=\"twitter:label1\" content=\"Tahmini okuma s\u00fcresi\" \/>\n\t<meta name=\"twitter:data1\" content=\"1 dakika\" \/>\n<script type=\"application\/ld+json\" class=\"yoast-schema-graph\">{\"@context\":\"https:\/\/schema.org\",\"@graph\":[{\"@type\":\"WebPage\",\"@id\":\"https:\/\/sarptoys.com\/urun\/cips-paketi-kedi-tuneli-kopya\/\",\"url\":\"https:\/\/sarptoys.com\/urun\/cips-paketi-kedi-tuneli-kopya\/\",\"name\":\"Cips Paketi Kedi T\u00fcneli K\u0131rm\u0131z\u0131 -\",\"isPartOf\":{\"@id\":\"https:\/\/sarptoys.com\/tr\/#website\"},\"primaryImageOfPage\":{\"@id\":\"https:\/\/sarptoys.com\/urun\/cips-paketi-kedi-tuneli-kopya\/#primaryimage\"},\"image\":{\"@id\":\"https:\/\/sarptoys.com\/urun\/cips-paketi-kedi-tuneli-kopya\/#primaryimage\"},\"thumbnailUrl\":\"https:\/\/sarptoys.com\/wp-content\/uploads\/2024\/10\/IMG_0479-kopya.png\",\"datePublished\":\"2024-10-02T14:58:18+00:00\",\"dateModified\":\"2024-10-02T15:00:51+00:00\",\"breadcrumb\":{\"@id\":\"https:\/\/sarptoys.com\/urun\/cips-paketi-kedi-tuneli-kopya\/#breadcrumb\"},\"inLanguage\":\"tr\",\"potentialAction\":[{\"@type\":\"ReadAction\",\"target\":[\"https:\/\/sarptoys.com\/urun\/cips-paketi-kedi-tuneli-kopya\/\"]}]},{\"@type\":\"ImageObject\",\"inLanguage\":\"tr\",\"@id\":\"https:\/\/sarptoys.com\/urun\/cips-paketi-kedi-tuneli-kopya\/#primaryimage\",\"url\":\"https:\/\/sarptoys.com\/wp-content\/uploads\/2024\/10\/IMG_0479-kopya.png\",\"contentUrl\":\"https:\/\/sarptoys.com\/wp-content\/uploads\/2024\/10\/IMG_0479-kopya.png\",\"width\":1200,\"height\":1200},{\"@type\":\"BreadcrumbList\",\"@id\":\"https:\/\/sarptoys.com\/urun\/cips-paketi-kedi-tuneli-kopya\/#breadcrumb\",\"itemListElement\":[{\"@type\":\"ListItem\",\"position\":1,\"name\":\"Anasayfa\",\"item\":\"https:\/\/sarptoys.com\/\"},{\"@type\":\"ListItem\",\"position\":2,\"name\":\"Ma\u011faza\",\"item\":\"https:\/\/sarptoys.com\/magaza-2\/\"},{\"@type\":\"ListItem\",\"position\":3,\"name\":\"Cips Paketi Kedi T\u00fcneli K\u0131rm\u0131z\u0131\"}]},{\"@type\":\"WebSite\",\"@id\":\"https:\/\/sarptoys.com\/tr\/#website\",\"url\":\"https:\/\/sarptoys.com\/tr\/\",\"name\":\"Sarp Toys\",\"description\":\"\",\"publisher\":{\"@id\":\"https:\/\/sarptoys.com\/tr\/#organization\"},\"potentialAction\":[{\"@type\":\"SearchAction\",\"target\":{\"@type\":\"EntryPoint\",\"urlTemplate\":\"https:\/\/sarptoys.com\/tr\/?s={search_term_string}\"},\"query-input\":{\"@type\":\"PropertyValueSpecification\",\"valueRequired\":true,\"valueName\":\"search_term_string\"}}],\"inLanguage\":\"tr\"},{\"@type\":\"Organization\",\"@id\":\"https:\/\/sarptoys.com\/tr\/#organization\",\"name\":\"Sarp Toys\",\"url\":\"https:\/\/sarptoys.com\/tr\/\",\"logo\":{\"@type\":\"ImageObject\",\"inLanguage\":\"tr\",\"@id\":\"https:\/\/sarptoys.com\/tr\/#\/schema\/logo\/image\/\",\"url\":\"https:\/\/sarptoys.com\/wp-content\/uploads\/2024\/07\/cropped-Artboard-4.png\",\"contentUrl\":\"https:\/\/sarptoys.com\/wp-content\/uploads\/2024\/07\/cropped-Artboard-4.png\",\"width\":3461,\"height\":1062,\"caption\":\"Sarp Toys\"},\"image\":{\"@id\":\"https:\/\/sarptoys.com\/tr\/#\/schema\/logo\/image\/\"}}]}<\/script>\n<!-- \/ Yoast SEO plugin. -->","yoast_head_json":{"title":"Cips Paketi Kedi T\u00fcneli K\u0131rm\u0131z\u0131 -","robots":{"index":"index","follow":"follow","max-snippet":"max-snippet:-1","max-image-preview":"max-image-preview:large","max-video-preview":"max-video-preview:-1"},"canonical":"https:\/\/sarptoys.com\/tr\/urun\/cips-paketi-kedi-tuneli-kopya\/","og_locale":"tr_TR","og_type":"article","og_title":"Cips Paketi Kedi T\u00fcneli K\u0131rm\u0131z\u0131 -","og_description":"Kedinizin keyifli anlar\u0131na e\u015flik edecek bu ne\u015feli kedi poseti, oyun saatlerini e\u011flence dolu hale getirmek i\u00e7in tasarland\u0131!  - Kedinizin i\u00e7ine girip saklanabilece\u011fi geni\u015f alan\u0131 sayesinde, hem rahat\u00e7a yatar hem de avc\u0131l\u0131k oynar. Kendi alan\u0131nda e\u011flenceli maceralara at\u0131labilir!  - Canl\u0131 renkleri ve sevimli tasar\u0131m\u0131, kedinizin ilgisini \u00e7ekerken, onlar\u0131n ke\u015fif duygusunu harekete ge\u00e7irir. Bu oyuncak, oyun s\u0131ras\u0131nda kedi dostlar\u0131n\u0131z\u0131 mutlu edecek!  - Hem tek ba\u015f\u0131na oyun oynamak i\u00e7in hem de arkada\u015flar\u0131yla birlikte e\u011flenceli anlar ya\u015famak i\u00e7in m\u00fckemmel bir se\u00e7enek.  Kedinizin ne\u015fesi ve e\u011flencesi i\u00e7in ideal olan bu kedi poseti ile oyun saatlerini daha renkli ve keyifli hale getirin!","og_url":"https:\/\/sarptoys.com\/tr\/urun\/cips-paketi-kedi-tuneli-kopya\/","article_modified_time":"2024-10-02T15:00:51+00:00","og_image":[{"width":1024,"height":1024,"url":"https:\/\/sarptoys.com\/wp-content\/uploads\/2024\/10\/IMG_0479-kopya-1024x1024.png","type":"image\/png"}],"twitter_card":"summary_large_image","twitter_misc":{"Tahmini okuma s\u00fcresi":"1 dakika"},"schema":{"@context":"https:\/\/schema.org","@graph":[{"@type":"WebPage","@id":"https:\/\/sarptoys.com\/urun\/cips-paketi-kedi-tuneli-kopya\/","url":"https:\/\/sarptoys.com\/urun\/cips-paketi-kedi-tuneli-kopya\/","name":"Cips Paketi Kedi T\u00fcneli K\u0131rm\u0131z\u0131 -","isPartOf":{"@id":"https:\/\/sarptoys.com\/tr\/#website"},"primaryImageOfPage":{"@id":"https:\/\/sarptoys.com\/urun\/cips-paketi-kedi-tuneli-kopya\/#primaryimage"},"image":{"@id":"https:\/\/sarptoys.com\/urun\/cips-paketi-kedi-tuneli-kopya\/#primaryimage"},"thumbnailUrl":"https:\/\/sarptoys.com\/wp-content\/uploads\/2024\/10\/IMG_0479-kopya.png","datePublished":"2024-10-02T14:58:18+00:00","dateModified":"2024-10-02T15:00:51+00:00","breadcrumb":{"@id":"https:\/\/sarptoys.com\/urun\/cips-paketi-kedi-tuneli-kopya\/#breadcrumb"},"inLanguage":"tr","potentialAction":[{"@type":"ReadAction","target":["https:\/\/sarptoys.com\/urun\/cips-paketi-kedi-tuneli-kopya\/"]}]},{"@type":"ImageObject","inLanguage":"tr","@id":"https:\/\/sarptoys.com\/urun\/cips-paketi-kedi-tuneli-kopya\/#primaryimage","url":"https:\/\/sarptoys.com\/wp-content\/uploads\/2024\/10\/IMG_0479-kopya.png","contentUrl":"https:\/\/sarptoys.com\/wp-content\/uploads\/2024\/10\/IMG_0479-kopya.png","width":1200,"height":1200},{"@type":"BreadcrumbList","@id":"https:\/\/sarptoys.com\/urun\/cips-paketi-kedi-tuneli-kopya\/#breadcrumb","itemListElement":[{"@type":"ListItem","position":1,"name":"Anasayfa","item":"https:\/\/sarptoys.com\/"},{"@type":"ListItem","position":2,"name":"Ma\u011faza","item":"https:\/\/sarptoys.com\/magaza-2\/"},{"@type":"ListItem","position":3,"name":"Cips Paketi Kedi T\u00fcneli K\u0131rm\u0131z\u0131"}]},{"@type":"WebSite","@id":"https:\/\/sarptoys.com\/tr\/#website","url":"https:\/\/sarptoys.com\/tr\/","name":"Sarp Toys","description":"","publisher":{"@id":"https:\/\/sarptoys.com\/tr\/#organization"},"potentialAction":[{"@type":"SearchAction","target":{"@type":"EntryPoint","urlTemplate":"https:\/\/sarptoys.com\/tr\/?s={search_term_string}"},"query-input":{"@type":"PropertyValueSpecification","valueRequired":true,"valueName":"search_term_string"}}],"inLanguage":"tr"},{"@type":"Organization","@id":"https:\/\/sarptoys.com\/tr\/#organization","name":"Sarp Toys","url":"https:\/\/sarptoys.com\/tr\/","logo":{"@type":"ImageObject","inLanguage":"tr","@id":"https:\/\/sarptoys.com\/tr\/#\/schema\/logo\/image\/","url":"https:\/\/sarptoys.com\/wp-content\/uploads\/2024\/07\/cropped-Artboard-4.png","contentUrl":"https:\/\/sarptoys.com\/wp-content\/uploads\/2024\/07\/cropped-Artboard-4.png","width":3461,"height":1062,"caption":"Sarp Toys"},"image":{"@id":"https:\/\/sarptoys.com\/tr\/#\/schema\/logo\/image\/"}}]}},"brands":[],"_links":{"self":[{"href":"https:\/\/sarptoys.com\/tr\/wp-json\/wp\/v2\/product\/7014","targetHints":{"allow":["GET"]}}],"collection":[{"href":"https:\/\/sarptoys.com\/tr\/wp-json\/wp\/v2\/product"}],"about":[{"href":"https:\/\/sarptoys.com\/tr\/wp-json\/wp\/v2\/types\/product"}],"replies":[{"embeddable":true,"href":"https:\/\/sarptoys.com\/tr\/wp-json\/wp\/v2\/comments?post=7014"}],"version-history":[{"count":0,"href":"https:\/\/sarptoys.com\/tr\/wp-json\/wp\/v2\/product\/7014\/revisions"}],"wp:featuredmedia":[{"embeddable":true,"href":"https:\/\/sarptoys.com\/tr\/wp-json\/wp\/v2\/media\/7015"}],"wp:attachment":[{"href":"https:\/\/sarptoys.com\/tr\/wp-json\/wp\/v2\/media?parent=7014"}],"wp:term":[{"taxonomy":"pwb-brand","embeddable":true,"href":"https:\/\/sarptoys.com\/tr\/wp-json\/wp\/v2\/pwb-brand?post=7014"},{"taxonomy":"product_brand","embeddable":true,"href":"https:\/\/sarptoys.com\/tr\/wp-json\/wp\/v2\/product_brand?post=7014"},{"taxonomy":"product_cat","embeddable":true,"href":"https:\/\/sarptoys.com\/tr\/wp-json\/wp\/v2\/product_cat?post=7014"},{"taxonomy":"product_tag","embeddable":true,"href":"https:\/\/sarptoys.com\/tr\/wp-json\/wp\/v2\/product_tag?post=7014"}],"curies":[{"name":"wp","href":"https:\/\/api.w.org\/{rel}","templated":true}]}}