{"id":6999,"date":"2024-10-02T17:52:12","date_gmt":"2024-10-02T14:52:12","guid":{"rendered":"https:\/\/sarptoys.com\/?post_type=product&#038;p=6999"},"modified":"2024-10-18T11:09:41","modified_gmt":"2024-10-18T08:09:41","slug":"civciv-desenli-yagmurluk-mavi","status":"publish","type":"product","link":"https:\/\/sarptoys.com\/tr\/urun\/civciv-desenli-yagmurluk-mavi\/","title":{"rendered":"\u00d6rdek Desenli Ya\u011fmurluk Mavi"},"content":{"rendered":"","protected":false},"excerpt":{"rendered":"<p>Sevimli dostlar\u0131n\u0131z\u0131n k\u00f6t\u00fc hava ko\u015fullar\u0131nda bile stil sahibi olmas\u0131n\u0131 sa\u011flayan bu e\u011flenceli ya\u011fmurluklar, hem \u015f\u0131kl\u0131\u011f\u0131 hem de konforu bir araya getiriyor!<br \/>\n&#8211; Y\u00fcksek kaliteli su ge\u00e7irmez kuma\u015f\u0131 sayesinde k\u00f6pe\u011finiz, ya\u011fmurda kuru kalacak ve rahat bir \u015fekilde y\u00fcr\u00fcy\u00fc\u015f yapabilecek.<br \/>\n&#8211; Farkl\u0131 desen ve renk se\u00e7enekleri, k\u00f6pe\u011finizin tarz\u0131n\u0131 yans\u0131tmas\u0131na olanak tan\u0131r. G\u00f6z al\u0131c\u0131 tasar\u0131mlar\u0131, y\u00fcr\u00fcy\u00fc\u015flerde dikkat \u00e7ekici bir g\u00f6r\u00fcn\u00fcm sunar.<br \/>\n&#8211; Pratik yap\u0131s\u0131 sayesinde, ya\u011fmurlu g\u00fcnlerde h\u0131zla giydirilebilir.<br \/>\n&#8211; 7 farkl\u0131 beden se\u00e7ene\u011fi ile her boy k\u00f6pe\u011fe uygundur.<br \/>\nK\u00f6pe\u011finizin d\u0131\u015far\u0131da keyifli zaman ge\u00e7irmesini sa\u011flarken, onun stiline de renk katacak bu ya\u011fmurluklarla y\u00fcr\u00fcy\u00fc\u015flerinizi daha e\u011flenceli hale getirin!<\/p>\n","protected":false},"featured_media":7000,"comment_status":"closed","ping_status":"closed","template":"","meta":{"site-sidebar-layout":"default","site-content-layout":"","ast-site-content-layout":"default","site-content-style":"default","site-sidebar-style":"default","ast-global-header-display":"","ast-banner-title-visibility":"","ast-main-header-display":"","ast-hfb-above-header-display":"","ast-hfb-below-header-display":"","ast-hfb-mobile-header-display":"","site-post-title":"","ast-breadcrumbs-content":"","ast-featured-img":"","footer-sml-layout":"","theme-transparent-header-meta":"default","adv-header-id-meta":"","stick-header-meta":"","header-above-stick-meta":"","header-main-stick-meta":"","header-below-stick-meta":"","astra-migrate-meta-layouts":"set","ast-page-background-enabled":"default","ast-page-background-meta":{"desktop":{"background-color":"var(--ast-global-color-4)","background-image":"","background-repeat":"repeat","background-position":"center center","background-size":"auto","background-attachment":"scroll","background-type":"","background-media":"","overlay-type":"","overlay-color":"","overlay-opacity":"","overlay-gradient":""},"tablet":{"background-color":"","background-image":"","background-repeat":"repeat","background-position":"center center","background-size":"auto","background-attachment":"scroll","background-type":"","background-media":"","overlay-type":"","overlay-color":"","overlay-opacity":"","overlay-gradient":""},"mobile":{"background-color":"","background-image":"","background-repeat":"repeat","background-position":"center center","background-size":"auto","background-attachment":"scroll","background-type":"","background-media":"","overlay-type":"","overlay-color":"","overlay-opacity":"","overlay-gradient":""}},"ast-content-background-meta":{"desktop":{"background-color":"var(--ast-global-color-5)","background-image":"","background-repeat":"repeat","background-position":"center center","background-size":"auto","background-attachment":"scroll","background-type":"","background-media":"","overlay-type":"","overlay-color":"","overlay-opacity":"","overlay-gradient":""},"tablet":{"background-color":"var(--ast-global-color-5)","background-image":"","background-repeat":"repeat","background-position":"center center","background-size":"auto","background-attachment":"scroll","background-type":"","background-media":"","overlay-type":"","overlay-color":"","overlay-opacity":"","overlay-gradient":""},"mobile":{"background-color":"var(--ast-global-color-5)","background-image":"","background-repeat":"repeat","background-position":"center center","background-size":"auto","background-attachment":"scroll","background-type":"","background-media":"","overlay-type":"","overlay-color":"","overlay-opacity":"","overlay-gradient":""}}},"pwb-brand":[],"product_brand":[],"product_cat":[188,184,189],"product_tag":[],"class_list":{"0":"post-6999","1":"product","2":"type-product","3":"status-publish","4":"has-post-thumbnail","6":"product_cat-giyim-moda","7":"product_cat-pookie","8":"product_cat-yagmurluk","9":"desktop-align-left","10":"tablet-align-left","11":"mobile-align-left","13":"first","14":"instock","15":"virtual","16":"taxable","17":"product-type-simple"},"yoast_head":"<!-- This site is optimized with the Yoast SEO plugin v26.8 - https:\/\/yoast.com\/product\/yoast-seo-wordpress\/ -->\n<title>\u00d6rdek Desenli Ya\u011fmurluk Mavi -<\/title>\n<meta name=\"robots\" content=\"index, follow, max-snippet:-1, max-image-preview:large, max-video-preview:-1\" \/>\n<link rel=\"canonical\" href=\"https:\/\/sarptoys.com\/tr\/urun\/civciv-desenli-yagmurluk-mavi\/\" \/>\n<meta property=\"og:locale\" content=\"tr_TR\" \/>\n<meta property=\"og:type\" content=\"article\" \/>\n<meta property=\"og:title\" content=\"\u00d6rdek Desenli Ya\u011fmurluk Mavi -\" \/>\n<meta property=\"og:description\" content=\"Sevimli dostlar\u0131n\u0131z\u0131n k\u00f6t\u00fc hava ko\u015fullar\u0131nda bile stil sahibi olmas\u0131n\u0131 sa\u011flayan bu e\u011flenceli ya\u011fmurluklar, hem \u015f\u0131kl\u0131\u011f\u0131 hem de konforu bir araya getiriyor! - Y\u00fcksek kaliteli su ge\u00e7irmez kuma\u015f\u0131 sayesinde k\u00f6pe\u011finiz, ya\u011fmurda kuru kalacak ve rahat bir \u015fekilde y\u00fcr\u00fcy\u00fc\u015f yapabilecek. - Farkl\u0131 desen ve renk se\u00e7enekleri, k\u00f6pe\u011finizin tarz\u0131n\u0131 yans\u0131tmas\u0131na olanak tan\u0131r. G\u00f6z al\u0131c\u0131 tasar\u0131mlar\u0131, y\u00fcr\u00fcy\u00fc\u015flerde dikkat \u00e7ekici bir g\u00f6r\u00fcn\u00fcm sunar. - Pratik yap\u0131s\u0131 sayesinde, ya\u011fmurlu g\u00fcnlerde h\u0131zla giydirilebilir.  - 7 farkl\u0131 beden se\u00e7ene\u011fi ile her boy k\u00f6pe\u011fe uygundur. K\u00f6pe\u011finizin d\u0131\u015far\u0131da keyifli zaman ge\u00e7irmesini sa\u011flarken, onun stiline de renk katacak bu ya\u011fmurluklarla y\u00fcr\u00fcy\u00fc\u015flerinizi daha e\u011flenceli hale getirin!\" \/>\n<meta property=\"og:url\" content=\"https:\/\/sarptoys.com\/tr\/urun\/civciv-desenli-yagmurluk-mavi\/\" \/>\n<meta property=\"article:modified_time\" content=\"2024-10-18T08:09:41+00:00\" \/>\n<meta property=\"og:image\" content=\"https:\/\/sarptoys.com\/wp-content\/uploads\/2024\/10\/IMG_0457-kopya-1024x1024.png\" \/>\n\t<meta property=\"og:image:width\" content=\"1024\" \/>\n\t<meta property=\"og:image:height\" content=\"1024\" \/>\n\t<meta property=\"og:image:type\" content=\"image\/png\" \/>\n<meta name=\"twitter:card\" content=\"summary_large_image\" \/>\n<meta name=\"twitter:label1\" content=\"Tahmini okuma s\u00fcresi\" \/>\n\t<meta name=\"twitter:data1\" content=\"1 dakika\" \/>\n<script type=\"application\/ld+json\" class=\"yoast-schema-graph\">{\"@context\":\"https:\/\/schema.org\",\"@graph\":[{\"@type\":\"WebPage\",\"@id\":\"https:\/\/sarptoys.com\/urun\/civciv-desenli-yagmurluk-mavi\/\",\"url\":\"https:\/\/sarptoys.com\/urun\/civciv-desenli-yagmurluk-mavi\/\",\"name\":\"\u00d6rdek Desenli Ya\u011fmurluk Mavi -\",\"isPartOf\":{\"@id\":\"https:\/\/sarptoys.com\/tr\/#website\"},\"primaryImageOfPage\":{\"@id\":\"https:\/\/sarptoys.com\/urun\/civciv-desenli-yagmurluk-mavi\/#primaryimage\"},\"image\":{\"@id\":\"https:\/\/sarptoys.com\/urun\/civciv-desenli-yagmurluk-mavi\/#primaryimage\"},\"thumbnailUrl\":\"https:\/\/sarptoys.com\/wp-content\/uploads\/2024\/10\/IMG_0457-kopya.png\",\"datePublished\":\"2024-10-02T14:52:12+00:00\",\"dateModified\":\"2024-10-18T08:09:41+00:00\",\"breadcrumb\":{\"@id\":\"https:\/\/sarptoys.com\/urun\/civciv-desenli-yagmurluk-mavi\/#breadcrumb\"},\"inLanguage\":\"tr\",\"potentialAction\":[{\"@type\":\"ReadAction\",\"target\":[\"https:\/\/sarptoys.com\/urun\/civciv-desenli-yagmurluk-mavi\/\"]}]},{\"@type\":\"ImageObject\",\"inLanguage\":\"tr\",\"@id\":\"https:\/\/sarptoys.com\/urun\/civciv-desenli-yagmurluk-mavi\/#primaryimage\",\"url\":\"https:\/\/sarptoys.com\/wp-content\/uploads\/2024\/10\/IMG_0457-kopya.png\",\"contentUrl\":\"https:\/\/sarptoys.com\/wp-content\/uploads\/2024\/10\/IMG_0457-kopya.png\",\"width\":1200,\"height\":1200},{\"@type\":\"BreadcrumbList\",\"@id\":\"https:\/\/sarptoys.com\/urun\/civciv-desenli-yagmurluk-mavi\/#breadcrumb\",\"itemListElement\":[{\"@type\":\"ListItem\",\"position\":1,\"name\":\"Anasayfa\",\"item\":\"https:\/\/sarptoys.com\/\"},{\"@type\":\"ListItem\",\"position\":2,\"name\":\"Ma\u011faza\",\"item\":\"https:\/\/sarptoys.com\/magaza-2\/\"},{\"@type\":\"ListItem\",\"position\":3,\"name\":\"\u00d6rdek Desenli Ya\u011fmurluk Mavi\"}]},{\"@type\":\"WebSite\",\"@id\":\"https:\/\/sarptoys.com\/tr\/#website\",\"url\":\"https:\/\/sarptoys.com\/tr\/\",\"name\":\"Sarp Toys\",\"description\":\"\",\"publisher\":{\"@id\":\"https:\/\/sarptoys.com\/tr\/#organization\"},\"potentialAction\":[{\"@type\":\"SearchAction\",\"target\":{\"@type\":\"EntryPoint\",\"urlTemplate\":\"https:\/\/sarptoys.com\/tr\/?s={search_term_string}\"},\"query-input\":{\"@type\":\"PropertyValueSpecification\",\"valueRequired\":true,\"valueName\":\"search_term_string\"}}],\"inLanguage\":\"tr\"},{\"@type\":\"Organization\",\"@id\":\"https:\/\/sarptoys.com\/tr\/#organization\",\"name\":\"Sarp Toys\",\"url\":\"https:\/\/sarptoys.com\/tr\/\",\"logo\":{\"@type\":\"ImageObject\",\"inLanguage\":\"tr\",\"@id\":\"https:\/\/sarptoys.com\/tr\/#\/schema\/logo\/image\/\",\"url\":\"https:\/\/sarptoys.com\/wp-content\/uploads\/2024\/07\/cropped-Artboard-4.png\",\"contentUrl\":\"https:\/\/sarptoys.com\/wp-content\/uploads\/2024\/07\/cropped-Artboard-4.png\",\"width\":3461,\"height\":1062,\"caption\":\"Sarp Toys\"},\"image\":{\"@id\":\"https:\/\/sarptoys.com\/tr\/#\/schema\/logo\/image\/\"}}]}<\/script>\n<!-- \/ Yoast SEO plugin. -->","yoast_head_json":{"title":"\u00d6rdek Desenli Ya\u011fmurluk Mavi -","robots":{"index":"index","follow":"follow","max-snippet":"max-snippet:-1","max-image-preview":"max-image-preview:large","max-video-preview":"max-video-preview:-1"},"canonical":"https:\/\/sarptoys.com\/tr\/urun\/civciv-desenli-yagmurluk-mavi\/","og_locale":"tr_TR","og_type":"article","og_title":"\u00d6rdek Desenli Ya\u011fmurluk Mavi -","og_description":"Sevimli dostlar\u0131n\u0131z\u0131n k\u00f6t\u00fc hava ko\u015fullar\u0131nda bile stil sahibi olmas\u0131n\u0131 sa\u011flayan bu e\u011flenceli ya\u011fmurluklar, hem \u015f\u0131kl\u0131\u011f\u0131 hem de konforu bir araya getiriyor! - Y\u00fcksek kaliteli su ge\u00e7irmez kuma\u015f\u0131 sayesinde k\u00f6pe\u011finiz, ya\u011fmurda kuru kalacak ve rahat bir \u015fekilde y\u00fcr\u00fcy\u00fc\u015f yapabilecek. - Farkl\u0131 desen ve renk se\u00e7enekleri, k\u00f6pe\u011finizin tarz\u0131n\u0131 yans\u0131tmas\u0131na olanak tan\u0131r. G\u00f6z al\u0131c\u0131 tasar\u0131mlar\u0131, y\u00fcr\u00fcy\u00fc\u015flerde dikkat \u00e7ekici bir g\u00f6r\u00fcn\u00fcm sunar. - Pratik yap\u0131s\u0131 sayesinde, ya\u011fmurlu g\u00fcnlerde h\u0131zla giydirilebilir.  - 7 farkl\u0131 beden se\u00e7ene\u011fi ile her boy k\u00f6pe\u011fe uygundur. K\u00f6pe\u011finizin d\u0131\u015far\u0131da keyifli zaman ge\u00e7irmesini sa\u011flarken, onun stiline de renk katacak bu ya\u011fmurluklarla y\u00fcr\u00fcy\u00fc\u015flerinizi daha e\u011flenceli hale getirin!","og_url":"https:\/\/sarptoys.com\/tr\/urun\/civciv-desenli-yagmurluk-mavi\/","article_modified_time":"2024-10-18T08:09:41+00:00","og_image":[{"width":1024,"height":1024,"url":"https:\/\/sarptoys.com\/wp-content\/uploads\/2024\/10\/IMG_0457-kopya-1024x1024.png","type":"image\/png"}],"twitter_card":"summary_large_image","twitter_misc":{"Tahmini okuma s\u00fcresi":"1 dakika"},"schema":{"@context":"https:\/\/schema.org","@graph":[{"@type":"WebPage","@id":"https:\/\/sarptoys.com\/urun\/civciv-desenli-yagmurluk-mavi\/","url":"https:\/\/sarptoys.com\/urun\/civciv-desenli-yagmurluk-mavi\/","name":"\u00d6rdek Desenli Ya\u011fmurluk Mavi -","isPartOf":{"@id":"https:\/\/sarptoys.com\/tr\/#website"},"primaryImageOfPage":{"@id":"https:\/\/sarptoys.com\/urun\/civciv-desenli-yagmurluk-mavi\/#primaryimage"},"image":{"@id":"https:\/\/sarptoys.com\/urun\/civciv-desenli-yagmurluk-mavi\/#primaryimage"},"thumbnailUrl":"https:\/\/sarptoys.com\/wp-content\/uploads\/2024\/10\/IMG_0457-kopya.png","datePublished":"2024-10-02T14:52:12+00:00","dateModified":"2024-10-18T08:09:41+00:00","breadcrumb":{"@id":"https:\/\/sarptoys.com\/urun\/civciv-desenli-yagmurluk-mavi\/#breadcrumb"},"inLanguage":"tr","potentialAction":[{"@type":"ReadAction","target":["https:\/\/sarptoys.com\/urun\/civciv-desenli-yagmurluk-mavi\/"]}]},{"@type":"ImageObject","inLanguage":"tr","@id":"https:\/\/sarptoys.com\/urun\/civciv-desenli-yagmurluk-mavi\/#primaryimage","url":"https:\/\/sarptoys.com\/wp-content\/uploads\/2024\/10\/IMG_0457-kopya.png","contentUrl":"https:\/\/sarptoys.com\/wp-content\/uploads\/2024\/10\/IMG_0457-kopya.png","width":1200,"height":1200},{"@type":"BreadcrumbList","@id":"https:\/\/sarptoys.com\/urun\/civciv-desenli-yagmurluk-mavi\/#breadcrumb","itemListElement":[{"@type":"ListItem","position":1,"name":"Anasayfa","item":"https:\/\/sarptoys.com\/"},{"@type":"ListItem","position":2,"name":"Ma\u011faza","item":"https:\/\/sarptoys.com\/magaza-2\/"},{"@type":"ListItem","position":3,"name":"\u00d6rdek Desenli Ya\u011fmurluk Mavi"}]},{"@type":"WebSite","@id":"https:\/\/sarptoys.com\/tr\/#website","url":"https:\/\/sarptoys.com\/tr\/","name":"Sarp Toys","description":"","publisher":{"@id":"https:\/\/sarptoys.com\/tr\/#organization"},"potentialAction":[{"@type":"SearchAction","target":{"@type":"EntryPoint","urlTemplate":"https:\/\/sarptoys.com\/tr\/?s={search_term_string}"},"query-input":{"@type":"PropertyValueSpecification","valueRequired":true,"valueName":"search_term_string"}}],"inLanguage":"tr"},{"@type":"Organization","@id":"https:\/\/sarptoys.com\/tr\/#organization","name":"Sarp Toys","url":"https:\/\/sarptoys.com\/tr\/","logo":{"@type":"ImageObject","inLanguage":"tr","@id":"https:\/\/sarptoys.com\/tr\/#\/schema\/logo\/image\/","url":"https:\/\/sarptoys.com\/wp-content\/uploads\/2024\/07\/cropped-Artboard-4.png","contentUrl":"https:\/\/sarptoys.com\/wp-content\/uploads\/2024\/07\/cropped-Artboard-4.png","width":3461,"height":1062,"caption":"Sarp Toys"},"image":{"@id":"https:\/\/sarptoys.com\/tr\/#\/schema\/logo\/image\/"}}]}},"brands":[],"_links":{"self":[{"href":"https:\/\/sarptoys.com\/tr\/wp-json\/wp\/v2\/product\/6999","targetHints":{"allow":["GET"]}}],"collection":[{"href":"https:\/\/sarptoys.com\/tr\/wp-json\/wp\/v2\/product"}],"about":[{"href":"https:\/\/sarptoys.com\/tr\/wp-json\/wp\/v2\/types\/product"}],"replies":[{"embeddable":true,"href":"https:\/\/sarptoys.com\/tr\/wp-json\/wp\/v2\/comments?post=6999"}],"version-history":[{"count":0,"href":"https:\/\/sarptoys.com\/tr\/wp-json\/wp\/v2\/product\/6999\/revisions"}],"wp:featuredmedia":[{"embeddable":true,"href":"https:\/\/sarptoys.com\/tr\/wp-json\/wp\/v2\/media\/7000"}],"wp:attachment":[{"href":"https:\/\/sarptoys.com\/tr\/wp-json\/wp\/v2\/media?parent=6999"}],"wp:term":[{"taxonomy":"pwb-brand","embeddable":true,"href":"https:\/\/sarptoys.com\/tr\/wp-json\/wp\/v2\/pwb-brand?post=6999"},{"taxonomy":"product_brand","embeddable":true,"href":"https:\/\/sarptoys.com\/tr\/wp-json\/wp\/v2\/product_brand?post=6999"},{"taxonomy":"product_cat","embeddable":true,"href":"https:\/\/sarptoys.com\/tr\/wp-json\/wp\/v2\/product_cat?post=6999"},{"taxonomy":"product_tag","embeddable":true,"href":"https:\/\/sarptoys.com\/tr\/wp-json\/wp\/v2\/product_tag?post=6999"}],"curies":[{"name":"wp","href":"https:\/\/api.w.org\/{rel}","templated":true}]}}