{"id":6825,"date":"2024-10-02T13:20:57","date_gmt":"2024-10-02T10:20:57","guid":{"rendered":"https:\/\/sarptoys.com\/?post_type=product&#038;p=6825"},"modified":"2024-10-02T16:30:18","modified_gmt":"2024-10-02T13:30:18","slug":"dis-ipli-pelus-unicorn","status":"publish","type":"product","link":"https:\/\/sarptoys.com\/tr\/urun\/dis-ipli-pelus-unicorn\/","title":{"rendered":"Di\u015f \u0130pli Pelu\u015f Unicorn"},"content":{"rendered":"","protected":false},"excerpt":{"rendered":"<p>Sevimli dostlar\u0131n\u0131z\u0131n oyun saatlerine e\u011flence katacak bu di\u015f ipli pelu\u015f hayvanlar, hem e\u011flenceli hem de fonksiyonel bir deneyim sunuyor!<br \/>\n&#8211; Y\u00fcksek kaliteli pelu\u015f malzeme, kedinizin veya k\u00f6pe\u011finizin rahat\u00e7a oynayabilmesi i\u00e7in tasarland\u0131. Yumu\u015fak dokusu, di\u015flerine zarar vermeden g\u00fcvenli bir oyun deneyimi sa\u011flar.<br \/>\n&#8211;  Ayaklar\u0131nda bulunan di\u015f ipi, evcil hayvanlar\u0131n\u0131z\u0131n di\u015f sa\u011fl\u0131\u011f\u0131n\u0131 desteklerken ayn\u0131 zamanda onlar\u0131n di\u015flerini temizlemeye yard\u0131mc\u0131 olur. Oyun oynarken sa\u011fl\u0131kl\u0131 al\u0131\u015fkanl\u0131klar kazand\u0131r\u0131r.<br \/>\n&#8211; Farkl\u0131 hayvan fig\u00fcrleri ve e\u011flenceli y\u00fcz ifadeleri, evcil dostlar\u0131n\u0131z\u0131n dikkatini \u00e7eker.<br \/>\nk\u00f6pe\u011finizin hem e\u011flenmesini hem de di\u015f sa\u011fl\u0131\u011f\u0131n\u0131 korumas\u0131n\u0131 sa\u011flayacak bu pelu\u015f hayvanlarla oyun saatlerini daha keyifli hale getirin!<\/p>\n","protected":false},"featured_media":6826,"comment_status":"closed","ping_status":"closed","template":"","meta":{"site-sidebar-layout":"default","site-content-layout":"","ast-site-content-layout":"default","site-content-style":"default","site-sidebar-style":"default","ast-global-header-display":"","ast-banner-title-visibility":"","ast-main-header-display":"","ast-hfb-above-header-display":"","ast-hfb-below-header-display":"","ast-hfb-mobile-header-display":"","site-post-title":"","ast-breadcrumbs-content":"","ast-featured-img":"","footer-sml-layout":"","theme-transparent-header-meta":"default","adv-header-id-meta":"","stick-header-meta":"","header-above-stick-meta":"","header-main-stick-meta":"","header-below-stick-meta":"","astra-migrate-meta-layouts":"set","ast-page-background-enabled":"default","ast-page-background-meta":{"desktop":{"background-color":"var(--ast-global-color-4)","background-image":"","background-repeat":"repeat","background-position":"center center","background-size":"auto","background-attachment":"scroll","background-type":"","background-media":"","overlay-type":"","overlay-color":"","overlay-opacity":"","overlay-gradient":""},"tablet":{"background-color":"","background-image":"","background-repeat":"repeat","background-position":"center center","background-size":"auto","background-attachment":"scroll","background-type":"","background-media":"","overlay-type":"","overlay-color":"","overlay-opacity":"","overlay-gradient":""},"mobile":{"background-color":"","background-image":"","background-repeat":"repeat","background-position":"center center","background-size":"auto","background-attachment":"scroll","background-type":"","background-media":"","overlay-type":"","overlay-color":"","overlay-opacity":"","overlay-gradient":""}},"ast-content-background-meta":{"desktop":{"background-color":"var(--ast-global-color-5)","background-image":"","background-repeat":"repeat","background-position":"center center","background-size":"auto","background-attachment":"scroll","background-type":"","background-media":"","overlay-type":"","overlay-color":"","overlay-opacity":"","overlay-gradient":""},"tablet":{"background-color":"var(--ast-global-color-5)","background-image":"","background-repeat":"repeat","background-position":"center center","background-size":"auto","background-attachment":"scroll","background-type":"","background-media":"","overlay-type":"","overlay-color":"","overlay-opacity":"","overlay-gradient":""},"mobile":{"background-color":"var(--ast-global-color-5)","background-image":"","background-repeat":"repeat","background-position":"center center","background-size":"auto","background-attachment":"scroll","background-type":"","background-media":"","overlay-type":"","overlay-color":"","overlay-opacity":"","overlay-gradient":""}}},"pwb-brand":[175],"product_brand":[],"product_cat":[193,194,184],"product_tag":[],"class_list":{"0":"post-6825","1":"product","2":"type-product","3":"status-publish","4":"has-post-thumbnail","6":"pwb-brand-bell-zil","7":"product_cat-oyun-ve-eglence","8":"product_cat-pelus-oyuncaklar","9":"product_cat-pookie","10":"desktop-align-left","11":"tablet-align-left","12":"mobile-align-left","14":"first","15":"instock","16":"virtual","17":"taxable","18":"product-type-simple"},"yoast_head":"<!-- This site is optimized with the Yoast SEO plugin v26.8 - https:\/\/yoast.com\/product\/yoast-seo-wordpress\/ -->\n<title>Di\u015f \u0130pli Pelu\u015f Unicorn -<\/title>\n<meta name=\"robots\" content=\"index, follow, max-snippet:-1, max-image-preview:large, max-video-preview:-1\" \/>\n<link rel=\"canonical\" href=\"https:\/\/sarptoys.com\/tr\/urun\/dis-ipli-pelus-unicorn\/\" \/>\n<meta property=\"og:locale\" content=\"tr_TR\" \/>\n<meta property=\"og:type\" content=\"article\" \/>\n<meta property=\"og:title\" content=\"Di\u015f \u0130pli Pelu\u015f Unicorn -\" \/>\n<meta property=\"og:description\" content=\"Sevimli dostlar\u0131n\u0131z\u0131n oyun saatlerine e\u011flence katacak bu di\u015f ipli pelu\u015f hayvanlar, hem e\u011flenceli hem de fonksiyonel bir deneyim sunuyor! - Y\u00fcksek kaliteli pelu\u015f malzeme, kedinizin veya k\u00f6pe\u011finizin rahat\u00e7a oynayabilmesi i\u00e7in tasarland\u0131. Yumu\u015fak dokusu, di\u015flerine zarar vermeden g\u00fcvenli bir oyun deneyimi sa\u011flar. - Ayaklar\u0131nda bulunan di\u015f ipi, evcil hayvanlar\u0131n\u0131z\u0131n di\u015f sa\u011fl\u0131\u011f\u0131n\u0131 desteklerken ayn\u0131 zamanda onlar\u0131n di\u015flerini temizlemeye yard\u0131mc\u0131 olur. Oyun oynarken sa\u011fl\u0131kl\u0131 al\u0131\u015fkanl\u0131klar kazand\u0131r\u0131r. - Farkl\u0131 hayvan fig\u00fcrleri ve e\u011flenceli y\u00fcz ifadeleri, evcil dostlar\u0131n\u0131z\u0131n dikkatini \u00e7eker.  k\u00f6pe\u011finizin hem e\u011flenmesini hem de di\u015f sa\u011fl\u0131\u011f\u0131n\u0131 korumas\u0131n\u0131 sa\u011flayacak bu pelu\u015f hayvanlarla oyun saatlerini daha keyifli hale getirin!\" \/>\n<meta property=\"og:url\" content=\"https:\/\/sarptoys.com\/tr\/urun\/dis-ipli-pelus-unicorn\/\" \/>\n<meta property=\"article:modified_time\" content=\"2024-10-02T13:30:18+00:00\" \/>\n<meta property=\"og:image\" content=\"https:\/\/sarptoys.com\/wp-content\/uploads\/2024\/10\/IMG_0421-kopya.png\" \/>\n\t<meta property=\"og:image:width\" content=\"1200\" \/>\n\t<meta property=\"og:image:height\" content=\"1200\" \/>\n\t<meta property=\"og:image:type\" content=\"image\/png\" \/>\n<meta name=\"twitter:card\" content=\"summary_large_image\" \/>\n<meta name=\"twitter:label1\" content=\"Tahmini okuma s\u00fcresi\" \/>\n\t<meta name=\"twitter:data1\" content=\"1 dakika\" \/>\n<script type=\"application\/ld+json\" class=\"yoast-schema-graph\">{\"@context\":\"https:\/\/schema.org\",\"@graph\":[{\"@type\":\"WebPage\",\"@id\":\"https:\/\/sarptoys.com\/urun\/dis-ipli-pelus-unicorn\/\",\"url\":\"https:\/\/sarptoys.com\/urun\/dis-ipli-pelus-unicorn\/\",\"name\":\"Di\u015f \u0130pli Pelu\u015f Unicorn -\",\"isPartOf\":{\"@id\":\"https:\/\/sarptoys.com\/tr\/#website\"},\"primaryImageOfPage\":{\"@id\":\"https:\/\/sarptoys.com\/urun\/dis-ipli-pelus-unicorn\/#primaryimage\"},\"image\":{\"@id\":\"https:\/\/sarptoys.com\/urun\/dis-ipli-pelus-unicorn\/#primaryimage\"},\"thumbnailUrl\":\"https:\/\/sarptoys.com\/wp-content\/uploads\/2024\/10\/IMG_0421-kopya.png\",\"datePublished\":\"2024-10-02T10:20:57+00:00\",\"dateModified\":\"2024-10-02T13:30:18+00:00\",\"breadcrumb\":{\"@id\":\"https:\/\/sarptoys.com\/urun\/dis-ipli-pelus-unicorn\/#breadcrumb\"},\"inLanguage\":\"tr\",\"potentialAction\":[{\"@type\":\"ReadAction\",\"target\":[\"https:\/\/sarptoys.com\/urun\/dis-ipli-pelus-unicorn\/\"]}]},{\"@type\":\"ImageObject\",\"inLanguage\":\"tr\",\"@id\":\"https:\/\/sarptoys.com\/urun\/dis-ipli-pelus-unicorn\/#primaryimage\",\"url\":\"https:\/\/sarptoys.com\/wp-content\/uploads\/2024\/10\/IMG_0421-kopya.png\",\"contentUrl\":\"https:\/\/sarptoys.com\/wp-content\/uploads\/2024\/10\/IMG_0421-kopya.png\",\"width\":1200,\"height\":1200},{\"@type\":\"BreadcrumbList\",\"@id\":\"https:\/\/sarptoys.com\/urun\/dis-ipli-pelus-unicorn\/#breadcrumb\",\"itemListElement\":[{\"@type\":\"ListItem\",\"position\":1,\"name\":\"Anasayfa\",\"item\":\"https:\/\/sarptoys.com\/\"},{\"@type\":\"ListItem\",\"position\":2,\"name\":\"Ma\u011faza\",\"item\":\"https:\/\/sarptoys.com\/magaza-2\/\"},{\"@type\":\"ListItem\",\"position\":3,\"name\":\"Di\u015f \u0130pli Pelu\u015f Unicorn\"}]},{\"@type\":\"WebSite\",\"@id\":\"https:\/\/sarptoys.com\/tr\/#website\",\"url\":\"https:\/\/sarptoys.com\/tr\/\",\"name\":\"Sarp Toys\",\"description\":\"\",\"publisher\":{\"@id\":\"https:\/\/sarptoys.com\/tr\/#organization\"},\"potentialAction\":[{\"@type\":\"SearchAction\",\"target\":{\"@type\":\"EntryPoint\",\"urlTemplate\":\"https:\/\/sarptoys.com\/tr\/?s={search_term_string}\"},\"query-input\":{\"@type\":\"PropertyValueSpecification\",\"valueRequired\":true,\"valueName\":\"search_term_string\"}}],\"inLanguage\":\"tr\"},{\"@type\":\"Organization\",\"@id\":\"https:\/\/sarptoys.com\/tr\/#organization\",\"name\":\"Sarp Toys\",\"url\":\"https:\/\/sarptoys.com\/tr\/\",\"logo\":{\"@type\":\"ImageObject\",\"inLanguage\":\"tr\",\"@id\":\"https:\/\/sarptoys.com\/tr\/#\/schema\/logo\/image\/\",\"url\":\"https:\/\/sarptoys.com\/wp-content\/uploads\/2024\/07\/cropped-Artboard-4.png\",\"contentUrl\":\"https:\/\/sarptoys.com\/wp-content\/uploads\/2024\/07\/cropped-Artboard-4.png\",\"width\":3461,\"height\":1062,\"caption\":\"Sarp Toys\"},\"image\":{\"@id\":\"https:\/\/sarptoys.com\/tr\/#\/schema\/logo\/image\/\"}}]}<\/script>\n<!-- \/ Yoast SEO plugin. -->","yoast_head_json":{"title":"Di\u015f \u0130pli Pelu\u015f Unicorn -","robots":{"index":"index","follow":"follow","max-snippet":"max-snippet:-1","max-image-preview":"max-image-preview:large","max-video-preview":"max-video-preview:-1"},"canonical":"https:\/\/sarptoys.com\/tr\/urun\/dis-ipli-pelus-unicorn\/","og_locale":"tr_TR","og_type":"article","og_title":"Di\u015f \u0130pli Pelu\u015f Unicorn -","og_description":"Sevimli dostlar\u0131n\u0131z\u0131n oyun saatlerine e\u011flence katacak bu di\u015f ipli pelu\u015f hayvanlar, hem e\u011flenceli hem de fonksiyonel bir deneyim sunuyor! - Y\u00fcksek kaliteli pelu\u015f malzeme, kedinizin veya k\u00f6pe\u011finizin rahat\u00e7a oynayabilmesi i\u00e7in tasarland\u0131. Yumu\u015fak dokusu, di\u015flerine zarar vermeden g\u00fcvenli bir oyun deneyimi sa\u011flar. - Ayaklar\u0131nda bulunan di\u015f ipi, evcil hayvanlar\u0131n\u0131z\u0131n di\u015f sa\u011fl\u0131\u011f\u0131n\u0131 desteklerken ayn\u0131 zamanda onlar\u0131n di\u015flerini temizlemeye yard\u0131mc\u0131 olur. Oyun oynarken sa\u011fl\u0131kl\u0131 al\u0131\u015fkanl\u0131klar kazand\u0131r\u0131r. - Farkl\u0131 hayvan fig\u00fcrleri ve e\u011flenceli y\u00fcz ifadeleri, evcil dostlar\u0131n\u0131z\u0131n dikkatini \u00e7eker.  k\u00f6pe\u011finizin hem e\u011flenmesini hem de di\u015f sa\u011fl\u0131\u011f\u0131n\u0131 korumas\u0131n\u0131 sa\u011flayacak bu pelu\u015f hayvanlarla oyun saatlerini daha keyifli hale getirin!","og_url":"https:\/\/sarptoys.com\/tr\/urun\/dis-ipli-pelus-unicorn\/","article_modified_time":"2024-10-02T13:30:18+00:00","og_image":[{"width":1200,"height":1200,"url":"https:\/\/sarptoys.com\/wp-content\/uploads\/2024\/10\/IMG_0421-kopya.png","type":"image\/png"}],"twitter_card":"summary_large_image","twitter_misc":{"Tahmini okuma s\u00fcresi":"1 dakika"},"schema":{"@context":"https:\/\/schema.org","@graph":[{"@type":"WebPage","@id":"https:\/\/sarptoys.com\/urun\/dis-ipli-pelus-unicorn\/","url":"https:\/\/sarptoys.com\/urun\/dis-ipli-pelus-unicorn\/","name":"Di\u015f \u0130pli Pelu\u015f Unicorn -","isPartOf":{"@id":"https:\/\/sarptoys.com\/tr\/#website"},"primaryImageOfPage":{"@id":"https:\/\/sarptoys.com\/urun\/dis-ipli-pelus-unicorn\/#primaryimage"},"image":{"@id":"https:\/\/sarptoys.com\/urun\/dis-ipli-pelus-unicorn\/#primaryimage"},"thumbnailUrl":"https:\/\/sarptoys.com\/wp-content\/uploads\/2024\/10\/IMG_0421-kopya.png","datePublished":"2024-10-02T10:20:57+00:00","dateModified":"2024-10-02T13:30:18+00:00","breadcrumb":{"@id":"https:\/\/sarptoys.com\/urun\/dis-ipli-pelus-unicorn\/#breadcrumb"},"inLanguage":"tr","potentialAction":[{"@type":"ReadAction","target":["https:\/\/sarptoys.com\/urun\/dis-ipli-pelus-unicorn\/"]}]},{"@type":"ImageObject","inLanguage":"tr","@id":"https:\/\/sarptoys.com\/urun\/dis-ipli-pelus-unicorn\/#primaryimage","url":"https:\/\/sarptoys.com\/wp-content\/uploads\/2024\/10\/IMG_0421-kopya.png","contentUrl":"https:\/\/sarptoys.com\/wp-content\/uploads\/2024\/10\/IMG_0421-kopya.png","width":1200,"height":1200},{"@type":"BreadcrumbList","@id":"https:\/\/sarptoys.com\/urun\/dis-ipli-pelus-unicorn\/#breadcrumb","itemListElement":[{"@type":"ListItem","position":1,"name":"Anasayfa","item":"https:\/\/sarptoys.com\/"},{"@type":"ListItem","position":2,"name":"Ma\u011faza","item":"https:\/\/sarptoys.com\/magaza-2\/"},{"@type":"ListItem","position":3,"name":"Di\u015f \u0130pli Pelu\u015f Unicorn"}]},{"@type":"WebSite","@id":"https:\/\/sarptoys.com\/tr\/#website","url":"https:\/\/sarptoys.com\/tr\/","name":"Sarp Toys","description":"","publisher":{"@id":"https:\/\/sarptoys.com\/tr\/#organization"},"potentialAction":[{"@type":"SearchAction","target":{"@type":"EntryPoint","urlTemplate":"https:\/\/sarptoys.com\/tr\/?s={search_term_string}"},"query-input":{"@type":"PropertyValueSpecification","valueRequired":true,"valueName":"search_term_string"}}],"inLanguage":"tr"},{"@type":"Organization","@id":"https:\/\/sarptoys.com\/tr\/#organization","name":"Sarp Toys","url":"https:\/\/sarptoys.com\/tr\/","logo":{"@type":"ImageObject","inLanguage":"tr","@id":"https:\/\/sarptoys.com\/tr\/#\/schema\/logo\/image\/","url":"https:\/\/sarptoys.com\/wp-content\/uploads\/2024\/07\/cropped-Artboard-4.png","contentUrl":"https:\/\/sarptoys.com\/wp-content\/uploads\/2024\/07\/cropped-Artboard-4.png","width":3461,"height":1062,"caption":"Sarp Toys"},"image":{"@id":"https:\/\/sarptoys.com\/tr\/#\/schema\/logo\/image\/"}}]}},"brands":[{"id":175,"name":"Bell -Zil","slug":"bell-zil"}],"_links":{"self":[{"href":"https:\/\/sarptoys.com\/tr\/wp-json\/wp\/v2\/product\/6825","targetHints":{"allow":["GET"]}}],"collection":[{"href":"https:\/\/sarptoys.com\/tr\/wp-json\/wp\/v2\/product"}],"about":[{"href":"https:\/\/sarptoys.com\/tr\/wp-json\/wp\/v2\/types\/product"}],"replies":[{"embeddable":true,"href":"https:\/\/sarptoys.com\/tr\/wp-json\/wp\/v2\/comments?post=6825"}],"version-history":[{"count":0,"href":"https:\/\/sarptoys.com\/tr\/wp-json\/wp\/v2\/product\/6825\/revisions"}],"wp:featuredmedia":[{"embeddable":true,"href":"https:\/\/sarptoys.com\/tr\/wp-json\/wp\/v2\/media\/6826"}],"wp:attachment":[{"href":"https:\/\/sarptoys.com\/tr\/wp-json\/wp\/v2\/media?parent=6825"}],"wp:term":[{"taxonomy":"pwb-brand","embeddable":true,"href":"https:\/\/sarptoys.com\/tr\/wp-json\/wp\/v2\/pwb-brand?post=6825"},{"taxonomy":"product_brand","embeddable":true,"href":"https:\/\/sarptoys.com\/tr\/wp-json\/wp\/v2\/product_brand?post=6825"},{"taxonomy":"product_cat","embeddable":true,"href":"https:\/\/sarptoys.com\/tr\/wp-json\/wp\/v2\/product_cat?post=6825"},{"taxonomy":"product_tag","embeddable":true,"href":"https:\/\/sarptoys.com\/tr\/wp-json\/wp\/v2\/product_tag?post=6825"}],"curies":[{"name":"wp","href":"https:\/\/api.w.org\/{rel}","templated":true}]}}