{"id":6748,"date":"2024-10-02T12:56:37","date_gmt":"2024-10-02T09:56:37","guid":{"rendered":"https:\/\/sarptoys.com\/?post_type=product&#038;p=6748"},"modified":"2024-10-02T12:57:19","modified_gmt":"2024-10-02T09:57:19","slug":"pelus-hardal","status":"publish","type":"product","link":"https:\/\/sarptoys.com\/tr\/urun\/pelus-hardal\/","title":{"rendered":"Pelu\u015f Hardal"},"content":{"rendered":"","protected":false},"excerpt":{"rendered":"<p>Evcil hayvanlar\u0131n\u0131z i\u00e7in e\u011flenceli ve sevimli bir oyun deneyimi sunan pelu\u015f yiyecekler, oyun saatlerine renk katacak!<br \/>\n&#8211;  Yumu\u015fak dokusu sayesinde kediler ve k\u00f6pekler i\u00e7in g\u00fcvenli bir oyun arkada\u015f\u0131d\u0131r. Di\u015flerine zarar vermeden saatlerce oynayabilirler.<br \/>\n&#8211;  Farkl\u0131 yiyecek \u015fekilleri ve canl\u0131 renkleri, evcil hayvanlar\u0131n\u0131z\u0131n ilgisini \u00e7eker. G\u00f6rsel \u00e7ekicili\u011fi sayesinde oyun s\u0131ras\u0131nda onlar\u0131n merak\u0131n\u0131 art\u0131r\u0131r.<br \/>\n&#8211;  Pelu\u015f yiyecekler, evcil dostlar\u0131n\u0131z\u0131n sahipleriyle etkile\u015fimli oyunlar oynamas\u0131na olanak tan\u0131r. Bu oyuncaklar, birlikte ge\u00e7irilen zaman\u0131n keyfini art\u0131r\u0131r ve ba\u011f\u0131n\u0131z\u0131 g\u00fc\u00e7lendirir.<br \/>\nEvcil hayvanlar\u0131n\u0131za sevimli ve e\u011flenceli bir oyun arkada\u015f\u0131 sunarak, oyun saatlerini daha keyifli hale getirin!<\/p>\n","protected":false},"featured_media":6749,"comment_status":"closed","ping_status":"closed","template":"","meta":{"site-sidebar-layout":"default","site-content-layout":"","ast-site-content-layout":"default","site-content-style":"default","site-sidebar-style":"default","ast-global-header-display":"","ast-banner-title-visibility":"","ast-main-header-display":"","ast-hfb-above-header-display":"","ast-hfb-below-header-display":"","ast-hfb-mobile-header-display":"","site-post-title":"","ast-breadcrumbs-content":"","ast-featured-img":"","footer-sml-layout":"","theme-transparent-header-meta":"default","adv-header-id-meta":"","stick-header-meta":"","header-above-stick-meta":"","header-main-stick-meta":"","header-below-stick-meta":"","astra-migrate-meta-layouts":"set","ast-page-background-enabled":"default","ast-page-background-meta":{"desktop":{"background-color":"var(--ast-global-color-4)","background-image":"","background-repeat":"repeat","background-position":"center center","background-size":"auto","background-attachment":"scroll","background-type":"","background-media":"","overlay-type":"","overlay-color":"","overlay-opacity":"","overlay-gradient":""},"tablet":{"background-color":"","background-image":"","background-repeat":"repeat","background-position":"center center","background-size":"auto","background-attachment":"scroll","background-type":"","background-media":"","overlay-type":"","overlay-color":"","overlay-opacity":"","overlay-gradient":""},"mobile":{"background-color":"","background-image":"","background-repeat":"repeat","background-position":"center center","background-size":"auto","background-attachment":"scroll","background-type":"","background-media":"","overlay-type":"","overlay-color":"","overlay-opacity":"","overlay-gradient":""}},"ast-content-background-meta":{"desktop":{"background-color":"var(--ast-global-color-5)","background-image":"","background-repeat":"repeat","background-position":"center center","background-size":"auto","background-attachment":"scroll","background-type":"","background-media":"","overlay-type":"","overlay-color":"","overlay-opacity":"","overlay-gradient":""},"tablet":{"background-color":"var(--ast-global-color-5)","background-image":"","background-repeat":"repeat","background-position":"center center","background-size":"auto","background-attachment":"scroll","background-type":"","background-media":"","overlay-type":"","overlay-color":"","overlay-opacity":"","overlay-gradient":""},"mobile":{"background-color":"var(--ast-global-color-5)","background-image":"","background-repeat":"repeat","background-position":"center center","background-size":"auto","background-attachment":"scroll","background-type":"","background-media":"","overlay-type":"","overlay-color":"","overlay-opacity":"","overlay-gradient":""}}},"pwb-brand":[172,170,177],"product_brand":[],"product_cat":[193,194,184],"product_tag":[],"class_list":{"0":"post-6748","1":"product","2":"type-product","3":"status-publish","4":"has-post-thumbnail","6":"pwb-brand-crinckle-hisirti","7":"pwb-brand-rattle-cingirak","8":"pwb-brand-squeak-vikvrik","9":"product_cat-oyun-ve-eglence","10":"product_cat-pelus-oyuncaklar","11":"product_cat-pookie","12":"desktop-align-left","13":"tablet-align-left","14":"mobile-align-left","16":"first","17":"instock","18":"virtual","19":"taxable","20":"product-type-simple"},"yoast_head":"<!-- This site is optimized with the Yoast SEO plugin v26.8 - https:\/\/yoast.com\/product\/yoast-seo-wordpress\/ -->\n<title>Pelu\u015f Hardal -<\/title>\n<meta name=\"robots\" content=\"index, follow, max-snippet:-1, max-image-preview:large, max-video-preview:-1\" \/>\n<link rel=\"canonical\" href=\"https:\/\/sarptoys.com\/tr\/urun\/pelus-hardal\/\" \/>\n<meta property=\"og:locale\" content=\"tr_TR\" \/>\n<meta property=\"og:type\" content=\"article\" \/>\n<meta property=\"og:title\" content=\"Pelu\u015f Hardal -\" \/>\n<meta property=\"og:description\" content=\"Evcil hayvanlar\u0131n\u0131z i\u00e7in e\u011flenceli ve sevimli bir oyun deneyimi sunan pelu\u015f yiyecekler, oyun saatlerine renk katacak! - Yumu\u015fak dokusu sayesinde kediler ve k\u00f6pekler i\u00e7in g\u00fcvenli bir oyun arkada\u015f\u0131d\u0131r. Di\u015flerine zarar vermeden saatlerce oynayabilirler. - Farkl\u0131 yiyecek \u015fekilleri ve canl\u0131 renkleri, evcil hayvanlar\u0131n\u0131z\u0131n ilgisini \u00e7eker. G\u00f6rsel \u00e7ekicili\u011fi sayesinde oyun s\u0131ras\u0131nda onlar\u0131n merak\u0131n\u0131 art\u0131r\u0131r. - Pelu\u015f yiyecekler, evcil dostlar\u0131n\u0131z\u0131n sahipleriyle etkile\u015fimli oyunlar oynamas\u0131na olanak tan\u0131r. Bu oyuncaklar, birlikte ge\u00e7irilen zaman\u0131n keyfini art\u0131r\u0131r ve ba\u011f\u0131n\u0131z\u0131 g\u00fc\u00e7lendirir. Evcil hayvanlar\u0131n\u0131za sevimli ve e\u011flenceli bir oyun arkada\u015f\u0131 sunarak, oyun saatlerini daha keyifli hale getirin!\" \/>\n<meta property=\"og:url\" content=\"https:\/\/sarptoys.com\/tr\/urun\/pelus-hardal\/\" \/>\n<meta property=\"article:modified_time\" content=\"2024-10-02T09:57:19+00:00\" \/>\n<meta property=\"og:image\" content=\"https:\/\/sarptoys.com\/wp-content\/uploads\/2024\/10\/IMG_0354-kopya.png\" \/>\n\t<meta property=\"og:image:width\" content=\"1200\" \/>\n\t<meta property=\"og:image:height\" content=\"1200\" \/>\n\t<meta property=\"og:image:type\" content=\"image\/png\" \/>\n<meta name=\"twitter:card\" content=\"summary_large_image\" \/>\n<meta name=\"twitter:label1\" content=\"Tahmini okuma s\u00fcresi\" \/>\n\t<meta name=\"twitter:data1\" content=\"1 dakika\" \/>\n<script type=\"application\/ld+json\" class=\"yoast-schema-graph\">{\"@context\":\"https:\/\/schema.org\",\"@graph\":[{\"@type\":\"WebPage\",\"@id\":\"https:\/\/sarptoys.com\/urun\/pelus-hardal\/\",\"url\":\"https:\/\/sarptoys.com\/urun\/pelus-hardal\/\",\"name\":\"Pelu\u015f Hardal -\",\"isPartOf\":{\"@id\":\"https:\/\/sarptoys.com\/tr\/#website\"},\"primaryImageOfPage\":{\"@id\":\"https:\/\/sarptoys.com\/urun\/pelus-hardal\/#primaryimage\"},\"image\":{\"@id\":\"https:\/\/sarptoys.com\/urun\/pelus-hardal\/#primaryimage\"},\"thumbnailUrl\":\"https:\/\/sarptoys.com\/wp-content\/uploads\/2024\/10\/IMG_0354-kopya.png\",\"datePublished\":\"2024-10-02T09:56:37+00:00\",\"dateModified\":\"2024-10-02T09:57:19+00:00\",\"breadcrumb\":{\"@id\":\"https:\/\/sarptoys.com\/urun\/pelus-hardal\/#breadcrumb\"},\"inLanguage\":\"tr\",\"potentialAction\":[{\"@type\":\"ReadAction\",\"target\":[\"https:\/\/sarptoys.com\/urun\/pelus-hardal\/\"]}]},{\"@type\":\"ImageObject\",\"inLanguage\":\"tr\",\"@id\":\"https:\/\/sarptoys.com\/urun\/pelus-hardal\/#primaryimage\",\"url\":\"https:\/\/sarptoys.com\/wp-content\/uploads\/2024\/10\/IMG_0354-kopya.png\",\"contentUrl\":\"https:\/\/sarptoys.com\/wp-content\/uploads\/2024\/10\/IMG_0354-kopya.png\",\"width\":1200,\"height\":1200},{\"@type\":\"BreadcrumbList\",\"@id\":\"https:\/\/sarptoys.com\/urun\/pelus-hardal\/#breadcrumb\",\"itemListElement\":[{\"@type\":\"ListItem\",\"position\":1,\"name\":\"Anasayfa\",\"item\":\"https:\/\/sarptoys.com\/\"},{\"@type\":\"ListItem\",\"position\":2,\"name\":\"Ma\u011faza\",\"item\":\"https:\/\/sarptoys.com\/magaza-2\/\"},{\"@type\":\"ListItem\",\"position\":3,\"name\":\"Pelu\u015f Hardal\"}]},{\"@type\":\"WebSite\",\"@id\":\"https:\/\/sarptoys.com\/tr\/#website\",\"url\":\"https:\/\/sarptoys.com\/tr\/\",\"name\":\"Sarp Toys\",\"description\":\"\",\"publisher\":{\"@id\":\"https:\/\/sarptoys.com\/tr\/#organization\"},\"potentialAction\":[{\"@type\":\"SearchAction\",\"target\":{\"@type\":\"EntryPoint\",\"urlTemplate\":\"https:\/\/sarptoys.com\/tr\/?s={search_term_string}\"},\"query-input\":{\"@type\":\"PropertyValueSpecification\",\"valueRequired\":true,\"valueName\":\"search_term_string\"}}],\"inLanguage\":\"tr\"},{\"@type\":\"Organization\",\"@id\":\"https:\/\/sarptoys.com\/tr\/#organization\",\"name\":\"Sarp Toys\",\"url\":\"https:\/\/sarptoys.com\/tr\/\",\"logo\":{\"@type\":\"ImageObject\",\"inLanguage\":\"tr\",\"@id\":\"https:\/\/sarptoys.com\/tr\/#\/schema\/logo\/image\/\",\"url\":\"https:\/\/sarptoys.com\/wp-content\/uploads\/2024\/07\/cropped-Artboard-4.png\",\"contentUrl\":\"https:\/\/sarptoys.com\/wp-content\/uploads\/2024\/07\/cropped-Artboard-4.png\",\"width\":3461,\"height\":1062,\"caption\":\"Sarp Toys\"},\"image\":{\"@id\":\"https:\/\/sarptoys.com\/tr\/#\/schema\/logo\/image\/\"}}]}<\/script>\n<!-- \/ Yoast SEO plugin. -->","yoast_head_json":{"title":"Pelu\u015f Hardal -","robots":{"index":"index","follow":"follow","max-snippet":"max-snippet:-1","max-image-preview":"max-image-preview:large","max-video-preview":"max-video-preview:-1"},"canonical":"https:\/\/sarptoys.com\/tr\/urun\/pelus-hardal\/","og_locale":"tr_TR","og_type":"article","og_title":"Pelu\u015f Hardal -","og_description":"Evcil hayvanlar\u0131n\u0131z i\u00e7in e\u011flenceli ve sevimli bir oyun deneyimi sunan pelu\u015f yiyecekler, oyun saatlerine renk katacak! - Yumu\u015fak dokusu sayesinde kediler ve k\u00f6pekler i\u00e7in g\u00fcvenli bir oyun arkada\u015f\u0131d\u0131r. Di\u015flerine zarar vermeden saatlerce oynayabilirler. - Farkl\u0131 yiyecek \u015fekilleri ve canl\u0131 renkleri, evcil hayvanlar\u0131n\u0131z\u0131n ilgisini \u00e7eker. G\u00f6rsel \u00e7ekicili\u011fi sayesinde oyun s\u0131ras\u0131nda onlar\u0131n merak\u0131n\u0131 art\u0131r\u0131r. - Pelu\u015f yiyecekler, evcil dostlar\u0131n\u0131z\u0131n sahipleriyle etkile\u015fimli oyunlar oynamas\u0131na olanak tan\u0131r. Bu oyuncaklar, birlikte ge\u00e7irilen zaman\u0131n keyfini art\u0131r\u0131r ve ba\u011f\u0131n\u0131z\u0131 g\u00fc\u00e7lendirir. Evcil hayvanlar\u0131n\u0131za sevimli ve e\u011flenceli bir oyun arkada\u015f\u0131 sunarak, oyun saatlerini daha keyifli hale getirin!","og_url":"https:\/\/sarptoys.com\/tr\/urun\/pelus-hardal\/","article_modified_time":"2024-10-02T09:57:19+00:00","og_image":[{"width":1200,"height":1200,"url":"https:\/\/sarptoys.com\/wp-content\/uploads\/2024\/10\/IMG_0354-kopya.png","type":"image\/png"}],"twitter_card":"summary_large_image","twitter_misc":{"Tahmini okuma s\u00fcresi":"1 dakika"},"schema":{"@context":"https:\/\/schema.org","@graph":[{"@type":"WebPage","@id":"https:\/\/sarptoys.com\/urun\/pelus-hardal\/","url":"https:\/\/sarptoys.com\/urun\/pelus-hardal\/","name":"Pelu\u015f Hardal -","isPartOf":{"@id":"https:\/\/sarptoys.com\/tr\/#website"},"primaryImageOfPage":{"@id":"https:\/\/sarptoys.com\/urun\/pelus-hardal\/#primaryimage"},"image":{"@id":"https:\/\/sarptoys.com\/urun\/pelus-hardal\/#primaryimage"},"thumbnailUrl":"https:\/\/sarptoys.com\/wp-content\/uploads\/2024\/10\/IMG_0354-kopya.png","datePublished":"2024-10-02T09:56:37+00:00","dateModified":"2024-10-02T09:57:19+00:00","breadcrumb":{"@id":"https:\/\/sarptoys.com\/urun\/pelus-hardal\/#breadcrumb"},"inLanguage":"tr","potentialAction":[{"@type":"ReadAction","target":["https:\/\/sarptoys.com\/urun\/pelus-hardal\/"]}]},{"@type":"ImageObject","inLanguage":"tr","@id":"https:\/\/sarptoys.com\/urun\/pelus-hardal\/#primaryimage","url":"https:\/\/sarptoys.com\/wp-content\/uploads\/2024\/10\/IMG_0354-kopya.png","contentUrl":"https:\/\/sarptoys.com\/wp-content\/uploads\/2024\/10\/IMG_0354-kopya.png","width":1200,"height":1200},{"@type":"BreadcrumbList","@id":"https:\/\/sarptoys.com\/urun\/pelus-hardal\/#breadcrumb","itemListElement":[{"@type":"ListItem","position":1,"name":"Anasayfa","item":"https:\/\/sarptoys.com\/"},{"@type":"ListItem","position":2,"name":"Ma\u011faza","item":"https:\/\/sarptoys.com\/magaza-2\/"},{"@type":"ListItem","position":3,"name":"Pelu\u015f Hardal"}]},{"@type":"WebSite","@id":"https:\/\/sarptoys.com\/tr\/#website","url":"https:\/\/sarptoys.com\/tr\/","name":"Sarp Toys","description":"","publisher":{"@id":"https:\/\/sarptoys.com\/tr\/#organization"},"potentialAction":[{"@type":"SearchAction","target":{"@type":"EntryPoint","urlTemplate":"https:\/\/sarptoys.com\/tr\/?s={search_term_string}"},"query-input":{"@type":"PropertyValueSpecification","valueRequired":true,"valueName":"search_term_string"}}],"inLanguage":"tr"},{"@type":"Organization","@id":"https:\/\/sarptoys.com\/tr\/#organization","name":"Sarp Toys","url":"https:\/\/sarptoys.com\/tr\/","logo":{"@type":"ImageObject","inLanguage":"tr","@id":"https:\/\/sarptoys.com\/tr\/#\/schema\/logo\/image\/","url":"https:\/\/sarptoys.com\/wp-content\/uploads\/2024\/07\/cropped-Artboard-4.png","contentUrl":"https:\/\/sarptoys.com\/wp-content\/uploads\/2024\/07\/cropped-Artboard-4.png","width":3461,"height":1062,"caption":"Sarp Toys"},"image":{"@id":"https:\/\/sarptoys.com\/tr\/#\/schema\/logo\/image\/"}}]}},"brands":[{"id":172,"name":"Crinckle - H\u0131\u015f\u0131rt\u0131","slug":"crinckle-hisirti"},{"id":170,"name":"Rattle - \u00c7\u0131ng\u0131rak","slug":"rattle-cingirak"},{"id":177,"name":"Squeak - Vikvrik","slug":"squeak-vikvrik"}],"_links":{"self":[{"href":"https:\/\/sarptoys.com\/tr\/wp-json\/wp\/v2\/product\/6748","targetHints":{"allow":["GET"]}}],"collection":[{"href":"https:\/\/sarptoys.com\/tr\/wp-json\/wp\/v2\/product"}],"about":[{"href":"https:\/\/sarptoys.com\/tr\/wp-json\/wp\/v2\/types\/product"}],"replies":[{"embeddable":true,"href":"https:\/\/sarptoys.com\/tr\/wp-json\/wp\/v2\/comments?post=6748"}],"version-history":[{"count":0,"href":"https:\/\/sarptoys.com\/tr\/wp-json\/wp\/v2\/product\/6748\/revisions"}],"wp:featuredmedia":[{"embeddable":true,"href":"https:\/\/sarptoys.com\/tr\/wp-json\/wp\/v2\/media\/6749"}],"wp:attachment":[{"href":"https:\/\/sarptoys.com\/tr\/wp-json\/wp\/v2\/media?parent=6748"}],"wp:term":[{"taxonomy":"pwb-brand","embeddable":true,"href":"https:\/\/sarptoys.com\/tr\/wp-json\/wp\/v2\/pwb-brand?post=6748"},{"taxonomy":"product_brand","embeddable":true,"href":"https:\/\/sarptoys.com\/tr\/wp-json\/wp\/v2\/product_brand?post=6748"},{"taxonomy":"product_cat","embeddable":true,"href":"https:\/\/sarptoys.com\/tr\/wp-json\/wp\/v2\/product_cat?post=6748"},{"taxonomy":"product_tag","embeddable":true,"href":"https:\/\/sarptoys.com\/tr\/wp-json\/wp\/v2\/product_tag?post=6748"}],"curies":[{"name":"wp","href":"https:\/\/api.w.org\/{rel}","templated":true}]}}