{"id":6732,"date":"2024-10-02T11:23:32","date_gmt":"2024-10-02T08:23:32","guid":{"rendered":"https:\/\/sarptoys.com\/?post_type=product&#038;p=6732"},"modified":"2024-10-02T11:24:22","modified_gmt":"2024-10-02T08:24:22","slug":"sevimli-fareler-turkuaz","status":"publish","type":"product","link":"https:\/\/sarptoys.com\/tr\/urun\/sevimli-fareler-turkuaz\/","title":{"rendered":"Sevimli Fareler Turkuaz"},"content":{"rendered":"","protected":false},"excerpt":{"rendered":"<p>Kedinizin oyun saatlerini daha e\u011flenceli hale getiren bu sevimli fare, onlar\u0131n en sevdi\u011fi arkada\u015flar\u0131ndan biri olacak!<br \/>\n&#8211; Kolayca ta\u015f\u0131yabilece\u011fi hafif yap\u0131s\u0131 sayesinde kediniz, bu oyunca\u011f\u0131 patileriyle rahat\u00e7a oynayabilir.<br \/>\n&#8211; Yumu\u015fak dokusu, di\u015f sa\u011fl\u0131\u011f\u0131n\u0131 korurken g\u00fcvenli bir oyun deneyimi sunar.<br \/>\n&#8211; Renkli bask\u0131lar ve farkl\u0131 dokular, kedinizin ilgisini \u00e7eker ve duyusal zenginlik sa\u011flar. Oyun s\u0131ras\u0131nda onlar\u0131n merak\u0131n\u0131 ve ke\u015ffetme iste\u011fini art\u0131r\u0131r.<\/p>\n<p>Kedinizin oyun d\u00fcnyas\u0131na ne\u015fe katacak bu sevimli fare ile keyifli anlar ge\u00e7irin!<\/p>\n","protected":false},"featured_media":6733,"comment_status":"closed","ping_status":"closed","template":"","meta":{"site-sidebar-layout":"default","site-content-layout":"","ast-site-content-layout":"default","site-content-style":"default","site-sidebar-style":"default","ast-global-header-display":"","ast-banner-title-visibility":"","ast-main-header-display":"","ast-hfb-above-header-display":"","ast-hfb-below-header-display":"","ast-hfb-mobile-header-display":"","site-post-title":"","ast-breadcrumbs-content":"","ast-featured-img":"","footer-sml-layout":"","theme-transparent-header-meta":"default","adv-header-id-meta":"","stick-header-meta":"","header-above-stick-meta":"","header-main-stick-meta":"","header-below-stick-meta":"","astra-migrate-meta-layouts":"set","ast-page-background-enabled":"default","ast-page-background-meta":{"desktop":{"background-color":"var(--ast-global-color-4)","background-image":"","background-repeat":"repeat","background-position":"center center","background-size":"auto","background-attachment":"scroll","background-type":"","background-media":"","overlay-type":"","overlay-color":"","overlay-opacity":"","overlay-gradient":""},"tablet":{"background-color":"","background-image":"","background-repeat":"repeat","background-position":"center center","background-size":"auto","background-attachment":"scroll","background-type":"","background-media":"","overlay-type":"","overlay-color":"","overlay-opacity":"","overlay-gradient":""},"mobile":{"background-color":"","background-image":"","background-repeat":"repeat","background-position":"center center","background-size":"auto","background-attachment":"scroll","background-type":"","background-media":"","overlay-type":"","overlay-color":"","overlay-opacity":"","overlay-gradient":""}},"ast-content-background-meta":{"desktop":{"background-color":"var(--ast-global-color-5)","background-image":"","background-repeat":"repeat","background-position":"center center","background-size":"auto","background-attachment":"scroll","background-type":"","background-media":"","overlay-type":"","overlay-color":"","overlay-opacity":"","overlay-gradient":""},"tablet":{"background-color":"var(--ast-global-color-5)","background-image":"","background-repeat":"repeat","background-position":"center center","background-size":"auto","background-attachment":"scroll","background-type":"","background-media":"","overlay-type":"","overlay-color":"","overlay-opacity":"","overlay-gradient":""},"mobile":{"background-color":"var(--ast-global-color-5)","background-image":"","background-repeat":"repeat","background-position":"center center","background-size":"auto","background-attachment":"scroll","background-type":"","background-media":"","overlay-type":"","overlay-color":"","overlay-opacity":"","overlay-gradient":""}}},"pwb-brand":[172,170],"product_brand":[],"product_cat":[195,193,184],"product_tag":[],"class_list":{"0":"post-6732","1":"product","2":"type-product","3":"status-publish","4":"has-post-thumbnail","6":"pwb-brand-crinckle-hisirti","7":"pwb-brand-rattle-cingirak","8":"product_cat-baskili-oyuncaklar","9":"product_cat-oyun-ve-eglence","10":"product_cat-pookie","11":"desktop-align-left","12":"tablet-align-left","13":"mobile-align-left","15":"first","16":"instock","17":"virtual","18":"taxable","19":"product-type-simple"},"yoast_head":"<!-- This site is optimized with the Yoast SEO plugin v26.8 - https:\/\/yoast.com\/product\/yoast-seo-wordpress\/ -->\n<title>Sevimli Fareler Turkuaz -<\/title>\n<meta name=\"robots\" content=\"index, follow, max-snippet:-1, max-image-preview:large, max-video-preview:-1\" \/>\n<link rel=\"canonical\" href=\"https:\/\/sarptoys.com\/tr\/urun\/sevimli-fareler-turkuaz\/\" \/>\n<meta property=\"og:locale\" content=\"tr_TR\" \/>\n<meta property=\"og:type\" content=\"article\" \/>\n<meta property=\"og:title\" content=\"Sevimli Fareler Turkuaz -\" \/>\n<meta property=\"og:description\" content=\"Kedinizin oyun saatlerini daha e\u011flenceli hale getiren bu sevimli fare, onlar\u0131n en sevdi\u011fi arkada\u015flar\u0131ndan biri olacak! - Kolayca ta\u015f\u0131yabilece\u011fi hafif yap\u0131s\u0131 sayesinde kediniz, bu oyunca\u011f\u0131 patileriyle rahat\u00e7a oynayabilir. - Yumu\u015fak dokusu, di\u015f sa\u011fl\u0131\u011f\u0131n\u0131 korurken g\u00fcvenli bir oyun deneyimi sunar. - Renkli bask\u0131lar ve farkl\u0131 dokular, kedinizin ilgisini \u00e7eker ve duyusal zenginlik sa\u011flar. Oyun s\u0131ras\u0131nda onlar\u0131n merak\u0131n\u0131 ve ke\u015ffetme iste\u011fini art\u0131r\u0131r.  Kedinizin oyun d\u00fcnyas\u0131na ne\u015fe katacak bu sevimli fare ile keyifli anlar ge\u00e7irin!\" \/>\n<meta property=\"og:url\" content=\"https:\/\/sarptoys.com\/tr\/urun\/sevimli-fareler-turkuaz\/\" \/>\n<meta property=\"article:modified_time\" content=\"2024-10-02T08:24:22+00:00\" \/>\n<meta property=\"og:image\" content=\"https:\/\/sarptoys.com\/wp-content\/uploads\/2024\/10\/IMG_0340-kopya-1024x1024.png\" \/>\n\t<meta property=\"og:image:width\" content=\"1024\" \/>\n\t<meta property=\"og:image:height\" content=\"1024\" \/>\n\t<meta property=\"og:image:type\" content=\"image\/png\" \/>\n<meta name=\"twitter:card\" content=\"summary_large_image\" \/>\n<meta name=\"twitter:label1\" content=\"Tahmini okuma s\u00fcresi\" \/>\n\t<meta name=\"twitter:data1\" content=\"1 dakika\" \/>\n<script type=\"application\/ld+json\" class=\"yoast-schema-graph\">{\"@context\":\"https:\/\/schema.org\",\"@graph\":[{\"@type\":\"WebPage\",\"@id\":\"https:\/\/sarptoys.com\/urun\/sevimli-fareler-turkuaz\/\",\"url\":\"https:\/\/sarptoys.com\/urun\/sevimli-fareler-turkuaz\/\",\"name\":\"Sevimli Fareler Turkuaz -\",\"isPartOf\":{\"@id\":\"https:\/\/sarptoys.com\/tr\/#website\"},\"primaryImageOfPage\":{\"@id\":\"https:\/\/sarptoys.com\/urun\/sevimli-fareler-turkuaz\/#primaryimage\"},\"image\":{\"@id\":\"https:\/\/sarptoys.com\/urun\/sevimli-fareler-turkuaz\/#primaryimage\"},\"thumbnailUrl\":\"https:\/\/sarptoys.com\/wp-content\/uploads\/2024\/10\/IMG_0340-kopya.png\",\"datePublished\":\"2024-10-02T08:23:32+00:00\",\"dateModified\":\"2024-10-02T08:24:22+00:00\",\"breadcrumb\":{\"@id\":\"https:\/\/sarptoys.com\/urun\/sevimli-fareler-turkuaz\/#breadcrumb\"},\"inLanguage\":\"tr\",\"potentialAction\":[{\"@type\":\"ReadAction\",\"target\":[\"https:\/\/sarptoys.com\/urun\/sevimli-fareler-turkuaz\/\"]}]},{\"@type\":\"ImageObject\",\"inLanguage\":\"tr\",\"@id\":\"https:\/\/sarptoys.com\/urun\/sevimli-fareler-turkuaz\/#primaryimage\",\"url\":\"https:\/\/sarptoys.com\/wp-content\/uploads\/2024\/10\/IMG_0340-kopya.png\",\"contentUrl\":\"https:\/\/sarptoys.com\/wp-content\/uploads\/2024\/10\/IMG_0340-kopya.png\",\"width\":1200,\"height\":1200},{\"@type\":\"BreadcrumbList\",\"@id\":\"https:\/\/sarptoys.com\/urun\/sevimli-fareler-turkuaz\/#breadcrumb\",\"itemListElement\":[{\"@type\":\"ListItem\",\"position\":1,\"name\":\"Anasayfa\",\"item\":\"https:\/\/sarptoys.com\/\"},{\"@type\":\"ListItem\",\"position\":2,\"name\":\"Ma\u011faza\",\"item\":\"https:\/\/sarptoys.com\/magaza-2\/\"},{\"@type\":\"ListItem\",\"position\":3,\"name\":\"Sevimli Fareler Turkuaz\"}]},{\"@type\":\"WebSite\",\"@id\":\"https:\/\/sarptoys.com\/tr\/#website\",\"url\":\"https:\/\/sarptoys.com\/tr\/\",\"name\":\"Sarp Toys\",\"description\":\"\",\"publisher\":{\"@id\":\"https:\/\/sarptoys.com\/tr\/#organization\"},\"potentialAction\":[{\"@type\":\"SearchAction\",\"target\":{\"@type\":\"EntryPoint\",\"urlTemplate\":\"https:\/\/sarptoys.com\/tr\/?s={search_term_string}\"},\"query-input\":{\"@type\":\"PropertyValueSpecification\",\"valueRequired\":true,\"valueName\":\"search_term_string\"}}],\"inLanguage\":\"tr\"},{\"@type\":\"Organization\",\"@id\":\"https:\/\/sarptoys.com\/tr\/#organization\",\"name\":\"Sarp Toys\",\"url\":\"https:\/\/sarptoys.com\/tr\/\",\"logo\":{\"@type\":\"ImageObject\",\"inLanguage\":\"tr\",\"@id\":\"https:\/\/sarptoys.com\/tr\/#\/schema\/logo\/image\/\",\"url\":\"https:\/\/sarptoys.com\/wp-content\/uploads\/2024\/07\/cropped-Artboard-4.png\",\"contentUrl\":\"https:\/\/sarptoys.com\/wp-content\/uploads\/2024\/07\/cropped-Artboard-4.png\",\"width\":3461,\"height\":1062,\"caption\":\"Sarp Toys\"},\"image\":{\"@id\":\"https:\/\/sarptoys.com\/tr\/#\/schema\/logo\/image\/\"}}]}<\/script>\n<!-- \/ Yoast SEO plugin. -->","yoast_head_json":{"title":"Sevimli Fareler Turkuaz -","robots":{"index":"index","follow":"follow","max-snippet":"max-snippet:-1","max-image-preview":"max-image-preview:large","max-video-preview":"max-video-preview:-1"},"canonical":"https:\/\/sarptoys.com\/tr\/urun\/sevimli-fareler-turkuaz\/","og_locale":"tr_TR","og_type":"article","og_title":"Sevimli Fareler Turkuaz -","og_description":"Kedinizin oyun saatlerini daha e\u011flenceli hale getiren bu sevimli fare, onlar\u0131n en sevdi\u011fi arkada\u015flar\u0131ndan biri olacak! - Kolayca ta\u015f\u0131yabilece\u011fi hafif yap\u0131s\u0131 sayesinde kediniz, bu oyunca\u011f\u0131 patileriyle rahat\u00e7a oynayabilir. - Yumu\u015fak dokusu, di\u015f sa\u011fl\u0131\u011f\u0131n\u0131 korurken g\u00fcvenli bir oyun deneyimi sunar. - Renkli bask\u0131lar ve farkl\u0131 dokular, kedinizin ilgisini \u00e7eker ve duyusal zenginlik sa\u011flar. Oyun s\u0131ras\u0131nda onlar\u0131n merak\u0131n\u0131 ve ke\u015ffetme iste\u011fini art\u0131r\u0131r.  Kedinizin oyun d\u00fcnyas\u0131na ne\u015fe katacak bu sevimli fare ile keyifli anlar ge\u00e7irin!","og_url":"https:\/\/sarptoys.com\/tr\/urun\/sevimli-fareler-turkuaz\/","article_modified_time":"2024-10-02T08:24:22+00:00","og_image":[{"width":1024,"height":1024,"url":"https:\/\/sarptoys.com\/wp-content\/uploads\/2024\/10\/IMG_0340-kopya-1024x1024.png","type":"image\/png"}],"twitter_card":"summary_large_image","twitter_misc":{"Tahmini okuma s\u00fcresi":"1 dakika"},"schema":{"@context":"https:\/\/schema.org","@graph":[{"@type":"WebPage","@id":"https:\/\/sarptoys.com\/urun\/sevimli-fareler-turkuaz\/","url":"https:\/\/sarptoys.com\/urun\/sevimli-fareler-turkuaz\/","name":"Sevimli Fareler Turkuaz -","isPartOf":{"@id":"https:\/\/sarptoys.com\/tr\/#website"},"primaryImageOfPage":{"@id":"https:\/\/sarptoys.com\/urun\/sevimli-fareler-turkuaz\/#primaryimage"},"image":{"@id":"https:\/\/sarptoys.com\/urun\/sevimli-fareler-turkuaz\/#primaryimage"},"thumbnailUrl":"https:\/\/sarptoys.com\/wp-content\/uploads\/2024\/10\/IMG_0340-kopya.png","datePublished":"2024-10-02T08:23:32+00:00","dateModified":"2024-10-02T08:24:22+00:00","breadcrumb":{"@id":"https:\/\/sarptoys.com\/urun\/sevimli-fareler-turkuaz\/#breadcrumb"},"inLanguage":"tr","potentialAction":[{"@type":"ReadAction","target":["https:\/\/sarptoys.com\/urun\/sevimli-fareler-turkuaz\/"]}]},{"@type":"ImageObject","inLanguage":"tr","@id":"https:\/\/sarptoys.com\/urun\/sevimli-fareler-turkuaz\/#primaryimage","url":"https:\/\/sarptoys.com\/wp-content\/uploads\/2024\/10\/IMG_0340-kopya.png","contentUrl":"https:\/\/sarptoys.com\/wp-content\/uploads\/2024\/10\/IMG_0340-kopya.png","width":1200,"height":1200},{"@type":"BreadcrumbList","@id":"https:\/\/sarptoys.com\/urun\/sevimli-fareler-turkuaz\/#breadcrumb","itemListElement":[{"@type":"ListItem","position":1,"name":"Anasayfa","item":"https:\/\/sarptoys.com\/"},{"@type":"ListItem","position":2,"name":"Ma\u011faza","item":"https:\/\/sarptoys.com\/magaza-2\/"},{"@type":"ListItem","position":3,"name":"Sevimli Fareler Turkuaz"}]},{"@type":"WebSite","@id":"https:\/\/sarptoys.com\/tr\/#website","url":"https:\/\/sarptoys.com\/tr\/","name":"Sarp Toys","description":"","publisher":{"@id":"https:\/\/sarptoys.com\/tr\/#organization"},"potentialAction":[{"@type":"SearchAction","target":{"@type":"EntryPoint","urlTemplate":"https:\/\/sarptoys.com\/tr\/?s={search_term_string}"},"query-input":{"@type":"PropertyValueSpecification","valueRequired":true,"valueName":"search_term_string"}}],"inLanguage":"tr"},{"@type":"Organization","@id":"https:\/\/sarptoys.com\/tr\/#organization","name":"Sarp Toys","url":"https:\/\/sarptoys.com\/tr\/","logo":{"@type":"ImageObject","inLanguage":"tr","@id":"https:\/\/sarptoys.com\/tr\/#\/schema\/logo\/image\/","url":"https:\/\/sarptoys.com\/wp-content\/uploads\/2024\/07\/cropped-Artboard-4.png","contentUrl":"https:\/\/sarptoys.com\/wp-content\/uploads\/2024\/07\/cropped-Artboard-4.png","width":3461,"height":1062,"caption":"Sarp Toys"},"image":{"@id":"https:\/\/sarptoys.com\/tr\/#\/schema\/logo\/image\/"}}]}},"brands":[{"id":172,"name":"Crinckle - H\u0131\u015f\u0131rt\u0131","slug":"crinckle-hisirti"},{"id":170,"name":"Rattle - \u00c7\u0131ng\u0131rak","slug":"rattle-cingirak"}],"_links":{"self":[{"href":"https:\/\/sarptoys.com\/tr\/wp-json\/wp\/v2\/product\/6732","targetHints":{"allow":["GET"]}}],"collection":[{"href":"https:\/\/sarptoys.com\/tr\/wp-json\/wp\/v2\/product"}],"about":[{"href":"https:\/\/sarptoys.com\/tr\/wp-json\/wp\/v2\/types\/product"}],"replies":[{"embeddable":true,"href":"https:\/\/sarptoys.com\/tr\/wp-json\/wp\/v2\/comments?post=6732"}],"version-history":[{"count":0,"href":"https:\/\/sarptoys.com\/tr\/wp-json\/wp\/v2\/product\/6732\/revisions"}],"wp:featuredmedia":[{"embeddable":true,"href":"https:\/\/sarptoys.com\/tr\/wp-json\/wp\/v2\/media\/6733"}],"wp:attachment":[{"href":"https:\/\/sarptoys.com\/tr\/wp-json\/wp\/v2\/media?parent=6732"}],"wp:term":[{"taxonomy":"pwb-brand","embeddable":true,"href":"https:\/\/sarptoys.com\/tr\/wp-json\/wp\/v2\/pwb-brand?post=6732"},{"taxonomy":"product_brand","embeddable":true,"href":"https:\/\/sarptoys.com\/tr\/wp-json\/wp\/v2\/product_brand?post=6732"},{"taxonomy":"product_cat","embeddable":true,"href":"https:\/\/sarptoys.com\/tr\/wp-json\/wp\/v2\/product_cat?post=6732"},{"taxonomy":"product_tag","embeddable":true,"href":"https:\/\/sarptoys.com\/tr\/wp-json\/wp\/v2\/product_tag?post=6732"}],"curies":[{"name":"wp","href":"https:\/\/api.w.org\/{rel}","templated":true}]}}