{"id":6682,"date":"2024-10-02T10:55:55","date_gmt":"2024-10-02T07:55:55","guid":{"rendered":"https:\/\/sarptoys.com\/?post_type=product&#038;p=6682"},"modified":"2024-10-02T10:58:58","modified_gmt":"2024-10-02T07:58:58","slug":"pelus-koala","status":"publish","type":"product","link":"https:\/\/sarptoys.com\/tr\/urun\/pelus-koala\/","title":{"rendered":"Pelu\u015f Koala"},"content":{"rendered":"","protected":false},"excerpt":{"rendered":"<p>Evcil dostlar\u0131n\u0131z i\u00e7in hem e\u011flenceli hem de dayan\u0131kl\u0131 bir oyun arkada\u015f\u0131 sunan bu halatl\u0131 pelu\u015f oyuncaklar, oyun saatlerini renklendirecek!<br \/>\n&#8211; Oyunca\u011f\u0131n kollar\u0131ndaki halat, \u00e7ekme ve tug-of-war oyunlar\u0131 i\u00e7in m\u00fckemmel bir \u00f6zellik sunar. Bu sayede hem siz hem de evcil dostlar\u0131n\u0131z interaktif oyunlar oynayabilir, e\u011flenceli zaman ge\u00e7irebilirsiniz.<br \/>\n&#8211; Y\u00fcksek kaliteli pelu\u015f malzeme ile \u00fcretilmi\u015f olan bu oyuncaklar, k\u00f6peklerinizin rahat\u00e7a oynamas\u0131 i\u00e7in idealdir. Yumu\u015fak dokusu, di\u015flerine zarar vermeden g\u00fcvenli bir oyun deneyimi sa\u011flar.<br \/>\n&#8211; Farkl\u0131 hayvan tasar\u0131mlar\u0131yla sunulan bu pelu\u015f oyuncaklar, evcil dostlar\u0131n\u0131z\u0131n ilgisini \u00e7eker. Renkli ve sevimli g\u00f6r\u00fcn\u00fcmleri, oyun saatlerine ne\u015fe katar.<br \/>\nk\u00f6pe\u011finizin en sevdi\u011fi oyun arkada\u015f\u0131 olacak bu halatl\u0131 pelu\u015f oyuncaklarla, keyifli anlar ya\u015fat\u0131n!<\/p>\n","protected":false},"featured_media":6683,"comment_status":"closed","ping_status":"closed","template":"","meta":{"site-sidebar-layout":"default","site-content-layout":"","ast-site-content-layout":"default","site-content-style":"default","site-sidebar-style":"default","ast-global-header-display":"","ast-banner-title-visibility":"","ast-main-header-display":"","ast-hfb-above-header-display":"","ast-hfb-below-header-display":"","ast-hfb-mobile-header-display":"","site-post-title":"","ast-breadcrumbs-content":"","ast-featured-img":"","footer-sml-layout":"","theme-transparent-header-meta":"default","adv-header-id-meta":"","stick-header-meta":"","header-above-stick-meta":"","header-main-stick-meta":"","header-below-stick-meta":"","astra-migrate-meta-layouts":"set","ast-page-background-enabled":"default","ast-page-background-meta":{"desktop":{"background-color":"var(--ast-global-color-4)","background-image":"","background-repeat":"repeat","background-position":"center center","background-size":"auto","background-attachment":"scroll","background-type":"","background-media":"","overlay-type":"","overlay-color":"","overlay-opacity":"","overlay-gradient":""},"tablet":{"background-color":"","background-image":"","background-repeat":"repeat","background-position":"center center","background-size":"auto","background-attachment":"scroll","background-type":"","background-media":"","overlay-type":"","overlay-color":"","overlay-opacity":"","overlay-gradient":""},"mobile":{"background-color":"","background-image":"","background-repeat":"repeat","background-position":"center center","background-size":"auto","background-attachment":"scroll","background-type":"","background-media":"","overlay-type":"","overlay-color":"","overlay-opacity":"","overlay-gradient":""}},"ast-content-background-meta":{"desktop":{"background-color":"var(--ast-global-color-5)","background-image":"","background-repeat":"repeat","background-position":"center center","background-size":"auto","background-attachment":"scroll","background-type":"","background-media":"","overlay-type":"","overlay-color":"","overlay-opacity":"","overlay-gradient":""},"tablet":{"background-color":"var(--ast-global-color-5)","background-image":"","background-repeat":"repeat","background-position":"center center","background-size":"auto","background-attachment":"scroll","background-type":"","background-media":"","overlay-type":"","overlay-color":"","overlay-opacity":"","overlay-gradient":""},"mobile":{"background-color":"var(--ast-global-color-5)","background-image":"","background-repeat":"repeat","background-position":"center center","background-size":"auto","background-attachment":"scroll","background-type":"","background-media":"","overlay-type":"","overlay-color":"","overlay-opacity":"","overlay-gradient":""}}},"pwb-brand":[175],"product_brand":[],"product_cat":[193,194,184],"product_tag":[],"class_list":{"0":"post-6682","1":"product","2":"type-product","3":"status-publish","4":"has-post-thumbnail","6":"pwb-brand-bell-zil","7":"product_cat-oyun-ve-eglence","8":"product_cat-pelus-oyuncaklar","9":"product_cat-pookie","10":"desktop-align-left","11":"tablet-align-left","12":"mobile-align-left","14":"first","15":"instock","16":"virtual","17":"taxable","18":"product-type-simple"},"yoast_head":"<!-- This site is optimized with the Yoast SEO plugin v26.8 - https:\/\/yoast.com\/product\/yoast-seo-wordpress\/ -->\n<title>Pelu\u015f Koala -<\/title>\n<meta name=\"robots\" content=\"index, follow, max-snippet:-1, max-image-preview:large, max-video-preview:-1\" \/>\n<link rel=\"canonical\" href=\"https:\/\/sarptoys.com\/tr\/urun\/pelus-koala\/\" \/>\n<meta property=\"og:locale\" content=\"tr_TR\" \/>\n<meta property=\"og:type\" content=\"article\" \/>\n<meta property=\"og:title\" content=\"Pelu\u015f Koala -\" \/>\n<meta property=\"og:description\" content=\"Evcil dostlar\u0131n\u0131z i\u00e7in hem e\u011flenceli hem de dayan\u0131kl\u0131 bir oyun arkada\u015f\u0131 sunan bu halatl\u0131 pelu\u015f oyuncaklar, oyun saatlerini renklendirecek! - Oyunca\u011f\u0131n kollar\u0131ndaki halat, \u00e7ekme ve tug-of-war oyunlar\u0131 i\u00e7in m\u00fckemmel bir \u00f6zellik sunar. Bu sayede hem siz hem de evcil dostlar\u0131n\u0131z interaktif oyunlar oynayabilir, e\u011flenceli zaman ge\u00e7irebilirsiniz. - Y\u00fcksek kaliteli pelu\u015f malzeme ile \u00fcretilmi\u015f olan bu oyuncaklar, k\u00f6peklerinizin rahat\u00e7a oynamas\u0131 i\u00e7in idealdir. Yumu\u015fak dokusu, di\u015flerine zarar vermeden g\u00fcvenli bir oyun deneyimi sa\u011flar. - Farkl\u0131 hayvan tasar\u0131mlar\u0131yla sunulan bu pelu\u015f oyuncaklar, evcil dostlar\u0131n\u0131z\u0131n ilgisini \u00e7eker. Renkli ve sevimli g\u00f6r\u00fcn\u00fcmleri, oyun saatlerine ne\u015fe katar. k\u00f6pe\u011finizin en sevdi\u011fi oyun arkada\u015f\u0131 olacak bu halatl\u0131 pelu\u015f oyuncaklarla, keyifli anlar ya\u015fat\u0131n!\" \/>\n<meta property=\"og:url\" content=\"https:\/\/sarptoys.com\/tr\/urun\/pelus-koala\/\" \/>\n<meta property=\"article:modified_time\" content=\"2024-10-02T07:58:58+00:00\" \/>\n<meta property=\"og:image\" content=\"https:\/\/sarptoys.com\/wp-content\/uploads\/2024\/10\/IMG_0304-kopya-1024x1024.png\" \/>\n\t<meta property=\"og:image:width\" content=\"1024\" \/>\n\t<meta property=\"og:image:height\" content=\"1024\" \/>\n\t<meta property=\"og:image:type\" content=\"image\/png\" \/>\n<meta name=\"twitter:card\" content=\"summary_large_image\" \/>\n<meta name=\"twitter:label1\" content=\"Tahmini okuma s\u00fcresi\" \/>\n\t<meta name=\"twitter:data1\" content=\"1 dakika\" \/>\n<script type=\"application\/ld+json\" class=\"yoast-schema-graph\">{\"@context\":\"https:\/\/schema.org\",\"@graph\":[{\"@type\":\"WebPage\",\"@id\":\"https:\/\/sarptoys.com\/urun\/pelus-koala\/\",\"url\":\"https:\/\/sarptoys.com\/urun\/pelus-koala\/\",\"name\":\"Pelu\u015f Koala -\",\"isPartOf\":{\"@id\":\"https:\/\/sarptoys.com\/tr\/#website\"},\"primaryImageOfPage\":{\"@id\":\"https:\/\/sarptoys.com\/urun\/pelus-koala\/#primaryimage\"},\"image\":{\"@id\":\"https:\/\/sarptoys.com\/urun\/pelus-koala\/#primaryimage\"},\"thumbnailUrl\":\"https:\/\/sarptoys.com\/wp-content\/uploads\/2024\/10\/IMG_0304-kopya.png\",\"datePublished\":\"2024-10-02T07:55:55+00:00\",\"dateModified\":\"2024-10-02T07:58:58+00:00\",\"breadcrumb\":{\"@id\":\"https:\/\/sarptoys.com\/urun\/pelus-koala\/#breadcrumb\"},\"inLanguage\":\"tr\",\"potentialAction\":[{\"@type\":\"ReadAction\",\"target\":[\"https:\/\/sarptoys.com\/urun\/pelus-koala\/\"]}]},{\"@type\":\"ImageObject\",\"inLanguage\":\"tr\",\"@id\":\"https:\/\/sarptoys.com\/urun\/pelus-koala\/#primaryimage\",\"url\":\"https:\/\/sarptoys.com\/wp-content\/uploads\/2024\/10\/IMG_0304-kopya.png\",\"contentUrl\":\"https:\/\/sarptoys.com\/wp-content\/uploads\/2024\/10\/IMG_0304-kopya.png\",\"width\":1200,\"height\":1200},{\"@type\":\"BreadcrumbList\",\"@id\":\"https:\/\/sarptoys.com\/urun\/pelus-koala\/#breadcrumb\",\"itemListElement\":[{\"@type\":\"ListItem\",\"position\":1,\"name\":\"Anasayfa\",\"item\":\"https:\/\/sarptoys.com\/\"},{\"@type\":\"ListItem\",\"position\":2,\"name\":\"Ma\u011faza\",\"item\":\"https:\/\/sarptoys.com\/magaza-2\/\"},{\"@type\":\"ListItem\",\"position\":3,\"name\":\"Pelu\u015f Koala\"}]},{\"@type\":\"WebSite\",\"@id\":\"https:\/\/sarptoys.com\/tr\/#website\",\"url\":\"https:\/\/sarptoys.com\/tr\/\",\"name\":\"Sarp Toys\",\"description\":\"\",\"publisher\":{\"@id\":\"https:\/\/sarptoys.com\/tr\/#organization\"},\"potentialAction\":[{\"@type\":\"SearchAction\",\"target\":{\"@type\":\"EntryPoint\",\"urlTemplate\":\"https:\/\/sarptoys.com\/tr\/?s={search_term_string}\"},\"query-input\":{\"@type\":\"PropertyValueSpecification\",\"valueRequired\":true,\"valueName\":\"search_term_string\"}}],\"inLanguage\":\"tr\"},{\"@type\":\"Organization\",\"@id\":\"https:\/\/sarptoys.com\/tr\/#organization\",\"name\":\"Sarp Toys\",\"url\":\"https:\/\/sarptoys.com\/tr\/\",\"logo\":{\"@type\":\"ImageObject\",\"inLanguage\":\"tr\",\"@id\":\"https:\/\/sarptoys.com\/tr\/#\/schema\/logo\/image\/\",\"url\":\"https:\/\/sarptoys.com\/wp-content\/uploads\/2024\/07\/cropped-Artboard-4.png\",\"contentUrl\":\"https:\/\/sarptoys.com\/wp-content\/uploads\/2024\/07\/cropped-Artboard-4.png\",\"width\":3461,\"height\":1062,\"caption\":\"Sarp Toys\"},\"image\":{\"@id\":\"https:\/\/sarptoys.com\/tr\/#\/schema\/logo\/image\/\"}}]}<\/script>\n<!-- \/ Yoast SEO plugin. -->","yoast_head_json":{"title":"Pelu\u015f Koala -","robots":{"index":"index","follow":"follow","max-snippet":"max-snippet:-1","max-image-preview":"max-image-preview:large","max-video-preview":"max-video-preview:-1"},"canonical":"https:\/\/sarptoys.com\/tr\/urun\/pelus-koala\/","og_locale":"tr_TR","og_type":"article","og_title":"Pelu\u015f Koala -","og_description":"Evcil dostlar\u0131n\u0131z i\u00e7in hem e\u011flenceli hem de dayan\u0131kl\u0131 bir oyun arkada\u015f\u0131 sunan bu halatl\u0131 pelu\u015f oyuncaklar, oyun saatlerini renklendirecek! - Oyunca\u011f\u0131n kollar\u0131ndaki halat, \u00e7ekme ve tug-of-war oyunlar\u0131 i\u00e7in m\u00fckemmel bir \u00f6zellik sunar. Bu sayede hem siz hem de evcil dostlar\u0131n\u0131z interaktif oyunlar oynayabilir, e\u011flenceli zaman ge\u00e7irebilirsiniz. - Y\u00fcksek kaliteli pelu\u015f malzeme ile \u00fcretilmi\u015f olan bu oyuncaklar, k\u00f6peklerinizin rahat\u00e7a oynamas\u0131 i\u00e7in idealdir. Yumu\u015fak dokusu, di\u015flerine zarar vermeden g\u00fcvenli bir oyun deneyimi sa\u011flar. - Farkl\u0131 hayvan tasar\u0131mlar\u0131yla sunulan bu pelu\u015f oyuncaklar, evcil dostlar\u0131n\u0131z\u0131n ilgisini \u00e7eker. Renkli ve sevimli g\u00f6r\u00fcn\u00fcmleri, oyun saatlerine ne\u015fe katar. k\u00f6pe\u011finizin en sevdi\u011fi oyun arkada\u015f\u0131 olacak bu halatl\u0131 pelu\u015f oyuncaklarla, keyifli anlar ya\u015fat\u0131n!","og_url":"https:\/\/sarptoys.com\/tr\/urun\/pelus-koala\/","article_modified_time":"2024-10-02T07:58:58+00:00","og_image":[{"width":1024,"height":1024,"url":"https:\/\/sarptoys.com\/wp-content\/uploads\/2024\/10\/IMG_0304-kopya-1024x1024.png","type":"image\/png"}],"twitter_card":"summary_large_image","twitter_misc":{"Tahmini okuma s\u00fcresi":"1 dakika"},"schema":{"@context":"https:\/\/schema.org","@graph":[{"@type":"WebPage","@id":"https:\/\/sarptoys.com\/urun\/pelus-koala\/","url":"https:\/\/sarptoys.com\/urun\/pelus-koala\/","name":"Pelu\u015f Koala -","isPartOf":{"@id":"https:\/\/sarptoys.com\/tr\/#website"},"primaryImageOfPage":{"@id":"https:\/\/sarptoys.com\/urun\/pelus-koala\/#primaryimage"},"image":{"@id":"https:\/\/sarptoys.com\/urun\/pelus-koala\/#primaryimage"},"thumbnailUrl":"https:\/\/sarptoys.com\/wp-content\/uploads\/2024\/10\/IMG_0304-kopya.png","datePublished":"2024-10-02T07:55:55+00:00","dateModified":"2024-10-02T07:58:58+00:00","breadcrumb":{"@id":"https:\/\/sarptoys.com\/urun\/pelus-koala\/#breadcrumb"},"inLanguage":"tr","potentialAction":[{"@type":"ReadAction","target":["https:\/\/sarptoys.com\/urun\/pelus-koala\/"]}]},{"@type":"ImageObject","inLanguage":"tr","@id":"https:\/\/sarptoys.com\/urun\/pelus-koala\/#primaryimage","url":"https:\/\/sarptoys.com\/wp-content\/uploads\/2024\/10\/IMG_0304-kopya.png","contentUrl":"https:\/\/sarptoys.com\/wp-content\/uploads\/2024\/10\/IMG_0304-kopya.png","width":1200,"height":1200},{"@type":"BreadcrumbList","@id":"https:\/\/sarptoys.com\/urun\/pelus-koala\/#breadcrumb","itemListElement":[{"@type":"ListItem","position":1,"name":"Anasayfa","item":"https:\/\/sarptoys.com\/"},{"@type":"ListItem","position":2,"name":"Ma\u011faza","item":"https:\/\/sarptoys.com\/magaza-2\/"},{"@type":"ListItem","position":3,"name":"Pelu\u015f Koala"}]},{"@type":"WebSite","@id":"https:\/\/sarptoys.com\/tr\/#website","url":"https:\/\/sarptoys.com\/tr\/","name":"Sarp Toys","description":"","publisher":{"@id":"https:\/\/sarptoys.com\/tr\/#organization"},"potentialAction":[{"@type":"SearchAction","target":{"@type":"EntryPoint","urlTemplate":"https:\/\/sarptoys.com\/tr\/?s={search_term_string}"},"query-input":{"@type":"PropertyValueSpecification","valueRequired":true,"valueName":"search_term_string"}}],"inLanguage":"tr"},{"@type":"Organization","@id":"https:\/\/sarptoys.com\/tr\/#organization","name":"Sarp Toys","url":"https:\/\/sarptoys.com\/tr\/","logo":{"@type":"ImageObject","inLanguage":"tr","@id":"https:\/\/sarptoys.com\/tr\/#\/schema\/logo\/image\/","url":"https:\/\/sarptoys.com\/wp-content\/uploads\/2024\/07\/cropped-Artboard-4.png","contentUrl":"https:\/\/sarptoys.com\/wp-content\/uploads\/2024\/07\/cropped-Artboard-4.png","width":3461,"height":1062,"caption":"Sarp Toys"},"image":{"@id":"https:\/\/sarptoys.com\/tr\/#\/schema\/logo\/image\/"}}]}},"brands":[{"id":175,"name":"Bell -Zil","slug":"bell-zil"}],"_links":{"self":[{"href":"https:\/\/sarptoys.com\/tr\/wp-json\/wp\/v2\/product\/6682","targetHints":{"allow":["GET"]}}],"collection":[{"href":"https:\/\/sarptoys.com\/tr\/wp-json\/wp\/v2\/product"}],"about":[{"href":"https:\/\/sarptoys.com\/tr\/wp-json\/wp\/v2\/types\/product"}],"replies":[{"embeddable":true,"href":"https:\/\/sarptoys.com\/tr\/wp-json\/wp\/v2\/comments?post=6682"}],"version-history":[{"count":0,"href":"https:\/\/sarptoys.com\/tr\/wp-json\/wp\/v2\/product\/6682\/revisions"}],"wp:featuredmedia":[{"embeddable":true,"href":"https:\/\/sarptoys.com\/tr\/wp-json\/wp\/v2\/media\/6683"}],"wp:attachment":[{"href":"https:\/\/sarptoys.com\/tr\/wp-json\/wp\/v2\/media?parent=6682"}],"wp:term":[{"taxonomy":"pwb-brand","embeddable":true,"href":"https:\/\/sarptoys.com\/tr\/wp-json\/wp\/v2\/pwb-brand?post=6682"},{"taxonomy":"product_brand","embeddable":true,"href":"https:\/\/sarptoys.com\/tr\/wp-json\/wp\/v2\/product_brand?post=6682"},{"taxonomy":"product_cat","embeddable":true,"href":"https:\/\/sarptoys.com\/tr\/wp-json\/wp\/v2\/product_cat?post=6682"},{"taxonomy":"product_tag","embeddable":true,"href":"https:\/\/sarptoys.com\/tr\/wp-json\/wp\/v2\/product_tag?post=6682"}],"curies":[{"name":"wp","href":"https:\/\/api.w.org\/{rel}","templated":true}]}}