{"id":6676,"date":"2024-10-01T16:24:16","date_gmt":"2024-10-01T13:24:16","guid":{"rendered":"https:\/\/sarptoys.com\/?post_type=product&#038;p=6676"},"modified":"2024-10-01T16:24:27","modified_gmt":"2024-10-01T13:24:27","slug":"civciv-pelus-top-2","status":"publish","type":"product","link":"https:\/\/sarptoys.com\/tr\/urun\/civciv-pelus-top-2\/","title":{"rendered":"Civciv Pelu\u015f Top"},"content":{"rendered":"","protected":false},"excerpt":{"rendered":"<p>Evcil hayvanlar\u0131n\u0131z i\u00e7in m\u00fckemmel bir oyun arkada\u015f\u0131 olan bu pelu\u015f toplar, e\u011flence dolu anlar sunmak i\u00e7in tasarland\u0131!<br \/>\n&#8211; Yumu\u015fak dokusu sayesinde hem kediler hem de k\u00f6pekler i\u00e7in g\u00fcvenli bir oyun deneyimi sa\u011flar. Hafif yap\u0131s\u0131, onlar\u0131n kolayca ta\u015f\u0131y\u0131p oynamas\u0131n\u0131 m\u00fcmk\u00fcn k\u0131lar.<br \/>\n&#8211;  Farkl\u0131 renk ve desenlerdeki pelu\u015f toplar, evcil hayvanlar\u0131n\u0131z\u0131n dikkatini \u00e7eker. G\u00f6z al\u0131c\u0131 tasar\u0131m\u0131, onlar\u0131n oyun saatlerine ne\u015fe katarken, ke\u015ffetme iste\u011fini art\u0131r\u0131r.<br \/>\n&#8211;  Bu pelu\u015f toplar, tek ba\u015f\u0131na oynanabilece\u011fi gibi sahipleriyle birlikte de e\u011flenceli oyunlar i\u00e7in idealdir. Evde ge\u00e7irece\u011finiz keyifli zamanlar i\u00e7in harika bir se\u00e7enektir!<br \/>\nEvcil dostlar\u0131n\u0131za mutluluk katacak bu pelu\u015f toplar ile oyun saatlerini daha e\u011flenceli hale getirin!<\/p>\n","protected":false},"featured_media":6611,"comment_status":"closed","ping_status":"closed","template":"","meta":{"site-sidebar-layout":"default","site-content-layout":"","ast-site-content-layout":"default","site-content-style":"default","site-sidebar-style":"default","ast-global-header-display":"","ast-banner-title-visibility":"","ast-main-header-display":"","ast-hfb-above-header-display":"","ast-hfb-below-header-display":"","ast-hfb-mobile-header-display":"","site-post-title":"","ast-breadcrumbs-content":"","ast-featured-img":"","footer-sml-layout":"","theme-transparent-header-meta":"default","adv-header-id-meta":"","stick-header-meta":"","header-above-stick-meta":"","header-main-stick-meta":"","header-below-stick-meta":"","astra-migrate-meta-layouts":"set","ast-page-background-enabled":"default","ast-page-background-meta":{"desktop":{"background-color":"var(--ast-global-color-4)","background-image":"","background-repeat":"repeat","background-position":"center center","background-size":"auto","background-attachment":"scroll","background-type":"","background-media":"","overlay-type":"","overlay-color":"","overlay-opacity":"","overlay-gradient":""},"tablet":{"background-color":"","background-image":"","background-repeat":"repeat","background-position":"center center","background-size":"auto","background-attachment":"scroll","background-type":"","background-media":"","overlay-type":"","overlay-color":"","overlay-opacity":"","overlay-gradient":""},"mobile":{"background-color":"","background-image":"","background-repeat":"repeat","background-position":"center center","background-size":"auto","background-attachment":"scroll","background-type":"","background-media":"","overlay-type":"","overlay-color":"","overlay-opacity":"","overlay-gradient":""}},"ast-content-background-meta":{"desktop":{"background-color":"var(--ast-global-color-5)","background-image":"","background-repeat":"repeat","background-position":"center center","background-size":"auto","background-attachment":"scroll","background-type":"","background-media":"","overlay-type":"","overlay-color":"","overlay-opacity":"","overlay-gradient":""},"tablet":{"background-color":"var(--ast-global-color-5)","background-image":"","background-repeat":"repeat","background-position":"center center","background-size":"auto","background-attachment":"scroll","background-type":"","background-media":"","overlay-type":"","overlay-color":"","overlay-opacity":"","overlay-gradient":""},"mobile":{"background-color":"var(--ast-global-color-5)","background-image":"","background-repeat":"repeat","background-position":"center center","background-size":"auto","background-attachment":"scroll","background-type":"","background-media":"","overlay-type":"","overlay-color":"","overlay-opacity":"","overlay-gradient":""}}},"pwb-brand":[175],"product_brand":[],"product_cat":[193,194,184],"product_tag":[],"class_list":{"0":"post-6676","1":"product","2":"type-product","3":"status-publish","4":"has-post-thumbnail","6":"pwb-brand-bell-zil","7":"product_cat-oyun-ve-eglence","8":"product_cat-pelus-oyuncaklar","9":"product_cat-pookie","10":"desktop-align-left","11":"tablet-align-left","12":"mobile-align-left","14":"first","15":"instock","16":"virtual","17":"taxable","18":"product-type-simple"},"yoast_head":"<!-- This site is optimized with the Yoast SEO plugin v26.8 - https:\/\/yoast.com\/product\/yoast-seo-wordpress\/ -->\n<title>Civciv Pelu\u015f Top -<\/title>\n<meta name=\"robots\" content=\"index, follow, max-snippet:-1, max-image-preview:large, max-video-preview:-1\" \/>\n<link rel=\"canonical\" href=\"https:\/\/sarptoys.com\/tr\/urun\/civciv-pelus-top-2\/\" \/>\n<meta property=\"og:locale\" content=\"tr_TR\" \/>\n<meta property=\"og:type\" content=\"article\" \/>\n<meta property=\"og:title\" content=\"Civciv Pelu\u015f Top -\" \/>\n<meta property=\"og:description\" content=\"Evcil hayvanlar\u0131n\u0131z i\u00e7in m\u00fckemmel bir oyun arkada\u015f\u0131 olan bu pelu\u015f toplar, e\u011flence dolu anlar sunmak i\u00e7in tasarland\u0131! - Yumu\u015fak dokusu sayesinde hem kediler hem de k\u00f6pekler i\u00e7in g\u00fcvenli bir oyun deneyimi sa\u011flar. Hafif yap\u0131s\u0131, onlar\u0131n kolayca ta\u015f\u0131y\u0131p oynamas\u0131n\u0131 m\u00fcmk\u00fcn k\u0131lar. - Farkl\u0131 renk ve desenlerdeki pelu\u015f toplar, evcil hayvanlar\u0131n\u0131z\u0131n dikkatini \u00e7eker. G\u00f6z al\u0131c\u0131 tasar\u0131m\u0131, onlar\u0131n oyun saatlerine ne\u015fe katarken, ke\u015ffetme iste\u011fini art\u0131r\u0131r. - Bu pelu\u015f toplar, tek ba\u015f\u0131na oynanabilece\u011fi gibi sahipleriyle birlikte de e\u011flenceli oyunlar i\u00e7in idealdir. Evde ge\u00e7irece\u011finiz keyifli zamanlar i\u00e7in harika bir se\u00e7enektir! Evcil dostlar\u0131n\u0131za mutluluk katacak bu pelu\u015f toplar ile oyun saatlerini daha e\u011flenceli hale getirin!\" \/>\n<meta property=\"og:url\" content=\"https:\/\/sarptoys.com\/tr\/urun\/civciv-pelus-top-2\/\" \/>\n<meta property=\"article:modified_time\" content=\"2024-10-01T13:24:27+00:00\" \/>\n<meta property=\"og:image\" content=\"https:\/\/sarptoys.com\/wp-content\/uploads\/2024\/10\/IMG_0258-2-kopya-1024x1024.png\" \/>\n\t<meta property=\"og:image:width\" content=\"1024\" \/>\n\t<meta property=\"og:image:height\" content=\"1024\" \/>\n\t<meta property=\"og:image:type\" content=\"image\/png\" \/>\n<meta name=\"twitter:card\" content=\"summary_large_image\" \/>\n<meta name=\"twitter:label1\" content=\"Tahmini okuma s\u00fcresi\" \/>\n\t<meta name=\"twitter:data1\" content=\"1 dakika\" \/>\n<script type=\"application\/ld+json\" class=\"yoast-schema-graph\">{\"@context\":\"https:\/\/schema.org\",\"@graph\":[{\"@type\":\"WebPage\",\"@id\":\"https:\/\/sarptoys.com\/urun\/civciv-pelus-top-2\/\",\"url\":\"https:\/\/sarptoys.com\/urun\/civciv-pelus-top-2\/\",\"name\":\"Civciv Pelu\u015f Top -\",\"isPartOf\":{\"@id\":\"https:\/\/sarptoys.com\/tr\/#website\"},\"primaryImageOfPage\":{\"@id\":\"https:\/\/sarptoys.com\/urun\/civciv-pelus-top-2\/#primaryimage\"},\"image\":{\"@id\":\"https:\/\/sarptoys.com\/urun\/civciv-pelus-top-2\/#primaryimage\"},\"thumbnailUrl\":\"https:\/\/sarptoys.com\/wp-content\/uploads\/2024\/10\/IMG_0258-2-kopya.png\",\"datePublished\":\"2024-10-01T13:24:16+00:00\",\"dateModified\":\"2024-10-01T13:24:27+00:00\",\"breadcrumb\":{\"@id\":\"https:\/\/sarptoys.com\/urun\/civciv-pelus-top-2\/#breadcrumb\"},\"inLanguage\":\"tr\",\"potentialAction\":[{\"@type\":\"ReadAction\",\"target\":[\"https:\/\/sarptoys.com\/urun\/civciv-pelus-top-2\/\"]}]},{\"@type\":\"ImageObject\",\"inLanguage\":\"tr\",\"@id\":\"https:\/\/sarptoys.com\/urun\/civciv-pelus-top-2\/#primaryimage\",\"url\":\"https:\/\/sarptoys.com\/wp-content\/uploads\/2024\/10\/IMG_0258-2-kopya.png\",\"contentUrl\":\"https:\/\/sarptoys.com\/wp-content\/uploads\/2024\/10\/IMG_0258-2-kopya.png\",\"width\":1200,\"height\":1200},{\"@type\":\"BreadcrumbList\",\"@id\":\"https:\/\/sarptoys.com\/urun\/civciv-pelus-top-2\/#breadcrumb\",\"itemListElement\":[{\"@type\":\"ListItem\",\"position\":1,\"name\":\"Anasayfa\",\"item\":\"https:\/\/sarptoys.com\/\"},{\"@type\":\"ListItem\",\"position\":2,\"name\":\"Ma\u011faza\",\"item\":\"https:\/\/sarptoys.com\/magaza-2\/\"},{\"@type\":\"ListItem\",\"position\":3,\"name\":\"Civciv Pelu\u015f Top\"}]},{\"@type\":\"WebSite\",\"@id\":\"https:\/\/sarptoys.com\/tr\/#website\",\"url\":\"https:\/\/sarptoys.com\/tr\/\",\"name\":\"Sarp Toys\",\"description\":\"\",\"publisher\":{\"@id\":\"https:\/\/sarptoys.com\/tr\/#organization\"},\"potentialAction\":[{\"@type\":\"SearchAction\",\"target\":{\"@type\":\"EntryPoint\",\"urlTemplate\":\"https:\/\/sarptoys.com\/tr\/?s={search_term_string}\"},\"query-input\":{\"@type\":\"PropertyValueSpecification\",\"valueRequired\":true,\"valueName\":\"search_term_string\"}}],\"inLanguage\":\"tr\"},{\"@type\":\"Organization\",\"@id\":\"https:\/\/sarptoys.com\/tr\/#organization\",\"name\":\"Sarp Toys\",\"url\":\"https:\/\/sarptoys.com\/tr\/\",\"logo\":{\"@type\":\"ImageObject\",\"inLanguage\":\"tr\",\"@id\":\"https:\/\/sarptoys.com\/tr\/#\/schema\/logo\/image\/\",\"url\":\"https:\/\/sarptoys.com\/wp-content\/uploads\/2024\/07\/cropped-Artboard-4.png\",\"contentUrl\":\"https:\/\/sarptoys.com\/wp-content\/uploads\/2024\/07\/cropped-Artboard-4.png\",\"width\":3461,\"height\":1062,\"caption\":\"Sarp Toys\"},\"image\":{\"@id\":\"https:\/\/sarptoys.com\/tr\/#\/schema\/logo\/image\/\"}}]}<\/script>\n<!-- \/ Yoast SEO plugin. -->","yoast_head_json":{"title":"Civciv Pelu\u015f Top -","robots":{"index":"index","follow":"follow","max-snippet":"max-snippet:-1","max-image-preview":"max-image-preview:large","max-video-preview":"max-video-preview:-1"},"canonical":"https:\/\/sarptoys.com\/tr\/urun\/civciv-pelus-top-2\/","og_locale":"tr_TR","og_type":"article","og_title":"Civciv Pelu\u015f Top -","og_description":"Evcil hayvanlar\u0131n\u0131z i\u00e7in m\u00fckemmel bir oyun arkada\u015f\u0131 olan bu pelu\u015f toplar, e\u011flence dolu anlar sunmak i\u00e7in tasarland\u0131! - Yumu\u015fak dokusu sayesinde hem kediler hem de k\u00f6pekler i\u00e7in g\u00fcvenli bir oyun deneyimi sa\u011flar. Hafif yap\u0131s\u0131, onlar\u0131n kolayca ta\u015f\u0131y\u0131p oynamas\u0131n\u0131 m\u00fcmk\u00fcn k\u0131lar. - Farkl\u0131 renk ve desenlerdeki pelu\u015f toplar, evcil hayvanlar\u0131n\u0131z\u0131n dikkatini \u00e7eker. G\u00f6z al\u0131c\u0131 tasar\u0131m\u0131, onlar\u0131n oyun saatlerine ne\u015fe katarken, ke\u015ffetme iste\u011fini art\u0131r\u0131r. - Bu pelu\u015f toplar, tek ba\u015f\u0131na oynanabilece\u011fi gibi sahipleriyle birlikte de e\u011flenceli oyunlar i\u00e7in idealdir. Evde ge\u00e7irece\u011finiz keyifli zamanlar i\u00e7in harika bir se\u00e7enektir! Evcil dostlar\u0131n\u0131za mutluluk katacak bu pelu\u015f toplar ile oyun saatlerini daha e\u011flenceli hale getirin!","og_url":"https:\/\/sarptoys.com\/tr\/urun\/civciv-pelus-top-2\/","article_modified_time":"2024-10-01T13:24:27+00:00","og_image":[{"width":1024,"height":1024,"url":"https:\/\/sarptoys.com\/wp-content\/uploads\/2024\/10\/IMG_0258-2-kopya-1024x1024.png","type":"image\/png"}],"twitter_card":"summary_large_image","twitter_misc":{"Tahmini okuma s\u00fcresi":"1 dakika"},"schema":{"@context":"https:\/\/schema.org","@graph":[{"@type":"WebPage","@id":"https:\/\/sarptoys.com\/urun\/civciv-pelus-top-2\/","url":"https:\/\/sarptoys.com\/urun\/civciv-pelus-top-2\/","name":"Civciv Pelu\u015f Top -","isPartOf":{"@id":"https:\/\/sarptoys.com\/tr\/#website"},"primaryImageOfPage":{"@id":"https:\/\/sarptoys.com\/urun\/civciv-pelus-top-2\/#primaryimage"},"image":{"@id":"https:\/\/sarptoys.com\/urun\/civciv-pelus-top-2\/#primaryimage"},"thumbnailUrl":"https:\/\/sarptoys.com\/wp-content\/uploads\/2024\/10\/IMG_0258-2-kopya.png","datePublished":"2024-10-01T13:24:16+00:00","dateModified":"2024-10-01T13:24:27+00:00","breadcrumb":{"@id":"https:\/\/sarptoys.com\/urun\/civciv-pelus-top-2\/#breadcrumb"},"inLanguage":"tr","potentialAction":[{"@type":"ReadAction","target":["https:\/\/sarptoys.com\/urun\/civciv-pelus-top-2\/"]}]},{"@type":"ImageObject","inLanguage":"tr","@id":"https:\/\/sarptoys.com\/urun\/civciv-pelus-top-2\/#primaryimage","url":"https:\/\/sarptoys.com\/wp-content\/uploads\/2024\/10\/IMG_0258-2-kopya.png","contentUrl":"https:\/\/sarptoys.com\/wp-content\/uploads\/2024\/10\/IMG_0258-2-kopya.png","width":1200,"height":1200},{"@type":"BreadcrumbList","@id":"https:\/\/sarptoys.com\/urun\/civciv-pelus-top-2\/#breadcrumb","itemListElement":[{"@type":"ListItem","position":1,"name":"Anasayfa","item":"https:\/\/sarptoys.com\/"},{"@type":"ListItem","position":2,"name":"Ma\u011faza","item":"https:\/\/sarptoys.com\/magaza-2\/"},{"@type":"ListItem","position":3,"name":"Civciv Pelu\u015f Top"}]},{"@type":"WebSite","@id":"https:\/\/sarptoys.com\/tr\/#website","url":"https:\/\/sarptoys.com\/tr\/","name":"Sarp Toys","description":"","publisher":{"@id":"https:\/\/sarptoys.com\/tr\/#organization"},"potentialAction":[{"@type":"SearchAction","target":{"@type":"EntryPoint","urlTemplate":"https:\/\/sarptoys.com\/tr\/?s={search_term_string}"},"query-input":{"@type":"PropertyValueSpecification","valueRequired":true,"valueName":"search_term_string"}}],"inLanguage":"tr"},{"@type":"Organization","@id":"https:\/\/sarptoys.com\/tr\/#organization","name":"Sarp Toys","url":"https:\/\/sarptoys.com\/tr\/","logo":{"@type":"ImageObject","inLanguage":"tr","@id":"https:\/\/sarptoys.com\/tr\/#\/schema\/logo\/image\/","url":"https:\/\/sarptoys.com\/wp-content\/uploads\/2024\/07\/cropped-Artboard-4.png","contentUrl":"https:\/\/sarptoys.com\/wp-content\/uploads\/2024\/07\/cropped-Artboard-4.png","width":3461,"height":1062,"caption":"Sarp Toys"},"image":{"@id":"https:\/\/sarptoys.com\/tr\/#\/schema\/logo\/image\/"}}]}},"brands":[{"id":175,"name":"Bell -Zil","slug":"bell-zil"}],"_links":{"self":[{"href":"https:\/\/sarptoys.com\/tr\/wp-json\/wp\/v2\/product\/6676","targetHints":{"allow":["GET"]}}],"collection":[{"href":"https:\/\/sarptoys.com\/tr\/wp-json\/wp\/v2\/product"}],"about":[{"href":"https:\/\/sarptoys.com\/tr\/wp-json\/wp\/v2\/types\/product"}],"replies":[{"embeddable":true,"href":"https:\/\/sarptoys.com\/tr\/wp-json\/wp\/v2\/comments?post=6676"}],"version-history":[{"count":0,"href":"https:\/\/sarptoys.com\/tr\/wp-json\/wp\/v2\/product\/6676\/revisions"}],"wp:featuredmedia":[{"embeddable":true,"href":"https:\/\/sarptoys.com\/tr\/wp-json\/wp\/v2\/media\/6611"}],"wp:attachment":[{"href":"https:\/\/sarptoys.com\/tr\/wp-json\/wp\/v2\/media?parent=6676"}],"wp:term":[{"taxonomy":"pwb-brand","embeddable":true,"href":"https:\/\/sarptoys.com\/tr\/wp-json\/wp\/v2\/pwb-brand?post=6676"},{"taxonomy":"product_brand","embeddable":true,"href":"https:\/\/sarptoys.com\/tr\/wp-json\/wp\/v2\/product_brand?post=6676"},{"taxonomy":"product_cat","embeddable":true,"href":"https:\/\/sarptoys.com\/tr\/wp-json\/wp\/v2\/product_cat?post=6676"},{"taxonomy":"product_tag","embeddable":true,"href":"https:\/\/sarptoys.com\/tr\/wp-json\/wp\/v2\/product_tag?post=6676"}],"curies":[{"name":"wp","href":"https:\/\/api.w.org\/{rel}","templated":true}]}}