{"id":6657,"date":"2024-10-01T16:16:37","date_gmt":"2024-10-01T13:16:37","guid":{"rendered":"https:\/\/sarptoys.com\/?post_type=product&#038;p=6657"},"modified":"2024-10-01T16:17:48","modified_gmt":"2024-10-01T13:17:48","slug":"kaplan-pelus-oyuncak","status":"publish","type":"product","link":"https:\/\/sarptoys.com\/tr\/urun\/kaplan-pelus-oyuncak\/","title":{"rendered":"Kaplan Pelu\u015f Oyuncak"},"content":{"rendered":"","protected":false},"excerpt":{"rendered":"<p>Dostlar\u0131n\u0131z\u0131n oyun saatlerine ne\u015fe katacak bu pelu\u015f hayvanlar, sevimli tasar\u0131mlar\u0131yla evinize s\u0131cakl\u0131k getirecek!<br \/>\n&#8211; Y\u00fcksek kaliteli pelu\u015f malzeme, kedilerinizin ve k\u00f6peklerinizin rahat\u00e7a sar\u0131labilece\u011fi yumu\u015fak bir dokunu\u015f sunar.<br \/>\n&#8211; Bu pelu\u015f hayvanlar, hafif yap\u0131lar\u0131 sayesinde kolayca ta\u015f\u0131nabilir. Seyahatlerde veya d\u0131\u015far\u0131da oyun saatlerinde yan\u0131n\u0131za alabilirsiniz.<br \/>\n&#8211; Her bir pelu\u015f hayvan, kedinizin veya k\u00f6pe\u011finizin en sevdi\u011fi oyun arkada\u015f\u0131 olabilir.<br \/>\nKedinizin veya k\u00f6pe\u011finizin en sevdiklerinden biri olacak bu pelu\u015f hayvanlarla, e\u011flenceli oyun saatleri ya\u015fat\u0131n!<\/p>\n","protected":false},"featured_media":6658,"comment_status":"closed","ping_status":"closed","template":"","meta":{"site-sidebar-layout":"default","site-content-layout":"","ast-site-content-layout":"default","site-content-style":"default","site-sidebar-style":"default","ast-global-header-display":"","ast-banner-title-visibility":"","ast-main-header-display":"","ast-hfb-above-header-display":"","ast-hfb-below-header-display":"","ast-hfb-mobile-header-display":"","site-post-title":"","ast-breadcrumbs-content":"","ast-featured-img":"","footer-sml-layout":"","theme-transparent-header-meta":"default","adv-header-id-meta":"","stick-header-meta":"","header-above-stick-meta":"","header-main-stick-meta":"","header-below-stick-meta":"","astra-migrate-meta-layouts":"set","ast-page-background-enabled":"default","ast-page-background-meta":{"desktop":{"background-color":"var(--ast-global-color-4)","background-image":"","background-repeat":"repeat","background-position":"center center","background-size":"auto","background-attachment":"scroll","background-type":"","background-media":"","overlay-type":"","overlay-color":"","overlay-opacity":"","overlay-gradient":""},"tablet":{"background-color":"","background-image":"","background-repeat":"repeat","background-position":"center center","background-size":"auto","background-attachment":"scroll","background-type":"","background-media":"","overlay-type":"","overlay-color":"","overlay-opacity":"","overlay-gradient":""},"mobile":{"background-color":"","background-image":"","background-repeat":"repeat","background-position":"center center","background-size":"auto","background-attachment":"scroll","background-type":"","background-media":"","overlay-type":"","overlay-color":"","overlay-opacity":"","overlay-gradient":""}},"ast-content-background-meta":{"desktop":{"background-color":"var(--ast-global-color-5)","background-image":"","background-repeat":"repeat","background-position":"center center","background-size":"auto","background-attachment":"scroll","background-type":"","background-media":"","overlay-type":"","overlay-color":"","overlay-opacity":"","overlay-gradient":""},"tablet":{"background-color":"var(--ast-global-color-5)","background-image":"","background-repeat":"repeat","background-position":"center center","background-size":"auto","background-attachment":"scroll","background-type":"","background-media":"","overlay-type":"","overlay-color":"","overlay-opacity":"","overlay-gradient":""},"mobile":{"background-color":"var(--ast-global-color-5)","background-image":"","background-repeat":"repeat","background-position":"center center","background-size":"auto","background-attachment":"scroll","background-type":"","background-media":"","overlay-type":"","overlay-color":"","overlay-opacity":"","overlay-gradient":""}}},"pwb-brand":[177],"product_brand":[],"product_cat":[193,194,184],"product_tag":[],"class_list":{"0":"post-6657","1":"product","2":"type-product","3":"status-publish","4":"has-post-thumbnail","6":"pwb-brand-squeak-vikvrik","7":"product_cat-oyun-ve-eglence","8":"product_cat-pelus-oyuncaklar","9":"product_cat-pookie","10":"desktop-align-left","11":"tablet-align-left","12":"mobile-align-left","14":"first","15":"instock","16":"virtual","17":"taxable","18":"product-type-simple"},"yoast_head":"<!-- This site is optimized with the Yoast SEO plugin v26.8 - https:\/\/yoast.com\/product\/yoast-seo-wordpress\/ -->\n<title>Kaplan Pelu\u015f Oyuncak -<\/title>\n<meta name=\"robots\" content=\"index, follow, max-snippet:-1, max-image-preview:large, max-video-preview:-1\" \/>\n<link rel=\"canonical\" href=\"https:\/\/sarptoys.com\/tr\/urun\/kaplan-pelus-oyuncak\/\" \/>\n<meta property=\"og:locale\" content=\"tr_TR\" \/>\n<meta property=\"og:type\" content=\"article\" \/>\n<meta property=\"og:title\" content=\"Kaplan Pelu\u015f Oyuncak -\" \/>\n<meta property=\"og:description\" content=\"Dostlar\u0131n\u0131z\u0131n oyun saatlerine ne\u015fe katacak bu pelu\u015f hayvanlar, sevimli tasar\u0131mlar\u0131yla evinize s\u0131cakl\u0131k getirecek! - Y\u00fcksek kaliteli pelu\u015f malzeme, kedilerinizin ve k\u00f6peklerinizin rahat\u00e7a sar\u0131labilece\u011fi yumu\u015fak bir dokunu\u015f sunar. - Bu pelu\u015f hayvanlar, hafif yap\u0131lar\u0131 sayesinde kolayca ta\u015f\u0131nabilir. Seyahatlerde veya d\u0131\u015far\u0131da oyun saatlerinde yan\u0131n\u0131za alabilirsiniz. - Her bir pelu\u015f hayvan, kedinizin veya k\u00f6pe\u011finizin en sevdi\u011fi oyun arkada\u015f\u0131 olabilir.  Kedinizin veya k\u00f6pe\u011finizin en sevdiklerinden biri olacak bu pelu\u015f hayvanlarla, e\u011flenceli oyun saatleri ya\u015fat\u0131n!\" \/>\n<meta property=\"og:url\" content=\"https:\/\/sarptoys.com\/tr\/urun\/kaplan-pelus-oyuncak\/\" \/>\n<meta property=\"article:modified_time\" content=\"2024-10-01T13:17:48+00:00\" \/>\n<meta property=\"og:image\" content=\"https:\/\/sarptoys.com\/wp-content\/uploads\/2024\/10\/IMG_0275-kopya-1024x1024.png\" \/>\n\t<meta property=\"og:image:width\" content=\"1024\" \/>\n\t<meta property=\"og:image:height\" content=\"1024\" \/>\n\t<meta property=\"og:image:type\" content=\"image\/png\" \/>\n<meta name=\"twitter:card\" content=\"summary_large_image\" \/>\n<meta name=\"twitter:label1\" content=\"Tahmini okuma s\u00fcresi\" \/>\n\t<meta name=\"twitter:data1\" content=\"1 dakika\" \/>\n<script type=\"application\/ld+json\" class=\"yoast-schema-graph\">{\"@context\":\"https:\/\/schema.org\",\"@graph\":[{\"@type\":\"WebPage\",\"@id\":\"https:\/\/sarptoys.com\/urun\/kaplan-pelus-oyuncak\/\",\"url\":\"https:\/\/sarptoys.com\/urun\/kaplan-pelus-oyuncak\/\",\"name\":\"Kaplan Pelu\u015f Oyuncak -\",\"isPartOf\":{\"@id\":\"https:\/\/sarptoys.com\/tr\/#website\"},\"primaryImageOfPage\":{\"@id\":\"https:\/\/sarptoys.com\/urun\/kaplan-pelus-oyuncak\/#primaryimage\"},\"image\":{\"@id\":\"https:\/\/sarptoys.com\/urun\/kaplan-pelus-oyuncak\/#primaryimage\"},\"thumbnailUrl\":\"https:\/\/sarptoys.com\/wp-content\/uploads\/2024\/10\/IMG_0275-kopya.png\",\"datePublished\":\"2024-10-01T13:16:37+00:00\",\"dateModified\":\"2024-10-01T13:17:48+00:00\",\"breadcrumb\":{\"@id\":\"https:\/\/sarptoys.com\/urun\/kaplan-pelus-oyuncak\/#breadcrumb\"},\"inLanguage\":\"tr\",\"potentialAction\":[{\"@type\":\"ReadAction\",\"target\":[\"https:\/\/sarptoys.com\/urun\/kaplan-pelus-oyuncak\/\"]}]},{\"@type\":\"ImageObject\",\"inLanguage\":\"tr\",\"@id\":\"https:\/\/sarptoys.com\/urun\/kaplan-pelus-oyuncak\/#primaryimage\",\"url\":\"https:\/\/sarptoys.com\/wp-content\/uploads\/2024\/10\/IMG_0275-kopya.png\",\"contentUrl\":\"https:\/\/sarptoys.com\/wp-content\/uploads\/2024\/10\/IMG_0275-kopya.png\",\"width\":1200,\"height\":1200},{\"@type\":\"BreadcrumbList\",\"@id\":\"https:\/\/sarptoys.com\/urun\/kaplan-pelus-oyuncak\/#breadcrumb\",\"itemListElement\":[{\"@type\":\"ListItem\",\"position\":1,\"name\":\"Anasayfa\",\"item\":\"https:\/\/sarptoys.com\/\"},{\"@type\":\"ListItem\",\"position\":2,\"name\":\"Ma\u011faza\",\"item\":\"https:\/\/sarptoys.com\/magaza-2\/\"},{\"@type\":\"ListItem\",\"position\":3,\"name\":\"Kaplan Pelu\u015f Oyuncak\"}]},{\"@type\":\"WebSite\",\"@id\":\"https:\/\/sarptoys.com\/tr\/#website\",\"url\":\"https:\/\/sarptoys.com\/tr\/\",\"name\":\"Sarp Toys\",\"description\":\"\",\"publisher\":{\"@id\":\"https:\/\/sarptoys.com\/tr\/#organization\"},\"potentialAction\":[{\"@type\":\"SearchAction\",\"target\":{\"@type\":\"EntryPoint\",\"urlTemplate\":\"https:\/\/sarptoys.com\/tr\/?s={search_term_string}\"},\"query-input\":{\"@type\":\"PropertyValueSpecification\",\"valueRequired\":true,\"valueName\":\"search_term_string\"}}],\"inLanguage\":\"tr\"},{\"@type\":\"Organization\",\"@id\":\"https:\/\/sarptoys.com\/tr\/#organization\",\"name\":\"Sarp Toys\",\"url\":\"https:\/\/sarptoys.com\/tr\/\",\"logo\":{\"@type\":\"ImageObject\",\"inLanguage\":\"tr\",\"@id\":\"https:\/\/sarptoys.com\/tr\/#\/schema\/logo\/image\/\",\"url\":\"https:\/\/sarptoys.com\/wp-content\/uploads\/2024\/07\/cropped-Artboard-4.png\",\"contentUrl\":\"https:\/\/sarptoys.com\/wp-content\/uploads\/2024\/07\/cropped-Artboard-4.png\",\"width\":3461,\"height\":1062,\"caption\":\"Sarp Toys\"},\"image\":{\"@id\":\"https:\/\/sarptoys.com\/tr\/#\/schema\/logo\/image\/\"}}]}<\/script>\n<!-- \/ Yoast SEO plugin. -->","yoast_head_json":{"title":"Kaplan Pelu\u015f Oyuncak -","robots":{"index":"index","follow":"follow","max-snippet":"max-snippet:-1","max-image-preview":"max-image-preview:large","max-video-preview":"max-video-preview:-1"},"canonical":"https:\/\/sarptoys.com\/tr\/urun\/kaplan-pelus-oyuncak\/","og_locale":"tr_TR","og_type":"article","og_title":"Kaplan Pelu\u015f Oyuncak -","og_description":"Dostlar\u0131n\u0131z\u0131n oyun saatlerine ne\u015fe katacak bu pelu\u015f hayvanlar, sevimli tasar\u0131mlar\u0131yla evinize s\u0131cakl\u0131k getirecek! - Y\u00fcksek kaliteli pelu\u015f malzeme, kedilerinizin ve k\u00f6peklerinizin rahat\u00e7a sar\u0131labilece\u011fi yumu\u015fak bir dokunu\u015f sunar. - Bu pelu\u015f hayvanlar, hafif yap\u0131lar\u0131 sayesinde kolayca ta\u015f\u0131nabilir. Seyahatlerde veya d\u0131\u015far\u0131da oyun saatlerinde yan\u0131n\u0131za alabilirsiniz. - Her bir pelu\u015f hayvan, kedinizin veya k\u00f6pe\u011finizin en sevdi\u011fi oyun arkada\u015f\u0131 olabilir.  Kedinizin veya k\u00f6pe\u011finizin en sevdiklerinden biri olacak bu pelu\u015f hayvanlarla, e\u011flenceli oyun saatleri ya\u015fat\u0131n!","og_url":"https:\/\/sarptoys.com\/tr\/urun\/kaplan-pelus-oyuncak\/","article_modified_time":"2024-10-01T13:17:48+00:00","og_image":[{"width":1024,"height":1024,"url":"https:\/\/sarptoys.com\/wp-content\/uploads\/2024\/10\/IMG_0275-kopya-1024x1024.png","type":"image\/png"}],"twitter_card":"summary_large_image","twitter_misc":{"Tahmini okuma s\u00fcresi":"1 dakika"},"schema":{"@context":"https:\/\/schema.org","@graph":[{"@type":"WebPage","@id":"https:\/\/sarptoys.com\/urun\/kaplan-pelus-oyuncak\/","url":"https:\/\/sarptoys.com\/urun\/kaplan-pelus-oyuncak\/","name":"Kaplan Pelu\u015f Oyuncak -","isPartOf":{"@id":"https:\/\/sarptoys.com\/tr\/#website"},"primaryImageOfPage":{"@id":"https:\/\/sarptoys.com\/urun\/kaplan-pelus-oyuncak\/#primaryimage"},"image":{"@id":"https:\/\/sarptoys.com\/urun\/kaplan-pelus-oyuncak\/#primaryimage"},"thumbnailUrl":"https:\/\/sarptoys.com\/wp-content\/uploads\/2024\/10\/IMG_0275-kopya.png","datePublished":"2024-10-01T13:16:37+00:00","dateModified":"2024-10-01T13:17:48+00:00","breadcrumb":{"@id":"https:\/\/sarptoys.com\/urun\/kaplan-pelus-oyuncak\/#breadcrumb"},"inLanguage":"tr","potentialAction":[{"@type":"ReadAction","target":["https:\/\/sarptoys.com\/urun\/kaplan-pelus-oyuncak\/"]}]},{"@type":"ImageObject","inLanguage":"tr","@id":"https:\/\/sarptoys.com\/urun\/kaplan-pelus-oyuncak\/#primaryimage","url":"https:\/\/sarptoys.com\/wp-content\/uploads\/2024\/10\/IMG_0275-kopya.png","contentUrl":"https:\/\/sarptoys.com\/wp-content\/uploads\/2024\/10\/IMG_0275-kopya.png","width":1200,"height":1200},{"@type":"BreadcrumbList","@id":"https:\/\/sarptoys.com\/urun\/kaplan-pelus-oyuncak\/#breadcrumb","itemListElement":[{"@type":"ListItem","position":1,"name":"Anasayfa","item":"https:\/\/sarptoys.com\/"},{"@type":"ListItem","position":2,"name":"Ma\u011faza","item":"https:\/\/sarptoys.com\/magaza-2\/"},{"@type":"ListItem","position":3,"name":"Kaplan Pelu\u015f Oyuncak"}]},{"@type":"WebSite","@id":"https:\/\/sarptoys.com\/tr\/#website","url":"https:\/\/sarptoys.com\/tr\/","name":"Sarp Toys","description":"","publisher":{"@id":"https:\/\/sarptoys.com\/tr\/#organization"},"potentialAction":[{"@type":"SearchAction","target":{"@type":"EntryPoint","urlTemplate":"https:\/\/sarptoys.com\/tr\/?s={search_term_string}"},"query-input":{"@type":"PropertyValueSpecification","valueRequired":true,"valueName":"search_term_string"}}],"inLanguage":"tr"},{"@type":"Organization","@id":"https:\/\/sarptoys.com\/tr\/#organization","name":"Sarp Toys","url":"https:\/\/sarptoys.com\/tr\/","logo":{"@type":"ImageObject","inLanguage":"tr","@id":"https:\/\/sarptoys.com\/tr\/#\/schema\/logo\/image\/","url":"https:\/\/sarptoys.com\/wp-content\/uploads\/2024\/07\/cropped-Artboard-4.png","contentUrl":"https:\/\/sarptoys.com\/wp-content\/uploads\/2024\/07\/cropped-Artboard-4.png","width":3461,"height":1062,"caption":"Sarp Toys"},"image":{"@id":"https:\/\/sarptoys.com\/tr\/#\/schema\/logo\/image\/"}}]}},"brands":[{"id":177,"name":"Squeak - Vikvrik","slug":"squeak-vikvrik"}],"_links":{"self":[{"href":"https:\/\/sarptoys.com\/tr\/wp-json\/wp\/v2\/product\/6657","targetHints":{"allow":["GET"]}}],"collection":[{"href":"https:\/\/sarptoys.com\/tr\/wp-json\/wp\/v2\/product"}],"about":[{"href":"https:\/\/sarptoys.com\/tr\/wp-json\/wp\/v2\/types\/product"}],"replies":[{"embeddable":true,"href":"https:\/\/sarptoys.com\/tr\/wp-json\/wp\/v2\/comments?post=6657"}],"version-history":[{"count":0,"href":"https:\/\/sarptoys.com\/tr\/wp-json\/wp\/v2\/product\/6657\/revisions"}],"wp:featuredmedia":[{"embeddable":true,"href":"https:\/\/sarptoys.com\/tr\/wp-json\/wp\/v2\/media\/6658"}],"wp:attachment":[{"href":"https:\/\/sarptoys.com\/tr\/wp-json\/wp\/v2\/media?parent=6657"}],"wp:term":[{"taxonomy":"pwb-brand","embeddable":true,"href":"https:\/\/sarptoys.com\/tr\/wp-json\/wp\/v2\/pwb-brand?post=6657"},{"taxonomy":"product_brand","embeddable":true,"href":"https:\/\/sarptoys.com\/tr\/wp-json\/wp\/v2\/product_brand?post=6657"},{"taxonomy":"product_cat","embeddable":true,"href":"https:\/\/sarptoys.com\/tr\/wp-json\/wp\/v2\/product_cat?post=6657"},{"taxonomy":"product_tag","embeddable":true,"href":"https:\/\/sarptoys.com\/tr\/wp-json\/wp\/v2\/product_tag?post=6657"}],"curies":[{"name":"wp","href":"https:\/\/api.w.org\/{rel}","templated":true}]}}